{"id":720,"date":"2020-07-04T07:27:24","date_gmt":"2020-07-04T07:27:24","guid":{"rendered":"https:\/\/www.dakarconfort.com\/?post_type=product&#038;p=720"},"modified":"2025-10-16T19:48:12","modified_gmt":"2025-10-16T19:48:12","slug":"oreillers-memoire-de-forme","status":"publish","type":"product","link":"https:\/\/abidjanconfort.com\/?product=oreillers-memoire-de-forme","title":{"rendered":"Oreillers \u00e0 M\u00e9moire de Forme"},"content":{"rendered":"<p>Dimensions<br \/>\n 44cm*72cm*14cm<\/p>\n<p>Rev\u00eatement<br \/>\nCoton 100%<\/p>\n<p>Remplissage<br \/>\nMousse \u00e0 M\u00e9moire de Forme<\/p>\n","protected":false},"excerpt":{"rendered":"<p>L&rsquo;oreiller \u00e0 m\u00e9moire de forme vous offre un grand confort et soulage la pression sur les disques intervert\u00e9braux du cou, en alignant la colonne cervicale et r\u00e9partissant le poids uniform\u00e9ment.<br \/>\nCe qui aura pour effet de diminuer la pression au cou, au dos et aux \u00e9paules, suite \u00e0 une longue journ\u00e9e de travail.<\/p>\n<p>Maintien les voies respiratoires align\u00e9es et sans restriction pour att\u00e9nuer le ronflement.<\/p>\n<p>Le stress et la pression art\u00e9rielle diminuent, les dommages cellulaires sont r\u00e9par\u00e9s. Les facteurs de risque de maladie, d&rsquo;ob\u00e9sit\u00e9 et de d\u00e9pression peuvent \u00eatre r\u00e9duits. L&rsquo;humeur, la m\u00e9moire et la concentration sont am\u00e9lior\u00e9es.<\/p>\n<p>Dimension<br \/>\n 44*72*14<\/p>\n<p>Rev\u00eatement<br \/>\nCoton 100%<\/p>\n<p>*Prix de l&rsquo;unit\u00e9<\/p>\n","protected":false},"featured_media":721,"template":"","meta":[],"product_brand":[],"product_cat":[134],"product_tag":[],"class_list":{"0":"post-720","1":"product","2":"type-product","3":"status-publish","4":"has-post-thumbnail","6":"product_cat-accessoires-literie","8":"first","9":"instock","10":"sale","11":"shipping-taxable","12":"purchasable","13":"product-type-simple"},"yoast_head":"<!-- This site is optimized with the Yoast SEO plugin v27.5 - https:\/\/yoast.com\/product\/yoast-seo-wordpress\/ -->\n<title>Oreillers \u00e0 M\u00e9moire de Forme - abidjan confort<\/title>\n<meta name=\"robots\" content=\"index, follow, max-snippet:-1, max-image-preview:large, max-video-preview:-1\" \/>\n<link rel=\"canonical\" href=\"https:\/\/abidjanconfort.com\/?product=oreillers-memoire-de-forme\" \/>\n<meta property=\"og:locale\" content=\"fr_FR\" \/>\n<meta property=\"og:type\" content=\"article\" \/>\n<meta property=\"og:title\" content=\"Oreillers \u00e0 M\u00e9moire de Forme - abidjan confort\" \/>\n<meta property=\"og:description\" content=\"L&#039;oreiller \u00e0 m\u00e9moire de forme vous offre un grand confort et soulage la pression sur les disques intervert\u00e9braux du cou, en alignant la colonne cervicale et r\u00e9partissant le poids uniform\u00e9ment.  Ce qui aura pour effet de diminuer la pression au cou, au dos et aux \u00e9paules, suite \u00e0 une longue journ\u00e9e de travail.  Maintien les voies respiratoires align\u00e9es et sans restriction pour att\u00e9nuer le ronflement.  Le stress et la pression art\u00e9rielle diminuent, les dommages cellulaires sont r\u00e9par\u00e9s. Les facteurs de risque de maladie, d&#039;ob\u00e9sit\u00e9 et de d\u00e9pression peuvent \u00eatre r\u00e9duits. L&#039;humeur, la m\u00e9moire et la concentration sont am\u00e9lior\u00e9es.  Dimension  44*72*14  Rev\u00eatement  Coton 100%   *Prix de l&#039;unit\u00e9\" \/>\n<meta property=\"og:url\" content=\"https:\/\/abidjanconfort.com\/?product=oreillers-memoire-de-forme\" \/>\n<meta property=\"og:site_name\" content=\"abidjan confort\" \/>\n<meta property=\"article:modified_time\" content=\"2025-10-16T19:48:12+00:00\" \/>\n<meta property=\"og:image\" content=\"https:\/\/abidjanconfort.com\/wp-content\/uploads\/2020\/07\/oreiller-airyform.jpg\" \/>\n\t<meta property=\"og:image:width\" content=\"784\" \/>\n\t<meta property=\"og:image:height\" content=\"482\" \/>\n\t<meta property=\"og:image:type\" content=\"image\/jpeg\" \/>\n<script type=\"application\/ld+json\" class=\"yoast-schema-graph\">{\"@context\":\"https:\\\/\\\/schema.org\",\"@graph\":[{\"@type\":\"WebPage\",\"@id\":\"https:\\\/\\\/abidjanconfort.com\\\/?product=oreillers-memoire-de-forme\",\"url\":\"https:\\\/\\\/abidjanconfort.com\\\/?product=oreillers-memoire-de-forme\",\"name\":\"Oreillers \u00e0 M\u00e9moire de Forme - abidjan confort\",\"isPartOf\":{\"@id\":\"https:\\\/\\\/abidjanconfort.com\\\/#website\"},\"primaryImageOfPage\":{\"@id\":\"https:\\\/\\\/abidjanconfort.com\\\/?product=oreillers-memoire-de-forme#primaryimage\"},\"image\":{\"@id\":\"https:\\\/\\\/abidjanconfort.com\\\/?product=oreillers-memoire-de-forme#primaryimage\"},\"thumbnailUrl\":\"https:\\\/\\\/abidjanconfort.com\\\/wp-content\\\/uploads\\\/2020\\\/07\\\/oreiller-airyform.jpg\",\"datePublished\":\"2020-07-04T07:27:24+00:00\",\"dateModified\":\"2025-10-16T19:48:12+00:00\",\"breadcrumb\":{\"@id\":\"https:\\\/\\\/abidjanconfort.com\\\/?product=oreillers-memoire-de-forme#breadcrumb\"},\"inLanguage\":\"fr-FR\",\"potentialAction\":[{\"@type\":\"ReadAction\",\"target\":[\"https:\\\/\\\/abidjanconfort.com\\\/?product=oreillers-memoire-de-forme\"]}]},{\"@type\":\"ImageObject\",\"inLanguage\":\"fr-FR\",\"@id\":\"https:\\\/\\\/abidjanconfort.com\\\/?product=oreillers-memoire-de-forme#primaryimage\",\"url\":\"https:\\\/\\\/abidjanconfort.com\\\/wp-content\\\/uploads\\\/2020\\\/07\\\/oreiller-airyform.jpg\",\"contentUrl\":\"https:\\\/\\\/abidjanconfort.com\\\/wp-content\\\/uploads\\\/2020\\\/07\\\/oreiller-airyform.jpg\",\"width\":784,\"height\":482,\"caption\":\"M\u00e9moire de Forme\"},{\"@type\":\"BreadcrumbList\",\"@id\":\"https:\\\/\\\/abidjanconfort.com\\\/?product=oreillers-memoire-de-forme#breadcrumb\",\"itemListElement\":[{\"@type\":\"ListItem\",\"position\":1,\"name\":\"Accueil\",\"item\":\"https:\\\/\\\/abidjanconfort.com\\\/\"},{\"@type\":\"ListItem\",\"position\":2,\"name\":\"Boutique\",\"item\":\"https:\\\/\\\/abidjanconfort.com\\\/?page_id=93\"},{\"@type\":\"ListItem\",\"position\":3,\"name\":\"Oreillers \u00e0 M\u00e9moire de Forme\"}]},{\"@type\":\"WebSite\",\"@id\":\"https:\\\/\\\/abidjanconfort.com\\\/#website\",\"url\":\"https:\\\/\\\/abidjanconfort.com\\\/\",\"name\":\"EMMA MATELAS\",\"description\":\"\",\"publisher\":{\"@id\":\"https:\\\/\\\/abidjanconfort.com\\\/#organization\"},\"potentialAction\":[{\"@type\":\"SearchAction\",\"target\":{\"@type\":\"EntryPoint\",\"urlTemplate\":\"https:\\\/\\\/abidjanconfort.com\\\/?s={search_term_string}\"},\"query-input\":{\"@type\":\"PropertyValueSpecification\",\"valueRequired\":true,\"valueName\":\"search_term_string\"}}],\"inLanguage\":\"fr-FR\"},{\"@type\":\"Organization\",\"@id\":\"https:\\\/\\\/abidjanconfort.com\\\/#organization\",\"name\":\"EMMA MATELAS\",\"url\":\"https:\\\/\\\/abidjanconfort.com\\\/\",\"logo\":{\"@type\":\"ImageObject\",\"inLanguage\":\"fr-FR\",\"@id\":\"https:\\\/\\\/abidjanconfort.com\\\/#\\\/schema\\\/logo\\\/image\\\/\",\"url\":\"https:\\\/\\\/abidjanconfort.com\\\/wp-content\\\/uploads\\\/2014\\\/08\\\/cropped-soft-1.jpg\",\"contentUrl\":\"https:\\\/\\\/abidjanconfort.com\\\/wp-content\\\/uploads\\\/2014\\\/08\\\/cropped-soft-1.jpg\",\"width\":512,\"height\":512,\"caption\":\"EMMA MATELAS\"},\"image\":{\"@id\":\"https:\\\/\\\/abidjanconfort.com\\\/#\\\/schema\\\/logo\\\/image\\\/\"}}]}<\/script>\n<!-- \/ Yoast SEO plugin. -->","yoast_head_json":{"title":"Oreillers \u00e0 M\u00e9moire de Forme - abidjan confort","robots":{"index":"index","follow":"follow","max-snippet":"max-snippet:-1","max-image-preview":"max-image-preview:large","max-video-preview":"max-video-preview:-1"},"canonical":"https:\/\/abidjanconfort.com\/?product=oreillers-memoire-de-forme","og_locale":"fr_FR","og_type":"article","og_title":"Oreillers \u00e0 M\u00e9moire de Forme - abidjan confort","og_description":"L'oreiller \u00e0 m\u00e9moire de forme vous offre un grand confort et soulage la pression sur les disques intervert\u00e9braux du cou, en alignant la colonne cervicale et r\u00e9partissant le poids uniform\u00e9ment.  Ce qui aura pour effet de diminuer la pression au cou, au dos et aux \u00e9paules, suite \u00e0 une longue journ\u00e9e de travail.  Maintien les voies respiratoires align\u00e9es et sans restriction pour att\u00e9nuer le ronflement.  Le stress et la pression art\u00e9rielle diminuent, les dommages cellulaires sont r\u00e9par\u00e9s. Les facteurs de risque de maladie, d'ob\u00e9sit\u00e9 et de d\u00e9pression peuvent \u00eatre r\u00e9duits. L'humeur, la m\u00e9moire et la concentration sont am\u00e9lior\u00e9es.  Dimension  44*72*14  Rev\u00eatement  Coton 100%   *Prix de l'unit\u00e9","og_url":"https:\/\/abidjanconfort.com\/?product=oreillers-memoire-de-forme","og_site_name":"abidjan confort","article_modified_time":"2025-10-16T19:48:12+00:00","og_image":[{"width":784,"height":482,"url":"https:\/\/abidjanconfort.com\/wp-content\/uploads\/2020\/07\/oreiller-airyform.jpg","type":"image\/jpeg"}],"schema":{"@context":"https:\/\/schema.org","@graph":[{"@type":"WebPage","@id":"https:\/\/abidjanconfort.com\/?product=oreillers-memoire-de-forme","url":"https:\/\/abidjanconfort.com\/?product=oreillers-memoire-de-forme","name":"Oreillers \u00e0 M\u00e9moire de Forme - abidjan confort","isPartOf":{"@id":"https:\/\/abidjanconfort.com\/#website"},"primaryImageOfPage":{"@id":"https:\/\/abidjanconfort.com\/?product=oreillers-memoire-de-forme#primaryimage"},"image":{"@id":"https:\/\/abidjanconfort.com\/?product=oreillers-memoire-de-forme#primaryimage"},"thumbnailUrl":"https:\/\/abidjanconfort.com\/wp-content\/uploads\/2020\/07\/oreiller-airyform.jpg","datePublished":"2020-07-04T07:27:24+00:00","dateModified":"2025-10-16T19:48:12+00:00","breadcrumb":{"@id":"https:\/\/abidjanconfort.com\/?product=oreillers-memoire-de-forme#breadcrumb"},"inLanguage":"fr-FR","potentialAction":[{"@type":"ReadAction","target":["https:\/\/abidjanconfort.com\/?product=oreillers-memoire-de-forme"]}]},{"@type":"ImageObject","inLanguage":"fr-FR","@id":"https:\/\/abidjanconfort.com\/?product=oreillers-memoire-de-forme#primaryimage","url":"https:\/\/abidjanconfort.com\/wp-content\/uploads\/2020\/07\/oreiller-airyform.jpg","contentUrl":"https:\/\/abidjanconfort.com\/wp-content\/uploads\/2020\/07\/oreiller-airyform.jpg","width":784,"height":482,"caption":"M\u00e9moire de Forme"},{"@type":"BreadcrumbList","@id":"https:\/\/abidjanconfort.com\/?product=oreillers-memoire-de-forme#breadcrumb","itemListElement":[{"@type":"ListItem","position":1,"name":"Accueil","item":"https:\/\/abidjanconfort.com\/"},{"@type":"ListItem","position":2,"name":"Boutique","item":"https:\/\/abidjanconfort.com\/?page_id=93"},{"@type":"ListItem","position":3,"name":"Oreillers \u00e0 M\u00e9moire de Forme"}]},{"@type":"WebSite","@id":"https:\/\/abidjanconfort.com\/#website","url":"https:\/\/abidjanconfort.com\/","name":"EMMA MATELAS","description":"","publisher":{"@id":"https:\/\/abidjanconfort.com\/#organization"},"potentialAction":[{"@type":"SearchAction","target":{"@type":"EntryPoint","urlTemplate":"https:\/\/abidjanconfort.com\/?s={search_term_string}"},"query-input":{"@type":"PropertyValueSpecification","valueRequired":true,"valueName":"search_term_string"}}],"inLanguage":"fr-FR"},{"@type":"Organization","@id":"https:\/\/abidjanconfort.com\/#organization","name":"EMMA MATELAS","url":"https:\/\/abidjanconfort.com\/","logo":{"@type":"ImageObject","inLanguage":"fr-FR","@id":"https:\/\/abidjanconfort.com\/#\/schema\/logo\/image\/","url":"https:\/\/abidjanconfort.com\/wp-content\/uploads\/2014\/08\/cropped-soft-1.jpg","contentUrl":"https:\/\/abidjanconfort.com\/wp-content\/uploads\/2014\/08\/cropped-soft-1.jpg","width":512,"height":512,"caption":"EMMA MATELAS"},"image":{"@id":"https:\/\/abidjanconfort.com\/#\/schema\/logo\/image\/"}}]}},"_links":{"self":[{"href":"https:\/\/abidjanconfort.com\/index.php?rest_route=\/wp\/v2\/product\/720","targetHints":{"allow":["GET"]}}],"collection":[{"href":"https:\/\/abidjanconfort.com\/index.php?rest_route=\/wp\/v2\/product"}],"about":[{"href":"https:\/\/abidjanconfort.com\/index.php?rest_route=\/wp\/v2\/types\/product"}],"wp:featuredmedia":[{"embeddable":true,"href":"https:\/\/abidjanconfort.com\/index.php?rest_route=\/wp\/v2\/media\/721"}],"wp:attachment":[{"href":"https:\/\/abidjanconfort.com\/index.php?rest_route=%2Fwp%2Fv2%2Fmedia&parent=720"}],"wp:term":[{"taxonomy":"product_brand","embeddable":true,"href":"https:\/\/abidjanconfort.com\/index.php?rest_route=%2Fwp%2Fv2%2Fproduct_brand&post=720"},{"taxonomy":"product_cat","embeddable":true,"href":"https:\/\/abidjanconfort.com\/index.php?rest_route=%2Fwp%2Fv2%2Fproduct_cat&post=720"},{"taxonomy":"product_tag","embeddable":true,"href":"https:\/\/abidjanconfort.com\/index.php?rest_route=%2Fwp%2Fv2%2Fproduct_tag&post=720"}],"curies":[{"name":"wp","href":"https:\/\/api.w.org\/{rel}","templated":true}]}}