{"id":716,"date":"2020-06-23T21:29:19","date_gmt":"2020-06-23T21:29:19","guid":{"rendered":"https:\/\/www.dakarconfort.com\/?post_type=product&#038;p=716"},"modified":"2025-10-04T10:58:11","modified_gmt":"2025-10-04T10:58:11","slug":"oreillers","status":"publish","type":"product","link":"https:\/\/abidjanconfort.com\/?product=oreillers","title":{"rendered":"Oreillers Confort hypoallerg\u00e9niques"},"content":{"rendered":"<p>Dimensions<br \/>\n 50cm*70cm<\/p>\n<p>Rev\u00eatement<br \/>\nCoton 100%<\/p>\n<p>Remplissage<br \/>\nFibre Silicon\u00e9es<\/p>\n","protected":false},"excerpt":{"rendered":"<p>Un confort encore plus doux, qui soit hypoallerg\u00e9nique antiacarien.<\/p>\n<p>Cet Oreiller va all\u00e9ger la pression sur vos cervicales tout en vous offrant un grand confort.<\/p>\n<p>Dimensions<br \/>\n 50cm*70cm<\/p>\n<p>Rev\u00eatement<br \/>\nCoton 100%<\/p>\n<p>Remplissage<br \/>\nFibre Silicon\u00e9es<\/p>\n<p>*Prix offert de l&rsquo;oreiller \u00e0 l&rsquo;unit\u00e9<\/p>\n","protected":false},"featured_media":1589,"template":"","meta":[],"product_brand":[],"product_cat":[134],"product_tag":[],"class_list":{"0":"post-716","1":"product","2":"type-product","3":"status-publish","4":"has-post-thumbnail","6":"product_cat-accessoires-literie","8":"first","9":"instock","10":"shipping-taxable","11":"purchasable","12":"product-type-simple"},"yoast_head":"<!-- This site is optimized with the Yoast SEO plugin v27.5 - https:\/\/yoast.com\/product\/yoast-seo-wordpress\/ -->\n<title>Oreillers Confort hypoallerg\u00e9niques - abidjan confort<\/title>\n<meta name=\"robots\" content=\"index, follow, max-snippet:-1, max-image-preview:large, max-video-preview:-1\" \/>\n<link rel=\"canonical\" href=\"https:\/\/abidjanconfort.com\/?product=oreillers\" \/>\n<meta property=\"og:locale\" content=\"fr_FR\" \/>\n<meta property=\"og:type\" content=\"article\" \/>\n<meta property=\"og:title\" content=\"Oreillers Confort hypoallerg\u00e9niques - abidjan confort\" \/>\n<meta property=\"og:description\" content=\"Un confort encore plus doux, qui soit hypoallerg\u00e9nique antiacarien.  Cet Oreiller va all\u00e9ger la pression sur vos cervicales tout en vous offrant un grand confort.  Dimensions  50cm*70cm  Rev\u00eatement  Coton 100%  Remplissage Fibre Silicon\u00e9es  *Prix offert de l&#039;oreiller \u00e0 l&#039;unit\u00e9\" \/>\n<meta property=\"og:url\" content=\"https:\/\/abidjanconfort.com\/?product=oreillers\" \/>\n<meta property=\"og:site_name\" content=\"abidjan confort\" \/>\n<meta property=\"article:modified_time\" content=\"2025-10-04T10:58:11+00:00\" \/>\n<meta property=\"og:image\" content=\"https:\/\/abidjanconfort.com\/wp-content\/uploads\/2020\/06\/oreiller-sweetdreams.jpg\" \/>\n\t<meta property=\"og:image:width\" content=\"557\" \/>\n\t<meta property=\"og:image:height\" content=\"384\" \/>\n\t<meta property=\"og:image:type\" content=\"image\/jpeg\" \/>\n<script type=\"application\/ld+json\" class=\"yoast-schema-graph\">{\"@context\":\"https:\\\/\\\/schema.org\",\"@graph\":[{\"@type\":\"WebPage\",\"@id\":\"https:\\\/\\\/abidjanconfort.com\\\/?product=oreillers\",\"url\":\"https:\\\/\\\/abidjanconfort.com\\\/?product=oreillers\",\"name\":\"Oreillers Confort hypoallerg\u00e9niques - abidjan confort\",\"isPartOf\":{\"@id\":\"https:\\\/\\\/abidjanconfort.com\\\/#website\"},\"primaryImageOfPage\":{\"@id\":\"https:\\\/\\\/abidjanconfort.com\\\/?product=oreillers#primaryimage\"},\"image\":{\"@id\":\"https:\\\/\\\/abidjanconfort.com\\\/?product=oreillers#primaryimage\"},\"thumbnailUrl\":\"https:\\\/\\\/abidjanconfort.com\\\/wp-content\\\/uploads\\\/2020\\\/06\\\/oreiller-sweetdreams.jpg\",\"datePublished\":\"2020-06-23T21:29:19+00:00\",\"dateModified\":\"2025-10-04T10:58:11+00:00\",\"breadcrumb\":{\"@id\":\"https:\\\/\\\/abidjanconfort.com\\\/?product=oreillers#breadcrumb\"},\"inLanguage\":\"fr-FR\",\"potentialAction\":[{\"@type\":\"ReadAction\",\"target\":[\"https:\\\/\\\/abidjanconfort.com\\\/?product=oreillers\"]}]},{\"@type\":\"ImageObject\",\"inLanguage\":\"fr-FR\",\"@id\":\"https:\\\/\\\/abidjanconfort.com\\\/?product=oreillers#primaryimage\",\"url\":\"https:\\\/\\\/abidjanconfort.com\\\/wp-content\\\/uploads\\\/2020\\\/06\\\/oreiller-sweetdreams.jpg\",\"contentUrl\":\"https:\\\/\\\/abidjanconfort.com\\\/wp-content\\\/uploads\\\/2020\\\/06\\\/oreiller-sweetdreams.jpg\",\"width\":557,\"height\":384},{\"@type\":\"BreadcrumbList\",\"@id\":\"https:\\\/\\\/abidjanconfort.com\\\/?product=oreillers#breadcrumb\",\"itemListElement\":[{\"@type\":\"ListItem\",\"position\":1,\"name\":\"Accueil\",\"item\":\"https:\\\/\\\/abidjanconfort.com\\\/\"},{\"@type\":\"ListItem\",\"position\":2,\"name\":\"Boutique\",\"item\":\"https:\\\/\\\/abidjanconfort.com\\\/?page_id=93\"},{\"@type\":\"ListItem\",\"position\":3,\"name\":\"Oreillers Confort hypoallerg\u00e9niques\"}]},{\"@type\":\"WebSite\",\"@id\":\"https:\\\/\\\/abidjanconfort.com\\\/#website\",\"url\":\"https:\\\/\\\/abidjanconfort.com\\\/\",\"name\":\"EMMA MATELAS\",\"description\":\"\",\"publisher\":{\"@id\":\"https:\\\/\\\/abidjanconfort.com\\\/#organization\"},\"potentialAction\":[{\"@type\":\"SearchAction\",\"target\":{\"@type\":\"EntryPoint\",\"urlTemplate\":\"https:\\\/\\\/abidjanconfort.com\\\/?s={search_term_string}\"},\"query-input\":{\"@type\":\"PropertyValueSpecification\",\"valueRequired\":true,\"valueName\":\"search_term_string\"}}],\"inLanguage\":\"fr-FR\"},{\"@type\":\"Organization\",\"@id\":\"https:\\\/\\\/abidjanconfort.com\\\/#organization\",\"name\":\"EMMA MATELAS\",\"url\":\"https:\\\/\\\/abidjanconfort.com\\\/\",\"logo\":{\"@type\":\"ImageObject\",\"inLanguage\":\"fr-FR\",\"@id\":\"https:\\\/\\\/abidjanconfort.com\\\/#\\\/schema\\\/logo\\\/image\\\/\",\"url\":\"https:\\\/\\\/abidjanconfort.com\\\/wp-content\\\/uploads\\\/2014\\\/08\\\/cropped-soft-1.jpg\",\"contentUrl\":\"https:\\\/\\\/abidjanconfort.com\\\/wp-content\\\/uploads\\\/2014\\\/08\\\/cropped-soft-1.jpg\",\"width\":512,\"height\":512,\"caption\":\"EMMA MATELAS\"},\"image\":{\"@id\":\"https:\\\/\\\/abidjanconfort.com\\\/#\\\/schema\\\/logo\\\/image\\\/\"}}]}<\/script>\n<!-- \/ Yoast SEO plugin. -->","yoast_head_json":{"title":"Oreillers Confort hypoallerg\u00e9niques - abidjan confort","robots":{"index":"index","follow":"follow","max-snippet":"max-snippet:-1","max-image-preview":"max-image-preview:large","max-video-preview":"max-video-preview:-1"},"canonical":"https:\/\/abidjanconfort.com\/?product=oreillers","og_locale":"fr_FR","og_type":"article","og_title":"Oreillers Confort hypoallerg\u00e9niques - abidjan confort","og_description":"Un confort encore plus doux, qui soit hypoallerg\u00e9nique antiacarien.  Cet Oreiller va all\u00e9ger la pression sur vos cervicales tout en vous offrant un grand confort.  Dimensions  50cm*70cm  Rev\u00eatement  Coton 100%  Remplissage Fibre Silicon\u00e9es  *Prix offert de l'oreiller \u00e0 l'unit\u00e9","og_url":"https:\/\/abidjanconfort.com\/?product=oreillers","og_site_name":"abidjan confort","article_modified_time":"2025-10-04T10:58:11+00:00","og_image":[{"width":557,"height":384,"url":"https:\/\/abidjanconfort.com\/wp-content\/uploads\/2020\/06\/oreiller-sweetdreams.jpg","type":"image\/jpeg"}],"schema":{"@context":"https:\/\/schema.org","@graph":[{"@type":"WebPage","@id":"https:\/\/abidjanconfort.com\/?product=oreillers","url":"https:\/\/abidjanconfort.com\/?product=oreillers","name":"Oreillers Confort hypoallerg\u00e9niques - abidjan confort","isPartOf":{"@id":"https:\/\/abidjanconfort.com\/#website"},"primaryImageOfPage":{"@id":"https:\/\/abidjanconfort.com\/?product=oreillers#primaryimage"},"image":{"@id":"https:\/\/abidjanconfort.com\/?product=oreillers#primaryimage"},"thumbnailUrl":"https:\/\/abidjanconfort.com\/wp-content\/uploads\/2020\/06\/oreiller-sweetdreams.jpg","datePublished":"2020-06-23T21:29:19+00:00","dateModified":"2025-10-04T10:58:11+00:00","breadcrumb":{"@id":"https:\/\/abidjanconfort.com\/?product=oreillers#breadcrumb"},"inLanguage":"fr-FR","potentialAction":[{"@type":"ReadAction","target":["https:\/\/abidjanconfort.com\/?product=oreillers"]}]},{"@type":"ImageObject","inLanguage":"fr-FR","@id":"https:\/\/abidjanconfort.com\/?product=oreillers#primaryimage","url":"https:\/\/abidjanconfort.com\/wp-content\/uploads\/2020\/06\/oreiller-sweetdreams.jpg","contentUrl":"https:\/\/abidjanconfort.com\/wp-content\/uploads\/2020\/06\/oreiller-sweetdreams.jpg","width":557,"height":384},{"@type":"BreadcrumbList","@id":"https:\/\/abidjanconfort.com\/?product=oreillers#breadcrumb","itemListElement":[{"@type":"ListItem","position":1,"name":"Accueil","item":"https:\/\/abidjanconfort.com\/"},{"@type":"ListItem","position":2,"name":"Boutique","item":"https:\/\/abidjanconfort.com\/?page_id=93"},{"@type":"ListItem","position":3,"name":"Oreillers Confort hypoallerg\u00e9niques"}]},{"@type":"WebSite","@id":"https:\/\/abidjanconfort.com\/#website","url":"https:\/\/abidjanconfort.com\/","name":"EMMA MATELAS","description":"","publisher":{"@id":"https:\/\/abidjanconfort.com\/#organization"},"potentialAction":[{"@type":"SearchAction","target":{"@type":"EntryPoint","urlTemplate":"https:\/\/abidjanconfort.com\/?s={search_term_string}"},"query-input":{"@type":"PropertyValueSpecification","valueRequired":true,"valueName":"search_term_string"}}],"inLanguage":"fr-FR"},{"@type":"Organization","@id":"https:\/\/abidjanconfort.com\/#organization","name":"EMMA MATELAS","url":"https:\/\/abidjanconfort.com\/","logo":{"@type":"ImageObject","inLanguage":"fr-FR","@id":"https:\/\/abidjanconfort.com\/#\/schema\/logo\/image\/","url":"https:\/\/abidjanconfort.com\/wp-content\/uploads\/2014\/08\/cropped-soft-1.jpg","contentUrl":"https:\/\/abidjanconfort.com\/wp-content\/uploads\/2014\/08\/cropped-soft-1.jpg","width":512,"height":512,"caption":"EMMA MATELAS"},"image":{"@id":"https:\/\/abidjanconfort.com\/#\/schema\/logo\/image\/"}}]}},"_links":{"self":[{"href":"https:\/\/abidjanconfort.com\/index.php?rest_route=\/wp\/v2\/product\/716","targetHints":{"allow":["GET"]}}],"collection":[{"href":"https:\/\/abidjanconfort.com\/index.php?rest_route=\/wp\/v2\/product"}],"about":[{"href":"https:\/\/abidjanconfort.com\/index.php?rest_route=\/wp\/v2\/types\/product"}],"wp:featuredmedia":[{"embeddable":true,"href":"https:\/\/abidjanconfort.com\/index.php?rest_route=\/wp\/v2\/media\/1589"}],"wp:attachment":[{"href":"https:\/\/abidjanconfort.com\/index.php?rest_route=%2Fwp%2Fv2%2Fmedia&parent=716"}],"wp:term":[{"taxonomy":"product_brand","embeddable":true,"href":"https:\/\/abidjanconfort.com\/index.php?rest_route=%2Fwp%2Fv2%2Fproduct_brand&post=716"},{"taxonomy":"product_cat","embeddable":true,"href":"https:\/\/abidjanconfort.com\/index.php?rest_route=%2Fwp%2Fv2%2Fproduct_cat&post=716"},{"taxonomy":"product_tag","embeddable":true,"href":"https:\/\/abidjanconfort.com\/index.php?rest_route=%2Fwp%2Fv2%2Fproduct_tag&post=716"}],"curies":[{"name":"wp","href":"https:\/\/api.w.org\/{rel}","templated":true}]}}