{"id":571,"date":"2019-12-03T11:55:33","date_gmt":"2019-12-03T11:55:33","guid":{"rendered":"http:\/\/www.dakarconfort.com\/?post_type=product&#038;p=571"},"modified":"2026-03-06T20:30:21","modified_gmt":"2026-03-06T20:30:21","slug":"matelas-ressorts-biconiques","status":"publish","type":"product","link":"https:\/\/abidjanconfort.com\/?product=matelas-ressorts-biconiques","title":{"rendered":"T\u00eate de Lit Luxe"},"content":{"rendered":"<p>DIMENSIONS<br \/>\n\u00e9paisseur : 8 cm<br \/>\nhauteur : 120 cm<br \/>\nlargeurs : 130, 150, 170 ou 190 et 210cm<\/p>\n<p>MATI\u00c8RE \u2013 FINITIONS<br \/>\nstructure : Bois Pin<br \/>\ngarnissage : ouate 250 g\/m\u00b2<br \/>\nrev\u00eatement : tissu ou simili-cuir<br \/>\n\u00a0<\/p>\n","protected":false},"excerpt":{"rendered":"<p>T\u00eate de lit, \u00e0 fixer sur un sommier (assortie aux sommiers).<\/p>\n<p>Finition capitonn\u00e9e, rev\u00eatement au choix, blanc, tissu d\u2019ameublement ou simili-cuir, d\u00e9clin\u00e9s dans plusieurs coloris. Une solution \u00e9conomique pour apporter du charme \u00e0 votre chambre \u00e0 coucher.<\/p>\n<p>Sa hauteur de 1m20 lui assure une belle pr\u00e9sence m\u00eame pos\u00e9e au sol et avec un matelas \u00e9pais. La largeur est adapt\u00e9e aux sommier de 120, 140, 160, 180cm et 2m<\/p>\n","protected":false},"featured_media":1547,"template":"","meta":[],"product_brand":[],"product_cat":[135],"product_tag":[],"class_list":{"0":"post-571","1":"product","2":"type-product","3":"status-publish","4":"has-post-thumbnail","6":"product_cat-lit","8":"first","9":"instock","10":"shipping-taxable","11":"purchasable","12":"product-type-variable"},"yoast_head":"<!-- This site is optimized with the Yoast SEO plugin v27.5 - https:\/\/yoast.com\/product\/yoast-seo-wordpress\/ -->\n<title>T\u00eate de Lit Luxe - abidjan confort<\/title>\n<meta name=\"robots\" content=\"index, follow, max-snippet:-1, max-image-preview:large, max-video-preview:-1\" \/>\n<link rel=\"canonical\" href=\"https:\/\/abidjanconfort.com\/?product=matelas-ressorts-biconiques\" \/>\n<meta property=\"og:locale\" content=\"fr_FR\" \/>\n<meta property=\"og:type\" content=\"article\" \/>\n<meta property=\"og:title\" content=\"T\u00eate de Lit Luxe - abidjan confort\" \/>\n<meta property=\"og:description\" content=\"T\u00eate de lit, \u00e0 fixer sur un sommier (assortie aux sommiers).  Finition capitonn\u00e9e, rev\u00eatement au choix, blanc, tissu d\u2019ameublement ou simili-cuir, d\u00e9clin\u00e9s dans plusieurs coloris. Une solution \u00e9conomique pour apporter du charme \u00e0 votre chambre \u00e0 coucher.  Sa hauteur de 1m20 lui assure une belle pr\u00e9sence m\u00eame pos\u00e9e au sol et avec un matelas \u00e9pais. La largeur est adapt\u00e9e aux sommier de 120, 140, 160, 180cm et 2m\" \/>\n<meta property=\"og:url\" content=\"https:\/\/abidjanconfort.com\/?product=matelas-ressorts-biconiques\" \/>\n<meta property=\"og:site_name\" content=\"abidjan confort\" \/>\n<meta property=\"article:modified_time\" content=\"2026-03-06T20:30:21+00:00\" \/>\n<meta property=\"og:image\" content=\"https:\/\/abidjanconfort.com\/wp-content\/uploads\/2024\/10\/1.jpeg\" \/>\n\t<meta property=\"og:image:width\" content=\"259\" \/>\n\t<meta property=\"og:image:height\" content=\"194\" \/>\n\t<meta property=\"og:image:type\" content=\"image\/jpeg\" \/>\n<meta name=\"twitter:label1\" content=\"Dur\u00e9e de lecture estim\u00e9e\" \/>\n\t<meta name=\"twitter:data1\" content=\"1 minute\" \/>\n<script type=\"application\/ld+json\" class=\"yoast-schema-graph\">{\"@context\":\"https:\\\/\\\/schema.org\",\"@graph\":[{\"@type\":\"WebPage\",\"@id\":\"https:\\\/\\\/abidjanconfort.com\\\/?product=matelas-ressorts-biconiques\",\"url\":\"https:\\\/\\\/abidjanconfort.com\\\/?product=matelas-ressorts-biconiques\",\"name\":\"T\u00eate de Lit Luxe - abidjan confort\",\"isPartOf\":{\"@id\":\"https:\\\/\\\/abidjanconfort.com\\\/#website\"},\"primaryImageOfPage\":{\"@id\":\"https:\\\/\\\/abidjanconfort.com\\\/?product=matelas-ressorts-biconiques#primaryimage\"},\"image\":{\"@id\":\"https:\\\/\\\/abidjanconfort.com\\\/?product=matelas-ressorts-biconiques#primaryimage\"},\"thumbnailUrl\":\"https:\\\/\\\/abidjanconfort.com\\\/wp-content\\\/uploads\\\/2024\\\/10\\\/1.jpeg\",\"datePublished\":\"2019-12-03T11:55:33+00:00\",\"dateModified\":\"2026-03-06T20:30:21+00:00\",\"breadcrumb\":{\"@id\":\"https:\\\/\\\/abidjanconfort.com\\\/?product=matelas-ressorts-biconiques#breadcrumb\"},\"inLanguage\":\"fr-FR\",\"potentialAction\":[{\"@type\":\"ReadAction\",\"target\":[\"https:\\\/\\\/abidjanconfort.com\\\/?product=matelas-ressorts-biconiques\"]}]},{\"@type\":\"ImageObject\",\"inLanguage\":\"fr-FR\",\"@id\":\"https:\\\/\\\/abidjanconfort.com\\\/?product=matelas-ressorts-biconiques#primaryimage\",\"url\":\"https:\\\/\\\/abidjanconfort.com\\\/wp-content\\\/uploads\\\/2024\\\/10\\\/1.jpeg\",\"contentUrl\":\"https:\\\/\\\/abidjanconfort.com\\\/wp-content\\\/uploads\\\/2024\\\/10\\\/1.jpeg\",\"width\":259,\"height\":194},{\"@type\":\"BreadcrumbList\",\"@id\":\"https:\\\/\\\/abidjanconfort.com\\\/?product=matelas-ressorts-biconiques#breadcrumb\",\"itemListElement\":[{\"@type\":\"ListItem\",\"position\":1,\"name\":\"Accueil\",\"item\":\"https:\\\/\\\/abidjanconfort.com\\\/\"},{\"@type\":\"ListItem\",\"position\":2,\"name\":\"Boutique\",\"item\":\"https:\\\/\\\/abidjanconfort.com\\\/?page_id=93\"},{\"@type\":\"ListItem\",\"position\":3,\"name\":\"T\u00eate de Lit Luxe\"}]},{\"@type\":\"WebSite\",\"@id\":\"https:\\\/\\\/abidjanconfort.com\\\/#website\",\"url\":\"https:\\\/\\\/abidjanconfort.com\\\/\",\"name\":\"EMMA MATELAS\",\"description\":\"\",\"publisher\":{\"@id\":\"https:\\\/\\\/abidjanconfort.com\\\/#organization\"},\"potentialAction\":[{\"@type\":\"SearchAction\",\"target\":{\"@type\":\"EntryPoint\",\"urlTemplate\":\"https:\\\/\\\/abidjanconfort.com\\\/?s={search_term_string}\"},\"query-input\":{\"@type\":\"PropertyValueSpecification\",\"valueRequired\":true,\"valueName\":\"search_term_string\"}}],\"inLanguage\":\"fr-FR\"},{\"@type\":\"Organization\",\"@id\":\"https:\\\/\\\/abidjanconfort.com\\\/#organization\",\"name\":\"EMMA MATELAS\",\"url\":\"https:\\\/\\\/abidjanconfort.com\\\/\",\"logo\":{\"@type\":\"ImageObject\",\"inLanguage\":\"fr-FR\",\"@id\":\"https:\\\/\\\/abidjanconfort.com\\\/#\\\/schema\\\/logo\\\/image\\\/\",\"url\":\"https:\\\/\\\/abidjanconfort.com\\\/wp-content\\\/uploads\\\/2014\\\/08\\\/cropped-soft-1.jpg\",\"contentUrl\":\"https:\\\/\\\/abidjanconfort.com\\\/wp-content\\\/uploads\\\/2014\\\/08\\\/cropped-soft-1.jpg\",\"width\":512,\"height\":512,\"caption\":\"EMMA MATELAS\"},\"image\":{\"@id\":\"https:\\\/\\\/abidjanconfort.com\\\/#\\\/schema\\\/logo\\\/image\\\/\"}}]}<\/script>\n<!-- \/ Yoast SEO plugin. -->","yoast_head_json":{"title":"T\u00eate de Lit Luxe - abidjan confort","robots":{"index":"index","follow":"follow","max-snippet":"max-snippet:-1","max-image-preview":"max-image-preview:large","max-video-preview":"max-video-preview:-1"},"canonical":"https:\/\/abidjanconfort.com\/?product=matelas-ressorts-biconiques","og_locale":"fr_FR","og_type":"article","og_title":"T\u00eate de Lit Luxe - abidjan confort","og_description":"T\u00eate de lit, \u00e0 fixer sur un sommier (assortie aux sommiers).  Finition capitonn\u00e9e, rev\u00eatement au choix, blanc, tissu d\u2019ameublement ou simili-cuir, d\u00e9clin\u00e9s dans plusieurs coloris. Une solution \u00e9conomique pour apporter du charme \u00e0 votre chambre \u00e0 coucher.  Sa hauteur de 1m20 lui assure une belle pr\u00e9sence m\u00eame pos\u00e9e au sol et avec un matelas \u00e9pais. La largeur est adapt\u00e9e aux sommier de 120, 140, 160, 180cm et 2m","og_url":"https:\/\/abidjanconfort.com\/?product=matelas-ressorts-biconiques","og_site_name":"abidjan confort","article_modified_time":"2026-03-06T20:30:21+00:00","og_image":[{"width":259,"height":194,"url":"https:\/\/abidjanconfort.com\/wp-content\/uploads\/2024\/10\/1.jpeg","type":"image\/jpeg"}],"twitter_misc":{"Dur\u00e9e de lecture estim\u00e9e":"1 minute"},"schema":{"@context":"https:\/\/schema.org","@graph":[{"@type":"WebPage","@id":"https:\/\/abidjanconfort.com\/?product=matelas-ressorts-biconiques","url":"https:\/\/abidjanconfort.com\/?product=matelas-ressorts-biconiques","name":"T\u00eate de Lit Luxe - abidjan confort","isPartOf":{"@id":"https:\/\/abidjanconfort.com\/#website"},"primaryImageOfPage":{"@id":"https:\/\/abidjanconfort.com\/?product=matelas-ressorts-biconiques#primaryimage"},"image":{"@id":"https:\/\/abidjanconfort.com\/?product=matelas-ressorts-biconiques#primaryimage"},"thumbnailUrl":"https:\/\/abidjanconfort.com\/wp-content\/uploads\/2024\/10\/1.jpeg","datePublished":"2019-12-03T11:55:33+00:00","dateModified":"2026-03-06T20:30:21+00:00","breadcrumb":{"@id":"https:\/\/abidjanconfort.com\/?product=matelas-ressorts-biconiques#breadcrumb"},"inLanguage":"fr-FR","potentialAction":[{"@type":"ReadAction","target":["https:\/\/abidjanconfort.com\/?product=matelas-ressorts-biconiques"]}]},{"@type":"ImageObject","inLanguage":"fr-FR","@id":"https:\/\/abidjanconfort.com\/?product=matelas-ressorts-biconiques#primaryimage","url":"https:\/\/abidjanconfort.com\/wp-content\/uploads\/2024\/10\/1.jpeg","contentUrl":"https:\/\/abidjanconfort.com\/wp-content\/uploads\/2024\/10\/1.jpeg","width":259,"height":194},{"@type":"BreadcrumbList","@id":"https:\/\/abidjanconfort.com\/?product=matelas-ressorts-biconiques#breadcrumb","itemListElement":[{"@type":"ListItem","position":1,"name":"Accueil","item":"https:\/\/abidjanconfort.com\/"},{"@type":"ListItem","position":2,"name":"Boutique","item":"https:\/\/abidjanconfort.com\/?page_id=93"},{"@type":"ListItem","position":3,"name":"T\u00eate de Lit Luxe"}]},{"@type":"WebSite","@id":"https:\/\/abidjanconfort.com\/#website","url":"https:\/\/abidjanconfort.com\/","name":"EMMA MATELAS","description":"","publisher":{"@id":"https:\/\/abidjanconfort.com\/#organization"},"potentialAction":[{"@type":"SearchAction","target":{"@type":"EntryPoint","urlTemplate":"https:\/\/abidjanconfort.com\/?s={search_term_string}"},"query-input":{"@type":"PropertyValueSpecification","valueRequired":true,"valueName":"search_term_string"}}],"inLanguage":"fr-FR"},{"@type":"Organization","@id":"https:\/\/abidjanconfort.com\/#organization","name":"EMMA MATELAS","url":"https:\/\/abidjanconfort.com\/","logo":{"@type":"ImageObject","inLanguage":"fr-FR","@id":"https:\/\/abidjanconfort.com\/#\/schema\/logo\/image\/","url":"https:\/\/abidjanconfort.com\/wp-content\/uploads\/2014\/08\/cropped-soft-1.jpg","contentUrl":"https:\/\/abidjanconfort.com\/wp-content\/uploads\/2014\/08\/cropped-soft-1.jpg","width":512,"height":512,"caption":"EMMA MATELAS"},"image":{"@id":"https:\/\/abidjanconfort.com\/#\/schema\/logo\/image\/"}}]}},"_links":{"self":[{"href":"https:\/\/abidjanconfort.com\/index.php?rest_route=\/wp\/v2\/product\/571","targetHints":{"allow":["GET"]}}],"collection":[{"href":"https:\/\/abidjanconfort.com\/index.php?rest_route=\/wp\/v2\/product"}],"about":[{"href":"https:\/\/abidjanconfort.com\/index.php?rest_route=\/wp\/v2\/types\/product"}],"wp:featuredmedia":[{"embeddable":true,"href":"https:\/\/abidjanconfort.com\/index.php?rest_route=\/wp\/v2\/media\/1547"}],"wp:attachment":[{"href":"https:\/\/abidjanconfort.com\/index.php?rest_route=%2Fwp%2Fv2%2Fmedia&parent=571"}],"wp:term":[{"taxonomy":"product_brand","embeddable":true,"href":"https:\/\/abidjanconfort.com\/index.php?rest_route=%2Fwp%2Fv2%2Fproduct_brand&post=571"},{"taxonomy":"product_cat","embeddable":true,"href":"https:\/\/abidjanconfort.com\/index.php?rest_route=%2Fwp%2Fv2%2Fproduct_cat&post=571"},{"taxonomy":"product_tag","embeddable":true,"href":"https:\/\/abidjanconfort.com\/index.php?rest_route=%2Fwp%2Fv2%2Fproduct_tag&post=571"}],"curies":[{"name":"wp","href":"https:\/\/api.w.org\/{rel}","templated":true}]}}