{"id":204,"date":"2013-08-10T10:17:13","date_gmt":"2013-08-10T10:17:13","guid":{"rendered":"http:\/\/uxthemes.wpengine.com\/?post_type=product&#038;p=416"},"modified":"2026-03-06T20:21:02","modified_gmt":"2026-03-06T20:21:02","slug":"sommier","status":"publish","type":"product","link":"https:\/\/abidjanconfort.com\/?product=sommier","title":{"rendered":"Sommier Luxe"},"content":{"rendered":"<p>COUTIL<br \/>\nplateau : tissu 3D anti-glisse<br \/>\nparement : rev\u00eatement tissus blanc<\/p>\n<p>STRUCTURE<br \/>\nBois Pins <\/p>\n<p>SUSPENSION<br \/>\n17 lattes rigides de 7cm de large et espac\u00e9es de 5cm chacune.<\/p>\n<p>FINITIONS \u2013 EQUIPEMENTS<br \/>\nplateau recouvert de tissu 3D a\u00e9rant et anti-glisse<br \/>\nJeu de 4 pieds en bois assortis inclus<\/p>\n<p>\u00a0<\/p>\n","protected":false},"excerpt":{"rendered":"<p>Le sommier tapissier Luxe est \u00e9quip\u00e9 de lattes actives en multiplis , recouvertes d\u2019un coutil 3D anti-glisse et a\u00e9r\u00e9 id\u00e9al pour maintenir le matelas parfaitement en place tout en favorisant la ventilation de la sous-face.<\/p>\n<p>Convient \u00e0 tous types de matelas<\/p>\n<p>N.B : La t\u00eate de lit est vendue s\u00e9par\u00e9ment<\/p>\n","protected":false},"featured_media":1552,"template":"","meta":[],"product_brand":[],"product_cat":[135],"product_tag":[],"class_list":{"0":"post-204","1":"product","2":"type-product","3":"status-publish","4":"has-post-thumbnail","6":"product_cat-lit","8":"first","9":"instock","10":"shipping-taxable","11":"purchasable","12":"product-type-variable"},"yoast_head":"<!-- This site is optimized with the Yoast SEO plugin v27.5 - https:\/\/yoast.com\/product\/yoast-seo-wordpress\/ -->\n<title>Sommier Luxe - abidjan confort<\/title>\n<meta name=\"robots\" content=\"index, follow, max-snippet:-1, max-image-preview:large, max-video-preview:-1\" \/>\n<link rel=\"canonical\" href=\"https:\/\/abidjanconfort.com\/?product=sommier\" \/>\n<meta property=\"og:locale\" content=\"fr_FR\" \/>\n<meta property=\"og:type\" content=\"article\" \/>\n<meta property=\"og:title\" content=\"Sommier Luxe - abidjan confort\" \/>\n<meta property=\"og:description\" content=\"Le sommier tapissier Luxe est \u00e9quip\u00e9 de lattes actives en multiplis , recouvertes d\u2019un coutil 3D anti-glisse et a\u00e9r\u00e9 id\u00e9al pour maintenir le matelas parfaitement en place tout en favorisant la ventilation de la sous-face.   Convient \u00e0 tous types de matelas  N.B : La t\u00eate de lit est vendue s\u00e9par\u00e9ment\" \/>\n<meta property=\"og:url\" content=\"https:\/\/abidjanconfort.com\/?product=sommier\" \/>\n<meta property=\"og:site_name\" content=\"abidjan confort\" \/>\n<meta property=\"article:modified_time\" content=\"2026-03-06T20:21:02+00:00\" \/>\n<meta property=\"og:image\" content=\"https:\/\/abidjanconfort.com\/wp-content\/uploads\/2024\/10\/7.jpeg\" \/>\n\t<meta property=\"og:image:width\" content=\"258\" \/>\n\t<meta property=\"og:image:height\" content=\"137\" \/>\n\t<meta property=\"og:image:type\" content=\"image\/jpeg\" \/>\n<meta name=\"twitter:label1\" content=\"Dur\u00e9e de lecture estim\u00e9e\" \/>\n\t<meta name=\"twitter:data1\" content=\"1 minute\" \/>\n<script type=\"application\/ld+json\" class=\"yoast-schema-graph\">{\"@context\":\"https:\\\/\\\/schema.org\",\"@graph\":[{\"@type\":\"WebPage\",\"@id\":\"https:\\\/\\\/abidjanconfort.com\\\/?product=sommier\",\"url\":\"https:\\\/\\\/abidjanconfort.com\\\/?product=sommier\",\"name\":\"Sommier Luxe - abidjan confort\",\"isPartOf\":{\"@id\":\"https:\\\/\\\/abidjanconfort.com\\\/#website\"},\"primaryImageOfPage\":{\"@id\":\"https:\\\/\\\/abidjanconfort.com\\\/?product=sommier#primaryimage\"},\"image\":{\"@id\":\"https:\\\/\\\/abidjanconfort.com\\\/?product=sommier#primaryimage\"},\"thumbnailUrl\":\"https:\\\/\\\/abidjanconfort.com\\\/wp-content\\\/uploads\\\/2024\\\/10\\\/7.jpeg\",\"datePublished\":\"2013-08-10T10:17:13+00:00\",\"dateModified\":\"2026-03-06T20:21:02+00:00\",\"breadcrumb\":{\"@id\":\"https:\\\/\\\/abidjanconfort.com\\\/?product=sommier#breadcrumb\"},\"inLanguage\":\"fr-FR\",\"potentialAction\":[{\"@type\":\"ReadAction\",\"target\":[\"https:\\\/\\\/abidjanconfort.com\\\/?product=sommier\"]}]},{\"@type\":\"ImageObject\",\"inLanguage\":\"fr-FR\",\"@id\":\"https:\\\/\\\/abidjanconfort.com\\\/?product=sommier#primaryimage\",\"url\":\"https:\\\/\\\/abidjanconfort.com\\\/wp-content\\\/uploads\\\/2024\\\/10\\\/7.jpeg\",\"contentUrl\":\"https:\\\/\\\/abidjanconfort.com\\\/wp-content\\\/uploads\\\/2024\\\/10\\\/7.jpeg\",\"width\":258,\"height\":137},{\"@type\":\"BreadcrumbList\",\"@id\":\"https:\\\/\\\/abidjanconfort.com\\\/?product=sommier#breadcrumb\",\"itemListElement\":[{\"@type\":\"ListItem\",\"position\":1,\"name\":\"Accueil\",\"item\":\"https:\\\/\\\/abidjanconfort.com\\\/\"},{\"@type\":\"ListItem\",\"position\":2,\"name\":\"Boutique\",\"item\":\"https:\\\/\\\/abidjanconfort.com\\\/?page_id=93\"},{\"@type\":\"ListItem\",\"position\":3,\"name\":\"Sommier Luxe\"}]},{\"@type\":\"WebSite\",\"@id\":\"https:\\\/\\\/abidjanconfort.com\\\/#website\",\"url\":\"https:\\\/\\\/abidjanconfort.com\\\/\",\"name\":\"EMMA MATELAS\",\"description\":\"\",\"publisher\":{\"@id\":\"https:\\\/\\\/abidjanconfort.com\\\/#organization\"},\"potentialAction\":[{\"@type\":\"SearchAction\",\"target\":{\"@type\":\"EntryPoint\",\"urlTemplate\":\"https:\\\/\\\/abidjanconfort.com\\\/?s={search_term_string}\"},\"query-input\":{\"@type\":\"PropertyValueSpecification\",\"valueRequired\":true,\"valueName\":\"search_term_string\"}}],\"inLanguage\":\"fr-FR\"},{\"@type\":\"Organization\",\"@id\":\"https:\\\/\\\/abidjanconfort.com\\\/#organization\",\"name\":\"EMMA MATELAS\",\"url\":\"https:\\\/\\\/abidjanconfort.com\\\/\",\"logo\":{\"@type\":\"ImageObject\",\"inLanguage\":\"fr-FR\",\"@id\":\"https:\\\/\\\/abidjanconfort.com\\\/#\\\/schema\\\/logo\\\/image\\\/\",\"url\":\"https:\\\/\\\/abidjanconfort.com\\\/wp-content\\\/uploads\\\/2014\\\/08\\\/cropped-soft-1.jpg\",\"contentUrl\":\"https:\\\/\\\/abidjanconfort.com\\\/wp-content\\\/uploads\\\/2014\\\/08\\\/cropped-soft-1.jpg\",\"width\":512,\"height\":512,\"caption\":\"EMMA MATELAS\"},\"image\":{\"@id\":\"https:\\\/\\\/abidjanconfort.com\\\/#\\\/schema\\\/logo\\\/image\\\/\"}}]}<\/script>\n<!-- \/ Yoast SEO plugin. -->","yoast_head_json":{"title":"Sommier Luxe - abidjan confort","robots":{"index":"index","follow":"follow","max-snippet":"max-snippet:-1","max-image-preview":"max-image-preview:large","max-video-preview":"max-video-preview:-1"},"canonical":"https:\/\/abidjanconfort.com\/?product=sommier","og_locale":"fr_FR","og_type":"article","og_title":"Sommier Luxe - abidjan confort","og_description":"Le sommier tapissier Luxe est \u00e9quip\u00e9 de lattes actives en multiplis , recouvertes d\u2019un coutil 3D anti-glisse et a\u00e9r\u00e9 id\u00e9al pour maintenir le matelas parfaitement en place tout en favorisant la ventilation de la sous-face.   Convient \u00e0 tous types de matelas  N.B : La t\u00eate de lit est vendue s\u00e9par\u00e9ment","og_url":"https:\/\/abidjanconfort.com\/?product=sommier","og_site_name":"abidjan confort","article_modified_time":"2026-03-06T20:21:02+00:00","og_image":[{"width":258,"height":137,"url":"https:\/\/abidjanconfort.com\/wp-content\/uploads\/2024\/10\/7.jpeg","type":"image\/jpeg"}],"twitter_misc":{"Dur\u00e9e de lecture estim\u00e9e":"1 minute"},"schema":{"@context":"https:\/\/schema.org","@graph":[{"@type":"WebPage","@id":"https:\/\/abidjanconfort.com\/?product=sommier","url":"https:\/\/abidjanconfort.com\/?product=sommier","name":"Sommier Luxe - abidjan confort","isPartOf":{"@id":"https:\/\/abidjanconfort.com\/#website"},"primaryImageOfPage":{"@id":"https:\/\/abidjanconfort.com\/?product=sommier#primaryimage"},"image":{"@id":"https:\/\/abidjanconfort.com\/?product=sommier#primaryimage"},"thumbnailUrl":"https:\/\/abidjanconfort.com\/wp-content\/uploads\/2024\/10\/7.jpeg","datePublished":"2013-08-10T10:17:13+00:00","dateModified":"2026-03-06T20:21:02+00:00","breadcrumb":{"@id":"https:\/\/abidjanconfort.com\/?product=sommier#breadcrumb"},"inLanguage":"fr-FR","potentialAction":[{"@type":"ReadAction","target":["https:\/\/abidjanconfort.com\/?product=sommier"]}]},{"@type":"ImageObject","inLanguage":"fr-FR","@id":"https:\/\/abidjanconfort.com\/?product=sommier#primaryimage","url":"https:\/\/abidjanconfort.com\/wp-content\/uploads\/2024\/10\/7.jpeg","contentUrl":"https:\/\/abidjanconfort.com\/wp-content\/uploads\/2024\/10\/7.jpeg","width":258,"height":137},{"@type":"BreadcrumbList","@id":"https:\/\/abidjanconfort.com\/?product=sommier#breadcrumb","itemListElement":[{"@type":"ListItem","position":1,"name":"Accueil","item":"https:\/\/abidjanconfort.com\/"},{"@type":"ListItem","position":2,"name":"Boutique","item":"https:\/\/abidjanconfort.com\/?page_id=93"},{"@type":"ListItem","position":3,"name":"Sommier Luxe"}]},{"@type":"WebSite","@id":"https:\/\/abidjanconfort.com\/#website","url":"https:\/\/abidjanconfort.com\/","name":"EMMA MATELAS","description":"","publisher":{"@id":"https:\/\/abidjanconfort.com\/#organization"},"potentialAction":[{"@type":"SearchAction","target":{"@type":"EntryPoint","urlTemplate":"https:\/\/abidjanconfort.com\/?s={search_term_string}"},"query-input":{"@type":"PropertyValueSpecification","valueRequired":true,"valueName":"search_term_string"}}],"inLanguage":"fr-FR"},{"@type":"Organization","@id":"https:\/\/abidjanconfort.com\/#organization","name":"EMMA MATELAS","url":"https:\/\/abidjanconfort.com\/","logo":{"@type":"ImageObject","inLanguage":"fr-FR","@id":"https:\/\/abidjanconfort.com\/#\/schema\/logo\/image\/","url":"https:\/\/abidjanconfort.com\/wp-content\/uploads\/2014\/08\/cropped-soft-1.jpg","contentUrl":"https:\/\/abidjanconfort.com\/wp-content\/uploads\/2014\/08\/cropped-soft-1.jpg","width":512,"height":512,"caption":"EMMA MATELAS"},"image":{"@id":"https:\/\/abidjanconfort.com\/#\/schema\/logo\/image\/"}}]}},"_links":{"self":[{"href":"https:\/\/abidjanconfort.com\/index.php?rest_route=\/wp\/v2\/product\/204","targetHints":{"allow":["GET"]}}],"collection":[{"href":"https:\/\/abidjanconfort.com\/index.php?rest_route=\/wp\/v2\/product"}],"about":[{"href":"https:\/\/abidjanconfort.com\/index.php?rest_route=\/wp\/v2\/types\/product"}],"wp:featuredmedia":[{"embeddable":true,"href":"https:\/\/abidjanconfort.com\/index.php?rest_route=\/wp\/v2\/media\/1552"}],"wp:attachment":[{"href":"https:\/\/abidjanconfort.com\/index.php?rest_route=%2Fwp%2Fv2%2Fmedia&parent=204"}],"wp:term":[{"taxonomy":"product_brand","embeddable":true,"href":"https:\/\/abidjanconfort.com\/index.php?rest_route=%2Fwp%2Fv2%2Fproduct_brand&post=204"},{"taxonomy":"product_cat","embeddable":true,"href":"https:\/\/abidjanconfort.com\/index.php?rest_route=%2Fwp%2Fv2%2Fproduct_cat&post=204"},{"taxonomy":"product_tag","embeddable":true,"href":"https:\/\/abidjanconfort.com\/index.php?rest_route=%2Fwp%2Fv2%2Fproduct_tag&post=204"}],"curies":[{"name":"wp","href":"https:\/\/api.w.org\/{rel}","templated":true}]}}