{"id":203,"date":"2013-08-10T10:19:20","date_gmt":"2013-08-10T10:19:20","guid":{"rendered":"http:\/\/uxthemes.wpengine.com\/?post_type=product&#038;p=422"},"modified":"2025-10-16T20:11:05","modified_gmt":"2025-10-16T20:11:05","slug":"surmatelas-2","status":"publish","type":"product","link":"https:\/\/abidjanconfort.com\/?product=surmatelas-2","title":{"rendered":"Surmatelas Supr\u00eame Dodo"},"content":{"rendered":"<p>\u00a0Densit\u00e9 des mousses :<br \/>\nMousse super soft : 35kg\/m<\/p>\n<p>Avantages :<br \/>\nConfort ultra-doux<br \/>\nMeilleure qualit\u00e9 de sommeil<br \/>\nAdaptabilit\u00e9<br \/>\nMat\u00e9riau l\u00e9ger et respirant<br \/>\nDurabilit\u00e9 et entretien facile<br \/>\nEpaisseur 4cm<\/p>\n","protected":false},"excerpt":{"rendered":"<p>Le Sur-matelas Confort Dodo est con\u00e7u pour offrir un confort doux et enveloppant. Compos\u00e9 de la mousse Super Soft (35kg\/m), \u00e0 haute densit\u00e9, mais extr\u00eamement souple et l\u00e9g\u00e8re.<br \/>\nElle apporte un soutien \u00e9quilibr\u00e9, parfait pour ceux qui recherchent un<br \/>\nconfort moelleux suppl\u00e9mentaire.<br \/>\nRecouvert d&rsquo;un tissu respirant, qui ajoute une sensation de fra\u00eecheur et de douceur \u00e0 l&rsquo;ensemble.<\/p>\n","protected":false},"featured_media":1573,"template":"","meta":[],"product_brand":[],"product_cat":[15],"product_tag":[],"class_list":{"0":"post-203","1":"product","2":"type-product","3":"status-publish","4":"has-post-thumbnail","6":"product_cat-haut-de-gamme-matelas","8":"first","9":"instock","10":"shipping-taxable","11":"purchasable","12":"product-type-variable"},"yoast_head":"<!-- This site is optimized with the Yoast SEO plugin v27.5 - https:\/\/yoast.com\/product\/yoast-seo-wordpress\/ -->\n<title>Surmatelas Supr\u00eame Dodo - abidjan confort<\/title>\n<meta name=\"robots\" content=\"index, follow, max-snippet:-1, max-image-preview:large, max-video-preview:-1\" \/>\n<link rel=\"canonical\" href=\"https:\/\/abidjanconfort.com\/?product=surmatelas-2\" \/>\n<meta property=\"og:locale\" content=\"fr_FR\" \/>\n<meta property=\"og:type\" content=\"article\" \/>\n<meta property=\"og:title\" content=\"Surmatelas Supr\u00eame Dodo - abidjan confort\" \/>\n<meta property=\"og:description\" content=\"Le Sur-matelas Confort Dodo est con\u00e7u pour offrir un confort doux et enveloppant. Compos\u00e9 de la mousse Super Soft (35kg\/m), \u00e0 haute densit\u00e9, mais extr\u00eamement souple et l\u00e9g\u00e8re. Elle apporte un soutien \u00e9quilibr\u00e9, parfait pour ceux qui recherchent un confort moelleux suppl\u00e9mentaire. Recouvert d&#039;un tissu respirant, qui ajoute une sensation de fra\u00eecheur et de douceur \u00e0 l&#039;ensemble.\" \/>\n<meta property=\"og:url\" content=\"https:\/\/abidjanconfort.com\/?product=surmatelas-2\" \/>\n<meta property=\"og:site_name\" content=\"abidjan confort\" \/>\n<meta property=\"article:modified_time\" content=\"2025-10-16T20:11:05+00:00\" \/>\n<meta property=\"og:image\" content=\"https:\/\/abidjanconfort.com\/wp-content\/uploads\/2013\/08\/Surmatelas-Confort.jpg\" \/>\n\t<meta property=\"og:image:width\" content=\"1398\" \/>\n\t<meta property=\"og:image:height\" content=\"1125\" \/>\n\t<meta property=\"og:image:type\" content=\"image\/jpeg\" \/>\n<meta name=\"twitter:label1\" content=\"Dur\u00e9e de lecture estim\u00e9e\" \/>\n\t<meta name=\"twitter:data1\" content=\"1 minute\" \/>\n<script type=\"application\/ld+json\" class=\"yoast-schema-graph\">{\"@context\":\"https:\\\/\\\/schema.org\",\"@graph\":[{\"@type\":\"WebPage\",\"@id\":\"https:\\\/\\\/abidjanconfort.com\\\/?product=surmatelas-2\",\"url\":\"https:\\\/\\\/abidjanconfort.com\\\/?product=surmatelas-2\",\"name\":\"Surmatelas Supr\u00eame Dodo - abidjan confort\",\"isPartOf\":{\"@id\":\"https:\\\/\\\/abidjanconfort.com\\\/#website\"},\"primaryImageOfPage\":{\"@id\":\"https:\\\/\\\/abidjanconfort.com\\\/?product=surmatelas-2#primaryimage\"},\"image\":{\"@id\":\"https:\\\/\\\/abidjanconfort.com\\\/?product=surmatelas-2#primaryimage\"},\"thumbnailUrl\":\"https:\\\/\\\/abidjanconfort.com\\\/wp-content\\\/uploads\\\/2013\\\/08\\\/Surmatelas-Confort.jpg\",\"datePublished\":\"2013-08-10T10:19:20+00:00\",\"dateModified\":\"2025-10-16T20:11:05+00:00\",\"breadcrumb\":{\"@id\":\"https:\\\/\\\/abidjanconfort.com\\\/?product=surmatelas-2#breadcrumb\"},\"inLanguage\":\"fr-FR\",\"potentialAction\":[{\"@type\":\"ReadAction\",\"target\":[\"https:\\\/\\\/abidjanconfort.com\\\/?product=surmatelas-2\"]}]},{\"@type\":\"ImageObject\",\"inLanguage\":\"fr-FR\",\"@id\":\"https:\\\/\\\/abidjanconfort.com\\\/?product=surmatelas-2#primaryimage\",\"url\":\"https:\\\/\\\/abidjanconfort.com\\\/wp-content\\\/uploads\\\/2013\\\/08\\\/Surmatelas-Confort.jpg\",\"contentUrl\":\"https:\\\/\\\/abidjanconfort.com\\\/wp-content\\\/uploads\\\/2013\\\/08\\\/Surmatelas-Confort.jpg\",\"width\":1398,\"height\":1125},{\"@type\":\"BreadcrumbList\",\"@id\":\"https:\\\/\\\/abidjanconfort.com\\\/?product=surmatelas-2#breadcrumb\",\"itemListElement\":[{\"@type\":\"ListItem\",\"position\":1,\"name\":\"Accueil\",\"item\":\"https:\\\/\\\/abidjanconfort.com\\\/\"},{\"@type\":\"ListItem\",\"position\":2,\"name\":\"Boutique\",\"item\":\"https:\\\/\\\/abidjanconfort.com\\\/?page_id=93\"},{\"@type\":\"ListItem\",\"position\":3,\"name\":\"Surmatelas Supr\u00eame Dodo\"}]},{\"@type\":\"WebSite\",\"@id\":\"https:\\\/\\\/abidjanconfort.com\\\/#website\",\"url\":\"https:\\\/\\\/abidjanconfort.com\\\/\",\"name\":\"EMMA MATELAS\",\"description\":\"\",\"publisher\":{\"@id\":\"https:\\\/\\\/abidjanconfort.com\\\/#organization\"},\"potentialAction\":[{\"@type\":\"SearchAction\",\"target\":{\"@type\":\"EntryPoint\",\"urlTemplate\":\"https:\\\/\\\/abidjanconfort.com\\\/?s={search_term_string}\"},\"query-input\":{\"@type\":\"PropertyValueSpecification\",\"valueRequired\":true,\"valueName\":\"search_term_string\"}}],\"inLanguage\":\"fr-FR\"},{\"@type\":\"Organization\",\"@id\":\"https:\\\/\\\/abidjanconfort.com\\\/#organization\",\"name\":\"EMMA MATELAS\",\"url\":\"https:\\\/\\\/abidjanconfort.com\\\/\",\"logo\":{\"@type\":\"ImageObject\",\"inLanguage\":\"fr-FR\",\"@id\":\"https:\\\/\\\/abidjanconfort.com\\\/#\\\/schema\\\/logo\\\/image\\\/\",\"url\":\"https:\\\/\\\/abidjanconfort.com\\\/wp-content\\\/uploads\\\/2014\\\/08\\\/cropped-soft-1.jpg\",\"contentUrl\":\"https:\\\/\\\/abidjanconfort.com\\\/wp-content\\\/uploads\\\/2014\\\/08\\\/cropped-soft-1.jpg\",\"width\":512,\"height\":512,\"caption\":\"EMMA MATELAS\"},\"image\":{\"@id\":\"https:\\\/\\\/abidjanconfort.com\\\/#\\\/schema\\\/logo\\\/image\\\/\"}}]}<\/script>\n<!-- \/ Yoast SEO plugin. -->","yoast_head_json":{"title":"Surmatelas Supr\u00eame Dodo - abidjan confort","robots":{"index":"index","follow":"follow","max-snippet":"max-snippet:-1","max-image-preview":"max-image-preview:large","max-video-preview":"max-video-preview:-1"},"canonical":"https:\/\/abidjanconfort.com\/?product=surmatelas-2","og_locale":"fr_FR","og_type":"article","og_title":"Surmatelas Supr\u00eame Dodo - abidjan confort","og_description":"Le Sur-matelas Confort Dodo est con\u00e7u pour offrir un confort doux et enveloppant. Compos\u00e9 de la mousse Super Soft (35kg\/m), \u00e0 haute densit\u00e9, mais extr\u00eamement souple et l\u00e9g\u00e8re. Elle apporte un soutien \u00e9quilibr\u00e9, parfait pour ceux qui recherchent un confort moelleux suppl\u00e9mentaire. Recouvert d'un tissu respirant, qui ajoute une sensation de fra\u00eecheur et de douceur \u00e0 l'ensemble.","og_url":"https:\/\/abidjanconfort.com\/?product=surmatelas-2","og_site_name":"abidjan confort","article_modified_time":"2025-10-16T20:11:05+00:00","og_image":[{"width":1398,"height":1125,"url":"https:\/\/abidjanconfort.com\/wp-content\/uploads\/2013\/08\/Surmatelas-Confort.jpg","type":"image\/jpeg"}],"twitter_misc":{"Dur\u00e9e de lecture estim\u00e9e":"1 minute"},"schema":{"@context":"https:\/\/schema.org","@graph":[{"@type":"WebPage","@id":"https:\/\/abidjanconfort.com\/?product=surmatelas-2","url":"https:\/\/abidjanconfort.com\/?product=surmatelas-2","name":"Surmatelas Supr\u00eame Dodo - abidjan confort","isPartOf":{"@id":"https:\/\/abidjanconfort.com\/#website"},"primaryImageOfPage":{"@id":"https:\/\/abidjanconfort.com\/?product=surmatelas-2#primaryimage"},"image":{"@id":"https:\/\/abidjanconfort.com\/?product=surmatelas-2#primaryimage"},"thumbnailUrl":"https:\/\/abidjanconfort.com\/wp-content\/uploads\/2013\/08\/Surmatelas-Confort.jpg","datePublished":"2013-08-10T10:19:20+00:00","dateModified":"2025-10-16T20:11:05+00:00","breadcrumb":{"@id":"https:\/\/abidjanconfort.com\/?product=surmatelas-2#breadcrumb"},"inLanguage":"fr-FR","potentialAction":[{"@type":"ReadAction","target":["https:\/\/abidjanconfort.com\/?product=surmatelas-2"]}]},{"@type":"ImageObject","inLanguage":"fr-FR","@id":"https:\/\/abidjanconfort.com\/?product=surmatelas-2#primaryimage","url":"https:\/\/abidjanconfort.com\/wp-content\/uploads\/2013\/08\/Surmatelas-Confort.jpg","contentUrl":"https:\/\/abidjanconfort.com\/wp-content\/uploads\/2013\/08\/Surmatelas-Confort.jpg","width":1398,"height":1125},{"@type":"BreadcrumbList","@id":"https:\/\/abidjanconfort.com\/?product=surmatelas-2#breadcrumb","itemListElement":[{"@type":"ListItem","position":1,"name":"Accueil","item":"https:\/\/abidjanconfort.com\/"},{"@type":"ListItem","position":2,"name":"Boutique","item":"https:\/\/abidjanconfort.com\/?page_id=93"},{"@type":"ListItem","position":3,"name":"Surmatelas Supr\u00eame Dodo"}]},{"@type":"WebSite","@id":"https:\/\/abidjanconfort.com\/#website","url":"https:\/\/abidjanconfort.com\/","name":"EMMA MATELAS","description":"","publisher":{"@id":"https:\/\/abidjanconfort.com\/#organization"},"potentialAction":[{"@type":"SearchAction","target":{"@type":"EntryPoint","urlTemplate":"https:\/\/abidjanconfort.com\/?s={search_term_string}"},"query-input":{"@type":"PropertyValueSpecification","valueRequired":true,"valueName":"search_term_string"}}],"inLanguage":"fr-FR"},{"@type":"Organization","@id":"https:\/\/abidjanconfort.com\/#organization","name":"EMMA MATELAS","url":"https:\/\/abidjanconfort.com\/","logo":{"@type":"ImageObject","inLanguage":"fr-FR","@id":"https:\/\/abidjanconfort.com\/#\/schema\/logo\/image\/","url":"https:\/\/abidjanconfort.com\/wp-content\/uploads\/2014\/08\/cropped-soft-1.jpg","contentUrl":"https:\/\/abidjanconfort.com\/wp-content\/uploads\/2014\/08\/cropped-soft-1.jpg","width":512,"height":512,"caption":"EMMA MATELAS"},"image":{"@id":"https:\/\/abidjanconfort.com\/#\/schema\/logo\/image\/"}}]}},"_links":{"self":[{"href":"https:\/\/abidjanconfort.com\/index.php?rest_route=\/wp\/v2\/product\/203","targetHints":{"allow":["GET"]}}],"collection":[{"href":"https:\/\/abidjanconfort.com\/index.php?rest_route=\/wp\/v2\/product"}],"about":[{"href":"https:\/\/abidjanconfort.com\/index.php?rest_route=\/wp\/v2\/types\/product"}],"wp:featuredmedia":[{"embeddable":true,"href":"https:\/\/abidjanconfort.com\/index.php?rest_route=\/wp\/v2\/media\/1573"}],"wp:attachment":[{"href":"https:\/\/abidjanconfort.com\/index.php?rest_route=%2Fwp%2Fv2%2Fmedia&parent=203"}],"wp:term":[{"taxonomy":"product_brand","embeddable":true,"href":"https:\/\/abidjanconfort.com\/index.php?rest_route=%2Fwp%2Fv2%2Fproduct_brand&post=203"},{"taxonomy":"product_cat","embeddable":true,"href":"https:\/\/abidjanconfort.com\/index.php?rest_route=%2Fwp%2Fv2%2Fproduct_cat&post=203"},{"taxonomy":"product_tag","embeddable":true,"href":"https:\/\/abidjanconfort.com\/index.php?rest_route=%2Fwp%2Fv2%2Fproduct_tag&post=203"}],"curies":[{"name":"wp","href":"https:\/\/api.w.org\/{rel}","templated":true}]}}