{"id":202,"date":"2013-08-10T10:21:47","date_gmt":"2013-08-10T10:21:47","guid":{"rendered":"http:\/\/uxthemes.wpengine.com\/?post_type=product&#038;p=427"},"modified":"2025-10-17T08:58:41","modified_gmt":"2025-10-17T08:58:41","slug":"surmatelas-memoire-de-forme","status":"publish","type":"product","link":"https:\/\/abidjanconfort.com\/?product=surmatelas-memoire-de-forme","title":{"rendered":"Surmatelas Nuit de Satin"},"content":{"rendered":"<p>\u00a0Densit\u00e9 des mousses :<br \/>\nMousse \u00e0 m\u00e9moire de forme<br \/>\n55kg\/m3<\/p>\n<p>Avantages:<br \/>\nSoutien personnalis\u00e9<br \/>\nMeilleure qualit\u00e9 de sommeil<br \/>\nAdaptabilit\u00e9<br \/>\nMat\u00e9riau l\u00e9ger et respirant<br \/>\nDurabilit\u00e9 et entretien facile<\/p>\n<p>\u00c9paisseur 7cm<\/p>\n","protected":false},"excerpt":{"rendered":"<p>Le sur-matelas r\u00eave de satin est fait \u00e0 partir de la mousse \u00e0 m\u00e9moire de forme ( 55kg\/m3), qui est un produit con\u00e7u pour am\u00e9liorer la qualit\u00e9 du sommeil en cr\u00e9ant une sensation de \u00ab\u00a0nuage\u00a0\u00bb sous le corps.<br \/>\nIl est particuli\u00e8rement conseill\u00e9 pour ceux qui recherchent un confort suppl\u00e9mentaire, apportant ainsi une valeur ajout\u00e9e \u00e0 votre matelas d&rsquo;origine.<br \/>\nCelui-ci est recouvert d&rsquo;un tissu respirant, qui ajoute une sensation de fra\u00eecheur et de douceur \u00e0 l&rsquo;ensemble.<\/p>\n","protected":false},"featured_media":1740,"template":"","meta":[],"product_brand":[],"product_cat":[125],"product_tag":[],"class_list":{"0":"post-202","1":"product","2":"type-product","3":"status-publish","4":"has-post-thumbnail","6":"product_cat-matelas-luxe","8":"first","9":"instock","10":"shipping-taxable","11":"purchasable","12":"product-type-variable"},"yoast_head":"<!-- This site is optimized with the Yoast SEO plugin v27.5 - https:\/\/yoast.com\/product\/yoast-seo-wordpress\/ -->\n<title>Surmatelas Nuit de Satin - abidjan confort<\/title>\n<meta name=\"robots\" content=\"index, follow, max-snippet:-1, max-image-preview:large, max-video-preview:-1\" \/>\n<link rel=\"canonical\" href=\"https:\/\/abidjanconfort.com\/?product=surmatelas-memoire-de-forme\" \/>\n<meta property=\"og:locale\" content=\"fr_FR\" \/>\n<meta property=\"og:type\" content=\"article\" \/>\n<meta property=\"og:title\" content=\"Surmatelas Nuit de Satin - abidjan confort\" \/>\n<meta property=\"og:description\" content=\"Le sur-matelas r\u00eave de satin est fait \u00e0 partir de la mousse \u00e0 m\u00e9moire de forme ( 55kg\/m3), qui est un produit con\u00e7u pour am\u00e9liorer la qualit\u00e9 du sommeil en cr\u00e9ant une sensation de &quot;nuage&quot; sous le corps. Il est particuli\u00e8rement conseill\u00e9 pour ceux qui recherchent un confort suppl\u00e9mentaire, apportant ainsi une valeur ajout\u00e9e \u00e0 votre matelas d&#039;origine. Celui-ci est recouvert d&#039;un tissu respirant, qui ajoute une sensation de fra\u00eecheur et de douceur \u00e0 l&#039;ensemble.\" \/>\n<meta property=\"og:url\" content=\"https:\/\/abidjanconfort.com\/?product=surmatelas-memoire-de-forme\" \/>\n<meta property=\"og:site_name\" content=\"abidjan confort\" \/>\n<meta property=\"article:modified_time\" content=\"2025-10-17T08:58:41+00:00\" \/>\n<meta property=\"og:image\" content=\"https:\/\/abidjanconfort.com\/wp-content\/uploads\/2013\/08\/SATIN.jpg\" \/>\n\t<meta property=\"og:image:width\" content=\"1042\" \/>\n\t<meta property=\"og:image:height\" content=\"861\" \/>\n\t<meta property=\"og:image:type\" content=\"image\/jpeg\" \/>\n<meta name=\"twitter:label1\" content=\"Dur\u00e9e de lecture estim\u00e9e\" \/>\n\t<meta name=\"twitter:data1\" content=\"1 minute\" \/>\n<script type=\"application\/ld+json\" class=\"yoast-schema-graph\">{\"@context\":\"https:\\\/\\\/schema.org\",\"@graph\":[{\"@type\":\"WebPage\",\"@id\":\"https:\\\/\\\/abidjanconfort.com\\\/?product=surmatelas-memoire-de-forme\",\"url\":\"https:\\\/\\\/abidjanconfort.com\\\/?product=surmatelas-memoire-de-forme\",\"name\":\"Surmatelas Nuit de Satin - abidjan confort\",\"isPartOf\":{\"@id\":\"https:\\\/\\\/abidjanconfort.com\\\/#website\"},\"primaryImageOfPage\":{\"@id\":\"https:\\\/\\\/abidjanconfort.com\\\/?product=surmatelas-memoire-de-forme#primaryimage\"},\"image\":{\"@id\":\"https:\\\/\\\/abidjanconfort.com\\\/?product=surmatelas-memoire-de-forme#primaryimage\"},\"thumbnailUrl\":\"https:\\\/\\\/abidjanconfort.com\\\/wp-content\\\/uploads\\\/2013\\\/08\\\/SATIN.jpg\",\"datePublished\":\"2013-08-10T10:21:47+00:00\",\"dateModified\":\"2025-10-17T08:58:41+00:00\",\"breadcrumb\":{\"@id\":\"https:\\\/\\\/abidjanconfort.com\\\/?product=surmatelas-memoire-de-forme#breadcrumb\"},\"inLanguage\":\"fr-FR\",\"potentialAction\":[{\"@type\":\"ReadAction\",\"target\":[\"https:\\\/\\\/abidjanconfort.com\\\/?product=surmatelas-memoire-de-forme\"]}]},{\"@type\":\"ImageObject\",\"inLanguage\":\"fr-FR\",\"@id\":\"https:\\\/\\\/abidjanconfort.com\\\/?product=surmatelas-memoire-de-forme#primaryimage\",\"url\":\"https:\\\/\\\/abidjanconfort.com\\\/wp-content\\\/uploads\\\/2013\\\/08\\\/SATIN.jpg\",\"contentUrl\":\"https:\\\/\\\/abidjanconfort.com\\\/wp-content\\\/uploads\\\/2013\\\/08\\\/SATIN.jpg\",\"width\":1042,\"height\":861,\"caption\":\"Screenshot\"},{\"@type\":\"BreadcrumbList\",\"@id\":\"https:\\\/\\\/abidjanconfort.com\\\/?product=surmatelas-memoire-de-forme#breadcrumb\",\"itemListElement\":[{\"@type\":\"ListItem\",\"position\":1,\"name\":\"Accueil\",\"item\":\"https:\\\/\\\/abidjanconfort.com\\\/\"},{\"@type\":\"ListItem\",\"position\":2,\"name\":\"Boutique\",\"item\":\"https:\\\/\\\/abidjanconfort.com\\\/?page_id=93\"},{\"@type\":\"ListItem\",\"position\":3,\"name\":\"Surmatelas Nuit de Satin\"}]},{\"@type\":\"WebSite\",\"@id\":\"https:\\\/\\\/abidjanconfort.com\\\/#website\",\"url\":\"https:\\\/\\\/abidjanconfort.com\\\/\",\"name\":\"EMMA MATELAS\",\"description\":\"\",\"publisher\":{\"@id\":\"https:\\\/\\\/abidjanconfort.com\\\/#organization\"},\"potentialAction\":[{\"@type\":\"SearchAction\",\"target\":{\"@type\":\"EntryPoint\",\"urlTemplate\":\"https:\\\/\\\/abidjanconfort.com\\\/?s={search_term_string}\"},\"query-input\":{\"@type\":\"PropertyValueSpecification\",\"valueRequired\":true,\"valueName\":\"search_term_string\"}}],\"inLanguage\":\"fr-FR\"},{\"@type\":\"Organization\",\"@id\":\"https:\\\/\\\/abidjanconfort.com\\\/#organization\",\"name\":\"EMMA MATELAS\",\"url\":\"https:\\\/\\\/abidjanconfort.com\\\/\",\"logo\":{\"@type\":\"ImageObject\",\"inLanguage\":\"fr-FR\",\"@id\":\"https:\\\/\\\/abidjanconfort.com\\\/#\\\/schema\\\/logo\\\/image\\\/\",\"url\":\"https:\\\/\\\/abidjanconfort.com\\\/wp-content\\\/uploads\\\/2014\\\/08\\\/cropped-soft-1.jpg\",\"contentUrl\":\"https:\\\/\\\/abidjanconfort.com\\\/wp-content\\\/uploads\\\/2014\\\/08\\\/cropped-soft-1.jpg\",\"width\":512,\"height\":512,\"caption\":\"EMMA MATELAS\"},\"image\":{\"@id\":\"https:\\\/\\\/abidjanconfort.com\\\/#\\\/schema\\\/logo\\\/image\\\/\"}}]}<\/script>\n<!-- \/ Yoast SEO plugin. -->","yoast_head_json":{"title":"Surmatelas Nuit de Satin - abidjan confort","robots":{"index":"index","follow":"follow","max-snippet":"max-snippet:-1","max-image-preview":"max-image-preview:large","max-video-preview":"max-video-preview:-1"},"canonical":"https:\/\/abidjanconfort.com\/?product=surmatelas-memoire-de-forme","og_locale":"fr_FR","og_type":"article","og_title":"Surmatelas Nuit de Satin - abidjan confort","og_description":"Le sur-matelas r\u00eave de satin est fait \u00e0 partir de la mousse \u00e0 m\u00e9moire de forme ( 55kg\/m3), qui est un produit con\u00e7u pour am\u00e9liorer la qualit\u00e9 du sommeil en cr\u00e9ant une sensation de \"nuage\" sous le corps. Il est particuli\u00e8rement conseill\u00e9 pour ceux qui recherchent un confort suppl\u00e9mentaire, apportant ainsi une valeur ajout\u00e9e \u00e0 votre matelas d'origine. Celui-ci est recouvert d'un tissu respirant, qui ajoute une sensation de fra\u00eecheur et de douceur \u00e0 l'ensemble.","og_url":"https:\/\/abidjanconfort.com\/?product=surmatelas-memoire-de-forme","og_site_name":"abidjan confort","article_modified_time":"2025-10-17T08:58:41+00:00","og_image":[{"width":1042,"height":861,"url":"https:\/\/abidjanconfort.com\/wp-content\/uploads\/2013\/08\/SATIN.jpg","type":"image\/jpeg"}],"twitter_misc":{"Dur\u00e9e de lecture estim\u00e9e":"1 minute"},"schema":{"@context":"https:\/\/schema.org","@graph":[{"@type":"WebPage","@id":"https:\/\/abidjanconfort.com\/?product=surmatelas-memoire-de-forme","url":"https:\/\/abidjanconfort.com\/?product=surmatelas-memoire-de-forme","name":"Surmatelas Nuit de Satin - abidjan confort","isPartOf":{"@id":"https:\/\/abidjanconfort.com\/#website"},"primaryImageOfPage":{"@id":"https:\/\/abidjanconfort.com\/?product=surmatelas-memoire-de-forme#primaryimage"},"image":{"@id":"https:\/\/abidjanconfort.com\/?product=surmatelas-memoire-de-forme#primaryimage"},"thumbnailUrl":"https:\/\/abidjanconfort.com\/wp-content\/uploads\/2013\/08\/SATIN.jpg","datePublished":"2013-08-10T10:21:47+00:00","dateModified":"2025-10-17T08:58:41+00:00","breadcrumb":{"@id":"https:\/\/abidjanconfort.com\/?product=surmatelas-memoire-de-forme#breadcrumb"},"inLanguage":"fr-FR","potentialAction":[{"@type":"ReadAction","target":["https:\/\/abidjanconfort.com\/?product=surmatelas-memoire-de-forme"]}]},{"@type":"ImageObject","inLanguage":"fr-FR","@id":"https:\/\/abidjanconfort.com\/?product=surmatelas-memoire-de-forme#primaryimage","url":"https:\/\/abidjanconfort.com\/wp-content\/uploads\/2013\/08\/SATIN.jpg","contentUrl":"https:\/\/abidjanconfort.com\/wp-content\/uploads\/2013\/08\/SATIN.jpg","width":1042,"height":861,"caption":"Screenshot"},{"@type":"BreadcrumbList","@id":"https:\/\/abidjanconfort.com\/?product=surmatelas-memoire-de-forme#breadcrumb","itemListElement":[{"@type":"ListItem","position":1,"name":"Accueil","item":"https:\/\/abidjanconfort.com\/"},{"@type":"ListItem","position":2,"name":"Boutique","item":"https:\/\/abidjanconfort.com\/?page_id=93"},{"@type":"ListItem","position":3,"name":"Surmatelas Nuit de Satin"}]},{"@type":"WebSite","@id":"https:\/\/abidjanconfort.com\/#website","url":"https:\/\/abidjanconfort.com\/","name":"EMMA MATELAS","description":"","publisher":{"@id":"https:\/\/abidjanconfort.com\/#organization"},"potentialAction":[{"@type":"SearchAction","target":{"@type":"EntryPoint","urlTemplate":"https:\/\/abidjanconfort.com\/?s={search_term_string}"},"query-input":{"@type":"PropertyValueSpecification","valueRequired":true,"valueName":"search_term_string"}}],"inLanguage":"fr-FR"},{"@type":"Organization","@id":"https:\/\/abidjanconfort.com\/#organization","name":"EMMA MATELAS","url":"https:\/\/abidjanconfort.com\/","logo":{"@type":"ImageObject","inLanguage":"fr-FR","@id":"https:\/\/abidjanconfort.com\/#\/schema\/logo\/image\/","url":"https:\/\/abidjanconfort.com\/wp-content\/uploads\/2014\/08\/cropped-soft-1.jpg","contentUrl":"https:\/\/abidjanconfort.com\/wp-content\/uploads\/2014\/08\/cropped-soft-1.jpg","width":512,"height":512,"caption":"EMMA MATELAS"},"image":{"@id":"https:\/\/abidjanconfort.com\/#\/schema\/logo\/image\/"}}]}},"_links":{"self":[{"href":"https:\/\/abidjanconfort.com\/index.php?rest_route=\/wp\/v2\/product\/202","targetHints":{"allow":["GET"]}}],"collection":[{"href":"https:\/\/abidjanconfort.com\/index.php?rest_route=\/wp\/v2\/product"}],"about":[{"href":"https:\/\/abidjanconfort.com\/index.php?rest_route=\/wp\/v2\/types\/product"}],"wp:featuredmedia":[{"embeddable":true,"href":"https:\/\/abidjanconfort.com\/index.php?rest_route=\/wp\/v2\/media\/1740"}],"wp:attachment":[{"href":"https:\/\/abidjanconfort.com\/index.php?rest_route=%2Fwp%2Fv2%2Fmedia&parent=202"}],"wp:term":[{"taxonomy":"product_brand","embeddable":true,"href":"https:\/\/abidjanconfort.com\/index.php?rest_route=%2Fwp%2Fv2%2Fproduct_brand&post=202"},{"taxonomy":"product_cat","embeddable":true,"href":"https:\/\/abidjanconfort.com\/index.php?rest_route=%2Fwp%2Fv2%2Fproduct_cat&post=202"},{"taxonomy":"product_tag","embeddable":true,"href":"https:\/\/abidjanconfort.com\/index.php?rest_route=%2Fwp%2Fv2%2Fproduct_tag&post=202"}],"curies":[{"name":"wp","href":"https:\/\/api.w.org\/{rel}","templated":true}]}}