{"id":200,"date":"2014-06-09T21:48:15","date_gmt":"2014-06-09T21:48:15","guid":{"rendered":"http:\/\/uxthemes.wpengine.com\/?post_type=product&#038;p=229"},"modified":"2025-10-10T11:32:17","modified_gmt":"2025-10-10T11:32:17","slug":"canapes","status":"publish","type":"product","link":"https:\/\/abidjanconfort.com\/?product=canapes","title":{"rendered":"Canap\u00e9s &#038; Salons"},"content":{"rendered":"<p>\u00a0<\/p>\n","protected":false},"excerpt":{"rendered":"<p>Des canap\u00e9s luxueux, tr\u00e8s jolies offrant un excellent confort et une solidit\u00e9 in\u00e9gal\u00e9e.<br \/>\nUn ensemble de canap\u00e9s d&rsquo;angle , salon de 6 places et 7 places, en cuir synth\u00e9tique riche ou en \u00e9crus de luxe \u00e0 voir directement au showroom de la riviera.<\/p>\n","protected":false},"featured_media":1574,"template":"","meta":[],"product_brand":[],"product_cat":[136],"product_tag":[],"class_list":{"0":"post-200","1":"product","2":"type-product","3":"status-publish","4":"has-post-thumbnail","6":"product_cat-salon","8":"first","9":"instock","10":"sale","11":"shipping-taxable","12":"purchasable","13":"product-type-variable"},"yoast_head":"<!-- This site is optimized with the Yoast SEO plugin v27.5 - https:\/\/yoast.com\/product\/yoast-seo-wordpress\/ -->\n<title>Canap\u00e9s &amp; Salons - abidjan confort<\/title>\n<meta name=\"description\" content=\"Des canap\u00e9s luxueux, tr\u00e8s jolies offrant un excellent confort et une solidit\u00e9 in\u00e9gal\u00e9e. Un ensemble de canap\u00e9s d&#039;angle , salon de 6 places et 7 places, en cuir synth\u00e9tique riche ou en \u00e9crus de luxe \u00e0 voir directement au showroom de la riviera.\" \/>\n<meta name=\"robots\" content=\"index, follow, max-snippet:-1, max-image-preview:large, max-video-preview:-1\" \/>\n<link rel=\"canonical\" href=\"https:\/\/abidjanconfort.com\/?product=canapes\" \/>\n<meta property=\"og:locale\" content=\"fr_FR\" \/>\n<meta property=\"og:type\" content=\"article\" \/>\n<meta property=\"og:title\" content=\"Canap\u00e9s &amp; Salons - abidjan confort\" \/>\n<meta property=\"og:description\" content=\"Des canap\u00e9s luxueux, tr\u00e8s jolies offrant un excellent confort et une solidit\u00e9 in\u00e9gal\u00e9e. Un ensemble de canap\u00e9s d&#039;angle , salon de 6 places et 7 places, en cuir synth\u00e9tique riche ou en \u00e9crus de luxe \u00e0 voir directement au showroom de la riviera.\" \/>\n<meta property=\"og:url\" content=\"https:\/\/abidjanconfort.com\/?product=canapes\" \/>\n<meta property=\"og:site_name\" content=\"abidjan confort\" \/>\n<meta property=\"article:modified_time\" content=\"2025-10-10T11:32:17+00:00\" \/>\n<meta property=\"og:image\" content=\"https:\/\/abidjanconfort.com\/wp-content\/uploads\/2014\/06\/salon-2-scaled.jpg\" \/>\n\t<meta property=\"og:image:width\" content=\"2560\" \/>\n\t<meta property=\"og:image:height\" content=\"1920\" \/>\n\t<meta property=\"og:image:type\" content=\"image\/jpeg\" \/>\n<meta name=\"twitter:label1\" content=\"Dur\u00e9e de lecture estim\u00e9e\" \/>\n\t<meta name=\"twitter:data1\" content=\"1 minute\" \/>\n<script type=\"application\/ld+json\" class=\"yoast-schema-graph\">{\"@context\":\"https:\\\/\\\/schema.org\",\"@graph\":[{\"@type\":\"WebPage\",\"@id\":\"https:\\\/\\\/abidjanconfort.com\\\/?product=canapes\",\"url\":\"https:\\\/\\\/abidjanconfort.com\\\/?product=canapes\",\"name\":\"Canap\u00e9s & Salons - abidjan confort\",\"isPartOf\":{\"@id\":\"https:\\\/\\\/abidjanconfort.com\\\/#website\"},\"primaryImageOfPage\":{\"@id\":\"https:\\\/\\\/abidjanconfort.com\\\/?product=canapes#primaryimage\"},\"image\":{\"@id\":\"https:\\\/\\\/abidjanconfort.com\\\/?product=canapes#primaryimage\"},\"thumbnailUrl\":\"https:\\\/\\\/abidjanconfort.com\\\/wp-content\\\/uploads\\\/2014\\\/06\\\/salon-2-scaled.jpg\",\"datePublished\":\"2014-06-09T21:48:15+00:00\",\"dateModified\":\"2025-10-10T11:32:17+00:00\",\"description\":\"Des canap\u00e9s luxueux, tr\u00e8s jolies offrant un excellent confort et une solidit\u00e9 in\u00e9gal\u00e9e. Un ensemble de canap\u00e9s d'angle , salon de 6 places et 7 places, en cuir synth\u00e9tique riche ou en \u00e9crus de luxe \u00e0 voir directement au showroom de la riviera.\",\"breadcrumb\":{\"@id\":\"https:\\\/\\\/abidjanconfort.com\\\/?product=canapes#breadcrumb\"},\"inLanguage\":\"fr-FR\",\"potentialAction\":[{\"@type\":\"ReadAction\",\"target\":[\"https:\\\/\\\/abidjanconfort.com\\\/?product=canapes\"]}]},{\"@type\":\"ImageObject\",\"inLanguage\":\"fr-FR\",\"@id\":\"https:\\\/\\\/abidjanconfort.com\\\/?product=canapes#primaryimage\",\"url\":\"https:\\\/\\\/abidjanconfort.com\\\/wp-content\\\/uploads\\\/2014\\\/06\\\/salon-2-scaled.jpg\",\"contentUrl\":\"https:\\\/\\\/abidjanconfort.com\\\/wp-content\\\/uploads\\\/2014\\\/06\\\/salon-2-scaled.jpg\",\"width\":2560,\"height\":1920},{\"@type\":\"BreadcrumbList\",\"@id\":\"https:\\\/\\\/abidjanconfort.com\\\/?product=canapes#breadcrumb\",\"itemListElement\":[{\"@type\":\"ListItem\",\"position\":1,\"name\":\"Accueil\",\"item\":\"https:\\\/\\\/abidjanconfort.com\\\/\"},{\"@type\":\"ListItem\",\"position\":2,\"name\":\"Boutique\",\"item\":\"https:\\\/\\\/abidjanconfort.com\\\/?page_id=93\"},{\"@type\":\"ListItem\",\"position\":3,\"name\":\"Canap\u00e9s &#038; Salons\"}]},{\"@type\":\"WebSite\",\"@id\":\"https:\\\/\\\/abidjanconfort.com\\\/#website\",\"url\":\"https:\\\/\\\/abidjanconfort.com\\\/\",\"name\":\"EMMA MATELAS\",\"description\":\"\",\"publisher\":{\"@id\":\"https:\\\/\\\/abidjanconfort.com\\\/#organization\"},\"potentialAction\":[{\"@type\":\"SearchAction\",\"target\":{\"@type\":\"EntryPoint\",\"urlTemplate\":\"https:\\\/\\\/abidjanconfort.com\\\/?s={search_term_string}\"},\"query-input\":{\"@type\":\"PropertyValueSpecification\",\"valueRequired\":true,\"valueName\":\"search_term_string\"}}],\"inLanguage\":\"fr-FR\"},{\"@type\":\"Organization\",\"@id\":\"https:\\\/\\\/abidjanconfort.com\\\/#organization\",\"name\":\"EMMA MATELAS\",\"url\":\"https:\\\/\\\/abidjanconfort.com\\\/\",\"logo\":{\"@type\":\"ImageObject\",\"inLanguage\":\"fr-FR\",\"@id\":\"https:\\\/\\\/abidjanconfort.com\\\/#\\\/schema\\\/logo\\\/image\\\/\",\"url\":\"https:\\\/\\\/abidjanconfort.com\\\/wp-content\\\/uploads\\\/2014\\\/08\\\/cropped-soft-1.jpg\",\"contentUrl\":\"https:\\\/\\\/abidjanconfort.com\\\/wp-content\\\/uploads\\\/2014\\\/08\\\/cropped-soft-1.jpg\",\"width\":512,\"height\":512,\"caption\":\"EMMA MATELAS\"},\"image\":{\"@id\":\"https:\\\/\\\/abidjanconfort.com\\\/#\\\/schema\\\/logo\\\/image\\\/\"}}]}<\/script>\n<!-- \/ Yoast SEO plugin. -->","yoast_head_json":{"title":"Canap\u00e9s & Salons - abidjan confort","description":"Des canap\u00e9s luxueux, tr\u00e8s jolies offrant un excellent confort et une solidit\u00e9 in\u00e9gal\u00e9e. Un ensemble de canap\u00e9s d'angle , salon de 6 places et 7 places, en cuir synth\u00e9tique riche ou en \u00e9crus de luxe \u00e0 voir directement au showroom de la riviera.","robots":{"index":"index","follow":"follow","max-snippet":"max-snippet:-1","max-image-preview":"max-image-preview:large","max-video-preview":"max-video-preview:-1"},"canonical":"https:\/\/abidjanconfort.com\/?product=canapes","og_locale":"fr_FR","og_type":"article","og_title":"Canap\u00e9s & Salons - abidjan confort","og_description":"Des canap\u00e9s luxueux, tr\u00e8s jolies offrant un excellent confort et une solidit\u00e9 in\u00e9gal\u00e9e. Un ensemble de canap\u00e9s d'angle , salon de 6 places et 7 places, en cuir synth\u00e9tique riche ou en \u00e9crus de luxe \u00e0 voir directement au showroom de la riviera.","og_url":"https:\/\/abidjanconfort.com\/?product=canapes","og_site_name":"abidjan confort","article_modified_time":"2025-10-10T11:32:17+00:00","og_image":[{"width":2560,"height":1920,"url":"https:\/\/abidjanconfort.com\/wp-content\/uploads\/2014\/06\/salon-2-scaled.jpg","type":"image\/jpeg"}],"twitter_misc":{"Dur\u00e9e de lecture estim\u00e9e":"1 minute"},"schema":{"@context":"https:\/\/schema.org","@graph":[{"@type":"WebPage","@id":"https:\/\/abidjanconfort.com\/?product=canapes","url":"https:\/\/abidjanconfort.com\/?product=canapes","name":"Canap\u00e9s & Salons - abidjan confort","isPartOf":{"@id":"https:\/\/abidjanconfort.com\/#website"},"primaryImageOfPage":{"@id":"https:\/\/abidjanconfort.com\/?product=canapes#primaryimage"},"image":{"@id":"https:\/\/abidjanconfort.com\/?product=canapes#primaryimage"},"thumbnailUrl":"https:\/\/abidjanconfort.com\/wp-content\/uploads\/2014\/06\/salon-2-scaled.jpg","datePublished":"2014-06-09T21:48:15+00:00","dateModified":"2025-10-10T11:32:17+00:00","description":"Des canap\u00e9s luxueux, tr\u00e8s jolies offrant un excellent confort et une solidit\u00e9 in\u00e9gal\u00e9e. Un ensemble de canap\u00e9s d'angle , salon de 6 places et 7 places, en cuir synth\u00e9tique riche ou en \u00e9crus de luxe \u00e0 voir directement au showroom de la riviera.","breadcrumb":{"@id":"https:\/\/abidjanconfort.com\/?product=canapes#breadcrumb"},"inLanguage":"fr-FR","potentialAction":[{"@type":"ReadAction","target":["https:\/\/abidjanconfort.com\/?product=canapes"]}]},{"@type":"ImageObject","inLanguage":"fr-FR","@id":"https:\/\/abidjanconfort.com\/?product=canapes#primaryimage","url":"https:\/\/abidjanconfort.com\/wp-content\/uploads\/2014\/06\/salon-2-scaled.jpg","contentUrl":"https:\/\/abidjanconfort.com\/wp-content\/uploads\/2014\/06\/salon-2-scaled.jpg","width":2560,"height":1920},{"@type":"BreadcrumbList","@id":"https:\/\/abidjanconfort.com\/?product=canapes#breadcrumb","itemListElement":[{"@type":"ListItem","position":1,"name":"Accueil","item":"https:\/\/abidjanconfort.com\/"},{"@type":"ListItem","position":2,"name":"Boutique","item":"https:\/\/abidjanconfort.com\/?page_id=93"},{"@type":"ListItem","position":3,"name":"Canap\u00e9s &#038; Salons"}]},{"@type":"WebSite","@id":"https:\/\/abidjanconfort.com\/#website","url":"https:\/\/abidjanconfort.com\/","name":"EMMA MATELAS","description":"","publisher":{"@id":"https:\/\/abidjanconfort.com\/#organization"},"potentialAction":[{"@type":"SearchAction","target":{"@type":"EntryPoint","urlTemplate":"https:\/\/abidjanconfort.com\/?s={search_term_string}"},"query-input":{"@type":"PropertyValueSpecification","valueRequired":true,"valueName":"search_term_string"}}],"inLanguage":"fr-FR"},{"@type":"Organization","@id":"https:\/\/abidjanconfort.com\/#organization","name":"EMMA MATELAS","url":"https:\/\/abidjanconfort.com\/","logo":{"@type":"ImageObject","inLanguage":"fr-FR","@id":"https:\/\/abidjanconfort.com\/#\/schema\/logo\/image\/","url":"https:\/\/abidjanconfort.com\/wp-content\/uploads\/2014\/08\/cropped-soft-1.jpg","contentUrl":"https:\/\/abidjanconfort.com\/wp-content\/uploads\/2014\/08\/cropped-soft-1.jpg","width":512,"height":512,"caption":"EMMA MATELAS"},"image":{"@id":"https:\/\/abidjanconfort.com\/#\/schema\/logo\/image\/"}}]}},"_links":{"self":[{"href":"https:\/\/abidjanconfort.com\/index.php?rest_route=\/wp\/v2\/product\/200","targetHints":{"allow":["GET"]}}],"collection":[{"href":"https:\/\/abidjanconfort.com\/index.php?rest_route=\/wp\/v2\/product"}],"about":[{"href":"https:\/\/abidjanconfort.com\/index.php?rest_route=\/wp\/v2\/types\/product"}],"wp:featuredmedia":[{"embeddable":true,"href":"https:\/\/abidjanconfort.com\/index.php?rest_route=\/wp\/v2\/media\/1574"}],"wp:attachment":[{"href":"https:\/\/abidjanconfort.com\/index.php?rest_route=%2Fwp%2Fv2%2Fmedia&parent=200"}],"wp:term":[{"taxonomy":"product_brand","embeddable":true,"href":"https:\/\/abidjanconfort.com\/index.php?rest_route=%2Fwp%2Fv2%2Fproduct_brand&post=200"},{"taxonomy":"product_cat","embeddable":true,"href":"https:\/\/abidjanconfort.com\/index.php?rest_route=%2Fwp%2Fv2%2Fproduct_cat&post=200"},{"taxonomy":"product_tag","embeddable":true,"href":"https:\/\/abidjanconfort.com\/index.php?rest_route=%2Fwp%2Fv2%2Fproduct_tag&post=200"}],"curies":[{"name":"wp","href":"https:\/\/api.w.org\/{rel}","templated":true}]}}