{"id":198,"date":"2014-08-08T20:57:29","date_gmt":"2014-08-08T20:57:29","guid":{"rendered":"http:\/\/uxthemes.wpengine.com\/?post_type=product&#038;p=132"},"modified":"2025-10-17T09:27:01","modified_gmt":"2025-10-17T09:27:01","slug":"matelas-luxe","status":"publish","type":"product","link":"https:\/\/abidjanconfort.com\/?product=matelas-luxe","title":{"rendered":"Matelas Infinity"},"content":{"rendered":"<p>Densit\u00e9 des mousses :<br \/>\nMMousse super soft : 33 kg\/m3<br \/>\nMousse agglom\u00e9r\u00e9e : 80 kg\/m3<br \/>\nMousse HD : 30 kg\/m3<br \/>\nsurmatelas moelleux int\u00e9gr\u00e9<\/p>\n<p>Avantages :<br \/>\nSoutien dorsal ferme<br \/>\nConfort mi ferme<br \/>\nHypoallerg\u00e9nique et anti-bact\u00e9rien<br \/>\nA\u00e9ration et durabilit\u00e9 garanties<\/p>\n","protected":false},"excerpt":{"rendered":"<p>Le matelas Infinity de 25cm d&rsquo;\u00e9paisseur offre un soutien ferme. il est con\u00e7u avec un m\u00e9lange de mousses haut de gamme, il combine plusieurs technologies pour un soutien renforc\u00e9 et un confort de qualit\u00e9.<br \/>\nLa mousse haute densit\u00e9 (HD) (30 kg\/m3) assure un soutien ferme et durable, tandis que la mousse agglom\u00e9r\u00e9e (80 kg\/m*) au coeur du matelas offre une surface particuli\u00e8rement stable.<br \/>\nPour plus de confort, le matelas int\u00e8gre \u00e9galement deux couches de mousse super soft (35 kg\/m\u00b0) sous forme de sur-matelas, pr\u00e9sentes sur les deux faces pour un accueil doux et agr\u00e9able.<br \/>\nCes couches contribuent \u00e0 la r\u00e9gulation de la temp\u00e9rature, \u00e9pousent parfaitement les contours du corps, tout en int\u00e9grant un rev\u00eatement en tissu hypoallerg\u00e9nique et anti-bact\u00e9rien.<\/p>\n","protected":false},"featured_media":1567,"template":"","meta":[],"product_brand":[],"product_cat":[15],"product_tag":[],"class_list":{"0":"post-198","1":"product","2":"type-product","3":"status-publish","4":"has-post-thumbnail","6":"product_cat-haut-de-gamme-matelas","8":"first","9":"instock","10":"shipping-taxable","11":"purchasable","12":"product-type-variable"},"yoast_head":"<!-- This site is optimized with the Yoast SEO plugin v27.5 - https:\/\/yoast.com\/product\/yoast-seo-wordpress\/ -->\n<title>Matelas Infinity - abidjan confort<\/title>\n<meta name=\"robots\" content=\"index, follow, max-snippet:-1, max-image-preview:large, max-video-preview:-1\" \/>\n<link rel=\"canonical\" href=\"https:\/\/abidjanconfort.com\/?product=matelas-luxe\" \/>\n<meta property=\"og:locale\" content=\"fr_FR\" \/>\n<meta property=\"og:type\" content=\"article\" \/>\n<meta property=\"og:title\" content=\"Matelas Infinity - abidjan confort\" \/>\n<meta property=\"og:description\" content=\"Le matelas Infinity de 25cm d&#039;\u00e9paisseur offre un soutien ferme. il est con\u00e7u avec un m\u00e9lange de mousses haut de gamme, il combine plusieurs technologies pour un soutien renforc\u00e9 et un confort de qualit\u00e9. La mousse haute densit\u00e9 (HD) (30 kg\/m3) assure un soutien ferme et durable, tandis que la mousse agglom\u00e9r\u00e9e (80 kg\/m*) au coeur du matelas offre une surface particuli\u00e8rement stable. Pour plus de confort, le matelas int\u00e8gre \u00e9galement deux couches de mousse super soft (35 kg\/m\u00b0) sous forme de sur-matelas, pr\u00e9sentes sur les deux faces pour un accueil doux et agr\u00e9able. Ces couches contribuent \u00e0 la r\u00e9gulation de la temp\u00e9rature, \u00e9pousent parfaitement les contours du corps, tout en int\u00e9grant un rev\u00eatement en tissu hypoallerg\u00e9nique et anti-bact\u00e9rien.\" \/>\n<meta property=\"og:url\" content=\"https:\/\/abidjanconfort.com\/?product=matelas-luxe\" \/>\n<meta property=\"og:site_name\" content=\"abidjan confort\" \/>\n<meta property=\"article:modified_time\" content=\"2025-10-17T09:27:01+00:00\" \/>\n<meta property=\"og:image\" content=\"https:\/\/abidjanconfort.com\/wp-content\/uploads\/2014\/08\/INFINITY.jpg\" \/>\n\t<meta property=\"og:image:width\" content=\"1042\" \/>\n\t<meta property=\"og:image:height\" content=\"885\" \/>\n\t<meta property=\"og:image:type\" content=\"image\/jpeg\" \/>\n<meta name=\"twitter:label1\" content=\"Dur\u00e9e de lecture estim\u00e9e\" \/>\n\t<meta name=\"twitter:data1\" content=\"1 minute\" \/>\n<script type=\"application\/ld+json\" class=\"yoast-schema-graph\">{\"@context\":\"https:\\\/\\\/schema.org\",\"@graph\":[{\"@type\":\"WebPage\",\"@id\":\"https:\\\/\\\/abidjanconfort.com\\\/?product=matelas-luxe\",\"url\":\"https:\\\/\\\/abidjanconfort.com\\\/?product=matelas-luxe\",\"name\":\"Matelas Infinity - abidjan confort\",\"isPartOf\":{\"@id\":\"https:\\\/\\\/abidjanconfort.com\\\/#website\"},\"primaryImageOfPage\":{\"@id\":\"https:\\\/\\\/abidjanconfort.com\\\/?product=matelas-luxe#primaryimage\"},\"image\":{\"@id\":\"https:\\\/\\\/abidjanconfort.com\\\/?product=matelas-luxe#primaryimage\"},\"thumbnailUrl\":\"https:\\\/\\\/abidjanconfort.com\\\/wp-content\\\/uploads\\\/2014\\\/08\\\/INFINITY.jpg\",\"datePublished\":\"2014-08-08T20:57:29+00:00\",\"dateModified\":\"2025-10-17T09:27:01+00:00\",\"breadcrumb\":{\"@id\":\"https:\\\/\\\/abidjanconfort.com\\\/?product=matelas-luxe#breadcrumb\"},\"inLanguage\":\"fr-FR\",\"potentialAction\":[{\"@type\":\"ReadAction\",\"target\":[\"https:\\\/\\\/abidjanconfort.com\\\/?product=matelas-luxe\"]}]},{\"@type\":\"ImageObject\",\"inLanguage\":\"fr-FR\",\"@id\":\"https:\\\/\\\/abidjanconfort.com\\\/?product=matelas-luxe#primaryimage\",\"url\":\"https:\\\/\\\/abidjanconfort.com\\\/wp-content\\\/uploads\\\/2014\\\/08\\\/INFINITY.jpg\",\"contentUrl\":\"https:\\\/\\\/abidjanconfort.com\\\/wp-content\\\/uploads\\\/2014\\\/08\\\/INFINITY.jpg\",\"width\":1042,\"height\":885,\"caption\":\"Screenshot\"},{\"@type\":\"BreadcrumbList\",\"@id\":\"https:\\\/\\\/abidjanconfort.com\\\/?product=matelas-luxe#breadcrumb\",\"itemListElement\":[{\"@type\":\"ListItem\",\"position\":1,\"name\":\"Accueil\",\"item\":\"https:\\\/\\\/abidjanconfort.com\\\/\"},{\"@type\":\"ListItem\",\"position\":2,\"name\":\"Boutique\",\"item\":\"https:\\\/\\\/abidjanconfort.com\\\/?page_id=93\"},{\"@type\":\"ListItem\",\"position\":3,\"name\":\"Matelas Infinity\"}]},{\"@type\":\"WebSite\",\"@id\":\"https:\\\/\\\/abidjanconfort.com\\\/#website\",\"url\":\"https:\\\/\\\/abidjanconfort.com\\\/\",\"name\":\"EMMA MATELAS\",\"description\":\"\",\"publisher\":{\"@id\":\"https:\\\/\\\/abidjanconfort.com\\\/#organization\"},\"potentialAction\":[{\"@type\":\"SearchAction\",\"target\":{\"@type\":\"EntryPoint\",\"urlTemplate\":\"https:\\\/\\\/abidjanconfort.com\\\/?s={search_term_string}\"},\"query-input\":{\"@type\":\"PropertyValueSpecification\",\"valueRequired\":true,\"valueName\":\"search_term_string\"}}],\"inLanguage\":\"fr-FR\"},{\"@type\":\"Organization\",\"@id\":\"https:\\\/\\\/abidjanconfort.com\\\/#organization\",\"name\":\"EMMA MATELAS\",\"url\":\"https:\\\/\\\/abidjanconfort.com\\\/\",\"logo\":{\"@type\":\"ImageObject\",\"inLanguage\":\"fr-FR\",\"@id\":\"https:\\\/\\\/abidjanconfort.com\\\/#\\\/schema\\\/logo\\\/image\\\/\",\"url\":\"https:\\\/\\\/abidjanconfort.com\\\/wp-content\\\/uploads\\\/2014\\\/08\\\/cropped-soft-1.jpg\",\"contentUrl\":\"https:\\\/\\\/abidjanconfort.com\\\/wp-content\\\/uploads\\\/2014\\\/08\\\/cropped-soft-1.jpg\",\"width\":512,\"height\":512,\"caption\":\"EMMA MATELAS\"},\"image\":{\"@id\":\"https:\\\/\\\/abidjanconfort.com\\\/#\\\/schema\\\/logo\\\/image\\\/\"}}]}<\/script>\n<!-- \/ Yoast SEO plugin. -->","yoast_head_json":{"title":"Matelas Infinity - abidjan confort","robots":{"index":"index","follow":"follow","max-snippet":"max-snippet:-1","max-image-preview":"max-image-preview:large","max-video-preview":"max-video-preview:-1"},"canonical":"https:\/\/abidjanconfort.com\/?product=matelas-luxe","og_locale":"fr_FR","og_type":"article","og_title":"Matelas Infinity - abidjan confort","og_description":"Le matelas Infinity de 25cm d'\u00e9paisseur offre un soutien ferme. il est con\u00e7u avec un m\u00e9lange de mousses haut de gamme, il combine plusieurs technologies pour un soutien renforc\u00e9 et un confort de qualit\u00e9. La mousse haute densit\u00e9 (HD) (30 kg\/m3) assure un soutien ferme et durable, tandis que la mousse agglom\u00e9r\u00e9e (80 kg\/m*) au coeur du matelas offre une surface particuli\u00e8rement stable. Pour plus de confort, le matelas int\u00e8gre \u00e9galement deux couches de mousse super soft (35 kg\/m\u00b0) sous forme de sur-matelas, pr\u00e9sentes sur les deux faces pour un accueil doux et agr\u00e9able. Ces couches contribuent \u00e0 la r\u00e9gulation de la temp\u00e9rature, \u00e9pousent parfaitement les contours du corps, tout en int\u00e9grant un rev\u00eatement en tissu hypoallerg\u00e9nique et anti-bact\u00e9rien.","og_url":"https:\/\/abidjanconfort.com\/?product=matelas-luxe","og_site_name":"abidjan confort","article_modified_time":"2025-10-17T09:27:01+00:00","og_image":[{"width":1042,"height":885,"url":"https:\/\/abidjanconfort.com\/wp-content\/uploads\/2014\/08\/INFINITY.jpg","type":"image\/jpeg"}],"twitter_misc":{"Dur\u00e9e de lecture estim\u00e9e":"1 minute"},"schema":{"@context":"https:\/\/schema.org","@graph":[{"@type":"WebPage","@id":"https:\/\/abidjanconfort.com\/?product=matelas-luxe","url":"https:\/\/abidjanconfort.com\/?product=matelas-luxe","name":"Matelas Infinity - abidjan confort","isPartOf":{"@id":"https:\/\/abidjanconfort.com\/#website"},"primaryImageOfPage":{"@id":"https:\/\/abidjanconfort.com\/?product=matelas-luxe#primaryimage"},"image":{"@id":"https:\/\/abidjanconfort.com\/?product=matelas-luxe#primaryimage"},"thumbnailUrl":"https:\/\/abidjanconfort.com\/wp-content\/uploads\/2014\/08\/INFINITY.jpg","datePublished":"2014-08-08T20:57:29+00:00","dateModified":"2025-10-17T09:27:01+00:00","breadcrumb":{"@id":"https:\/\/abidjanconfort.com\/?product=matelas-luxe#breadcrumb"},"inLanguage":"fr-FR","potentialAction":[{"@type":"ReadAction","target":["https:\/\/abidjanconfort.com\/?product=matelas-luxe"]}]},{"@type":"ImageObject","inLanguage":"fr-FR","@id":"https:\/\/abidjanconfort.com\/?product=matelas-luxe#primaryimage","url":"https:\/\/abidjanconfort.com\/wp-content\/uploads\/2014\/08\/INFINITY.jpg","contentUrl":"https:\/\/abidjanconfort.com\/wp-content\/uploads\/2014\/08\/INFINITY.jpg","width":1042,"height":885,"caption":"Screenshot"},{"@type":"BreadcrumbList","@id":"https:\/\/abidjanconfort.com\/?product=matelas-luxe#breadcrumb","itemListElement":[{"@type":"ListItem","position":1,"name":"Accueil","item":"https:\/\/abidjanconfort.com\/"},{"@type":"ListItem","position":2,"name":"Boutique","item":"https:\/\/abidjanconfort.com\/?page_id=93"},{"@type":"ListItem","position":3,"name":"Matelas Infinity"}]},{"@type":"WebSite","@id":"https:\/\/abidjanconfort.com\/#website","url":"https:\/\/abidjanconfort.com\/","name":"EMMA MATELAS","description":"","publisher":{"@id":"https:\/\/abidjanconfort.com\/#organization"},"potentialAction":[{"@type":"SearchAction","target":{"@type":"EntryPoint","urlTemplate":"https:\/\/abidjanconfort.com\/?s={search_term_string}"},"query-input":{"@type":"PropertyValueSpecification","valueRequired":true,"valueName":"search_term_string"}}],"inLanguage":"fr-FR"},{"@type":"Organization","@id":"https:\/\/abidjanconfort.com\/#organization","name":"EMMA MATELAS","url":"https:\/\/abidjanconfort.com\/","logo":{"@type":"ImageObject","inLanguage":"fr-FR","@id":"https:\/\/abidjanconfort.com\/#\/schema\/logo\/image\/","url":"https:\/\/abidjanconfort.com\/wp-content\/uploads\/2014\/08\/cropped-soft-1.jpg","contentUrl":"https:\/\/abidjanconfort.com\/wp-content\/uploads\/2014\/08\/cropped-soft-1.jpg","width":512,"height":512,"caption":"EMMA MATELAS"},"image":{"@id":"https:\/\/abidjanconfort.com\/#\/schema\/logo\/image\/"}}]}},"_links":{"self":[{"href":"https:\/\/abidjanconfort.com\/index.php?rest_route=\/wp\/v2\/product\/198","targetHints":{"allow":["GET"]}}],"collection":[{"href":"https:\/\/abidjanconfort.com\/index.php?rest_route=\/wp\/v2\/product"}],"about":[{"href":"https:\/\/abidjanconfort.com\/index.php?rest_route=\/wp\/v2\/types\/product"}],"wp:featuredmedia":[{"embeddable":true,"href":"https:\/\/abidjanconfort.com\/index.php?rest_route=\/wp\/v2\/media\/1567"}],"wp:attachment":[{"href":"https:\/\/abidjanconfort.com\/index.php?rest_route=%2Fwp%2Fv2%2Fmedia&parent=198"}],"wp:term":[{"taxonomy":"product_brand","embeddable":true,"href":"https:\/\/abidjanconfort.com\/index.php?rest_route=%2Fwp%2Fv2%2Fproduct_brand&post=198"},{"taxonomy":"product_cat","embeddable":true,"href":"https:\/\/abidjanconfort.com\/index.php?rest_route=%2Fwp%2Fv2%2Fproduct_cat&post=198"},{"taxonomy":"product_tag","embeddable":true,"href":"https:\/\/abidjanconfort.com\/index.php?rest_route=%2Fwp%2Fv2%2Fproduct_tag&post=198"}],"curies":[{"name":"wp","href":"https:\/\/api.w.org\/{rel}","templated":true}]}}