{"id":196,"date":"2014-08-09T22:18:44","date_gmt":"2014-08-09T22:18:44","guid":{"rendered":"http:\/\/uxthemes.wpengine.com\/product\/all-star-canvas-hi-converse\/"},"modified":"2025-12-09T16:19:20","modified_gmt":"2025-12-09T16:19:20","slug":"matelas-ortho-confort","status":"publish","type":"product","link":"https:\/\/abidjanconfort.com\/?product=matelas-ortho-confort","title":{"rendered":"Matelas Ortho HD Clinic"},"content":{"rendered":"<p>\u2022 Mousse HD Haute Densit\u00e9 30kg\/m3;<br \/>\n\u2022 Mousse HD Soft 35Kg\/m3;<br \/>\n\u2022 A\u00e9rateur Permanent ;<br \/>\n\u2022 Rev\u00eatement hypoallerg\u00e9nique antiacarien antibact\u00e9rien;<br \/>\n\u2022 \u00c9paisseur 20cm. <\/p>\n","protected":false},"excerpt":{"rendered":"<p>Le matelas HD CLINIC combine confort et soutien avec une \u00e9paisseur variant entre 20 cm et plus. Il est con\u00e7u avec une mousse haute densit\u00e9 (HD) pour un soutien ferme, durable et un alignement optimal de la colonne vert\u00e9brale.<br \/>\nLa mousse super soft (35 kg\/m&rsquo;) sur les deux faces apporte douceur, confort et r\u00e9duit les points de pression pour un sommeil r\u00e9parateur.<br \/>\nLe rev\u00eatement en tissu thermor\u00e9gulateur r\u00e9gule la temp\u00e9rature et ajoute une touche esth\u00e9tique, tandis que ses propri\u00e9t\u00e9s hypoallerg\u00e9niques et anti-bact\u00e9riennes assurent un environnement de sommeil sain. Gr\u00e2ce \u00e0 son a\u00e9ration optimis\u00e9e, il garantit une durabilit\u00e9 prolong\u00e9e.<\/p>\n<p>DISPONIBLE SUR MESURE<\/p>\n","protected":false},"featured_media":1565,"template":"","meta":[],"product_brand":[],"product_cat":[15],"product_tag":[],"class_list":{"0":"post-196","1":"product","2":"type-product","3":"status-publish","4":"has-post-thumbnail","6":"product_cat-haut-de-gamme-matelas","8":"first","9":"instock","10":"shipping-taxable","11":"purchasable","12":"product-type-variable"},"yoast_head":"<!-- This site is optimized with the Yoast SEO plugin v27.5 - https:\/\/yoast.com\/product\/yoast-seo-wordpress\/ -->\n<title>Matelas Ortho HD Clinic - abidjan confort<\/title>\n<meta name=\"robots\" content=\"index, follow, max-snippet:-1, max-image-preview:large, max-video-preview:-1\" \/>\n<link rel=\"canonical\" href=\"https:\/\/abidjanconfort.com\/?product=matelas-ortho-confort\" \/>\n<meta property=\"og:locale\" content=\"fr_FR\" \/>\n<meta property=\"og:type\" content=\"article\" \/>\n<meta property=\"og:title\" content=\"Matelas Ortho HD Clinic - abidjan confort\" \/>\n<meta property=\"og:description\" content=\"Le matelas HD CLINIC combine confort et soutien avec une \u00e9paisseur variant entre 20 cm et plus. Il est con\u00e7u avec une mousse haute densit\u00e9 (HD) pour un soutien ferme, durable et un alignement optimal de la colonne vert\u00e9brale. La mousse super soft (35 kg\/m&#039;) sur les deux faces apporte douceur, confort et r\u00e9duit les points de pression pour un sommeil r\u00e9parateur. Le rev\u00eatement en tissu thermor\u00e9gulateur r\u00e9gule la temp\u00e9rature et ajoute une touche esth\u00e9tique, tandis que ses propri\u00e9t\u00e9s hypoallerg\u00e9niques et anti-bact\u00e9riennes assurent un environnement de sommeil sain. Gr\u00e2ce \u00e0 son a\u00e9ration optimis\u00e9e, il garantit une durabilit\u00e9 prolong\u00e9e.  DISPONIBLE SUR MESURE\" \/>\n<meta property=\"og:url\" content=\"https:\/\/abidjanconfort.com\/?product=matelas-ortho-confort\" \/>\n<meta property=\"og:site_name\" content=\"abidjan confort\" \/>\n<meta property=\"article:modified_time\" content=\"2025-12-09T16:19:20+00:00\" \/>\n<meta property=\"og:image\" content=\"https:\/\/abidjanconfort.com\/wp-content\/uploads\/2014\/08\/HD-CLINIC-2.jpg\" \/>\n\t<meta property=\"og:image:width\" content=\"1039\" \/>\n\t<meta property=\"og:image:height\" content=\"908\" \/>\n\t<meta property=\"og:image:type\" content=\"image\/jpeg\" \/>\n<meta name=\"twitter:label1\" content=\"Dur\u00e9e de lecture estim\u00e9e\" \/>\n\t<meta name=\"twitter:data1\" content=\"1 minute\" \/>\n<script type=\"application\/ld+json\" class=\"yoast-schema-graph\">{\"@context\":\"https:\\\/\\\/schema.org\",\"@graph\":[{\"@type\":\"WebPage\",\"@id\":\"https:\\\/\\\/abidjanconfort.com\\\/?product=matelas-ortho-confort\",\"url\":\"https:\\\/\\\/abidjanconfort.com\\\/?product=matelas-ortho-confort\",\"name\":\"Matelas Ortho HD Clinic - abidjan confort\",\"isPartOf\":{\"@id\":\"https:\\\/\\\/abidjanconfort.com\\\/#website\"},\"primaryImageOfPage\":{\"@id\":\"https:\\\/\\\/abidjanconfort.com\\\/?product=matelas-ortho-confort#primaryimage\"},\"image\":{\"@id\":\"https:\\\/\\\/abidjanconfort.com\\\/?product=matelas-ortho-confort#primaryimage\"},\"thumbnailUrl\":\"https:\\\/\\\/abidjanconfort.com\\\/wp-content\\\/uploads\\\/2014\\\/08\\\/HD-CLINIC-2.jpg\",\"datePublished\":\"2014-08-09T22:18:44+00:00\",\"dateModified\":\"2025-12-09T16:19:20+00:00\",\"breadcrumb\":{\"@id\":\"https:\\\/\\\/abidjanconfort.com\\\/?product=matelas-ortho-confort#breadcrumb\"},\"inLanguage\":\"fr-FR\",\"potentialAction\":[{\"@type\":\"ReadAction\",\"target\":[\"https:\\\/\\\/abidjanconfort.com\\\/?product=matelas-ortho-confort\"]}]},{\"@type\":\"ImageObject\",\"inLanguage\":\"fr-FR\",\"@id\":\"https:\\\/\\\/abidjanconfort.com\\\/?product=matelas-ortho-confort#primaryimage\",\"url\":\"https:\\\/\\\/abidjanconfort.com\\\/wp-content\\\/uploads\\\/2014\\\/08\\\/HD-CLINIC-2.jpg\",\"contentUrl\":\"https:\\\/\\\/abidjanconfort.com\\\/wp-content\\\/uploads\\\/2014\\\/08\\\/HD-CLINIC-2.jpg\",\"width\":1039,\"height\":908,\"caption\":\"Screenshot\"},{\"@type\":\"BreadcrumbList\",\"@id\":\"https:\\\/\\\/abidjanconfort.com\\\/?product=matelas-ortho-confort#breadcrumb\",\"itemListElement\":[{\"@type\":\"ListItem\",\"position\":1,\"name\":\"Accueil\",\"item\":\"https:\\\/\\\/abidjanconfort.com\\\/\"},{\"@type\":\"ListItem\",\"position\":2,\"name\":\"Boutique\",\"item\":\"https:\\\/\\\/abidjanconfort.com\\\/?page_id=93\"},{\"@type\":\"ListItem\",\"position\":3,\"name\":\"Matelas Ortho HD Clinic\"}]},{\"@type\":\"WebSite\",\"@id\":\"https:\\\/\\\/abidjanconfort.com\\\/#website\",\"url\":\"https:\\\/\\\/abidjanconfort.com\\\/\",\"name\":\"EMMA MATELAS\",\"description\":\"\",\"publisher\":{\"@id\":\"https:\\\/\\\/abidjanconfort.com\\\/#organization\"},\"potentialAction\":[{\"@type\":\"SearchAction\",\"target\":{\"@type\":\"EntryPoint\",\"urlTemplate\":\"https:\\\/\\\/abidjanconfort.com\\\/?s={search_term_string}\"},\"query-input\":{\"@type\":\"PropertyValueSpecification\",\"valueRequired\":true,\"valueName\":\"search_term_string\"}}],\"inLanguage\":\"fr-FR\"},{\"@type\":\"Organization\",\"@id\":\"https:\\\/\\\/abidjanconfort.com\\\/#organization\",\"name\":\"EMMA MATELAS\",\"url\":\"https:\\\/\\\/abidjanconfort.com\\\/\",\"logo\":{\"@type\":\"ImageObject\",\"inLanguage\":\"fr-FR\",\"@id\":\"https:\\\/\\\/abidjanconfort.com\\\/#\\\/schema\\\/logo\\\/image\\\/\",\"url\":\"https:\\\/\\\/abidjanconfort.com\\\/wp-content\\\/uploads\\\/2014\\\/08\\\/cropped-soft-1.jpg\",\"contentUrl\":\"https:\\\/\\\/abidjanconfort.com\\\/wp-content\\\/uploads\\\/2014\\\/08\\\/cropped-soft-1.jpg\",\"width\":512,\"height\":512,\"caption\":\"EMMA MATELAS\"},\"image\":{\"@id\":\"https:\\\/\\\/abidjanconfort.com\\\/#\\\/schema\\\/logo\\\/image\\\/\"}}]}<\/script>\n<!-- \/ Yoast SEO plugin. -->","yoast_head_json":{"title":"Matelas Ortho HD Clinic - abidjan confort","robots":{"index":"index","follow":"follow","max-snippet":"max-snippet:-1","max-image-preview":"max-image-preview:large","max-video-preview":"max-video-preview:-1"},"canonical":"https:\/\/abidjanconfort.com\/?product=matelas-ortho-confort","og_locale":"fr_FR","og_type":"article","og_title":"Matelas Ortho HD Clinic - abidjan confort","og_description":"Le matelas HD CLINIC combine confort et soutien avec une \u00e9paisseur variant entre 20 cm et plus. Il est con\u00e7u avec une mousse haute densit\u00e9 (HD) pour un soutien ferme, durable et un alignement optimal de la colonne vert\u00e9brale. La mousse super soft (35 kg\/m') sur les deux faces apporte douceur, confort et r\u00e9duit les points de pression pour un sommeil r\u00e9parateur. Le rev\u00eatement en tissu thermor\u00e9gulateur r\u00e9gule la temp\u00e9rature et ajoute une touche esth\u00e9tique, tandis que ses propri\u00e9t\u00e9s hypoallerg\u00e9niques et anti-bact\u00e9riennes assurent un environnement de sommeil sain. Gr\u00e2ce \u00e0 son a\u00e9ration optimis\u00e9e, il garantit une durabilit\u00e9 prolong\u00e9e.  DISPONIBLE SUR MESURE","og_url":"https:\/\/abidjanconfort.com\/?product=matelas-ortho-confort","og_site_name":"abidjan confort","article_modified_time":"2025-12-09T16:19:20+00:00","og_image":[{"width":1039,"height":908,"url":"https:\/\/abidjanconfort.com\/wp-content\/uploads\/2014\/08\/HD-CLINIC-2.jpg","type":"image\/jpeg"}],"twitter_misc":{"Dur\u00e9e de lecture estim\u00e9e":"1 minute"},"schema":{"@context":"https:\/\/schema.org","@graph":[{"@type":"WebPage","@id":"https:\/\/abidjanconfort.com\/?product=matelas-ortho-confort","url":"https:\/\/abidjanconfort.com\/?product=matelas-ortho-confort","name":"Matelas Ortho HD Clinic - abidjan confort","isPartOf":{"@id":"https:\/\/abidjanconfort.com\/#website"},"primaryImageOfPage":{"@id":"https:\/\/abidjanconfort.com\/?product=matelas-ortho-confort#primaryimage"},"image":{"@id":"https:\/\/abidjanconfort.com\/?product=matelas-ortho-confort#primaryimage"},"thumbnailUrl":"https:\/\/abidjanconfort.com\/wp-content\/uploads\/2014\/08\/HD-CLINIC-2.jpg","datePublished":"2014-08-09T22:18:44+00:00","dateModified":"2025-12-09T16:19:20+00:00","breadcrumb":{"@id":"https:\/\/abidjanconfort.com\/?product=matelas-ortho-confort#breadcrumb"},"inLanguage":"fr-FR","potentialAction":[{"@type":"ReadAction","target":["https:\/\/abidjanconfort.com\/?product=matelas-ortho-confort"]}]},{"@type":"ImageObject","inLanguage":"fr-FR","@id":"https:\/\/abidjanconfort.com\/?product=matelas-ortho-confort#primaryimage","url":"https:\/\/abidjanconfort.com\/wp-content\/uploads\/2014\/08\/HD-CLINIC-2.jpg","contentUrl":"https:\/\/abidjanconfort.com\/wp-content\/uploads\/2014\/08\/HD-CLINIC-2.jpg","width":1039,"height":908,"caption":"Screenshot"},{"@type":"BreadcrumbList","@id":"https:\/\/abidjanconfort.com\/?product=matelas-ortho-confort#breadcrumb","itemListElement":[{"@type":"ListItem","position":1,"name":"Accueil","item":"https:\/\/abidjanconfort.com\/"},{"@type":"ListItem","position":2,"name":"Boutique","item":"https:\/\/abidjanconfort.com\/?page_id=93"},{"@type":"ListItem","position":3,"name":"Matelas Ortho HD Clinic"}]},{"@type":"WebSite","@id":"https:\/\/abidjanconfort.com\/#website","url":"https:\/\/abidjanconfort.com\/","name":"EMMA MATELAS","description":"","publisher":{"@id":"https:\/\/abidjanconfort.com\/#organization"},"potentialAction":[{"@type":"SearchAction","target":{"@type":"EntryPoint","urlTemplate":"https:\/\/abidjanconfort.com\/?s={search_term_string}"},"query-input":{"@type":"PropertyValueSpecification","valueRequired":true,"valueName":"search_term_string"}}],"inLanguage":"fr-FR"},{"@type":"Organization","@id":"https:\/\/abidjanconfort.com\/#organization","name":"EMMA MATELAS","url":"https:\/\/abidjanconfort.com\/","logo":{"@type":"ImageObject","inLanguage":"fr-FR","@id":"https:\/\/abidjanconfort.com\/#\/schema\/logo\/image\/","url":"https:\/\/abidjanconfort.com\/wp-content\/uploads\/2014\/08\/cropped-soft-1.jpg","contentUrl":"https:\/\/abidjanconfort.com\/wp-content\/uploads\/2014\/08\/cropped-soft-1.jpg","width":512,"height":512,"caption":"EMMA MATELAS"},"image":{"@id":"https:\/\/abidjanconfort.com\/#\/schema\/logo\/image\/"}}]}},"_links":{"self":[{"href":"https:\/\/abidjanconfort.com\/index.php?rest_route=\/wp\/v2\/product\/196","targetHints":{"allow":["GET"]}}],"collection":[{"href":"https:\/\/abidjanconfort.com\/index.php?rest_route=\/wp\/v2\/product"}],"about":[{"href":"https:\/\/abidjanconfort.com\/index.php?rest_route=\/wp\/v2\/types\/product"}],"wp:featuredmedia":[{"embeddable":true,"href":"https:\/\/abidjanconfort.com\/index.php?rest_route=\/wp\/v2\/media\/1565"}],"wp:attachment":[{"href":"https:\/\/abidjanconfort.com\/index.php?rest_route=%2Fwp%2Fv2%2Fmedia&parent=196"}],"wp:term":[{"taxonomy":"product_brand","embeddable":true,"href":"https:\/\/abidjanconfort.com\/index.php?rest_route=%2Fwp%2Fv2%2Fproduct_brand&post=196"},{"taxonomy":"product_cat","embeddable":true,"href":"https:\/\/abidjanconfort.com\/index.php?rest_route=%2Fwp%2Fv2%2Fproduct_cat&post=196"},{"taxonomy":"product_tag","embeddable":true,"href":"https:\/\/abidjanconfort.com\/index.php?rest_route=%2Fwp%2Fv2%2Fproduct_tag&post=196"}],"curies":[{"name":"wp","href":"https:\/\/api.w.org\/{rel}","templated":true}]}}