{"id":195,"date":"2014-08-10T10:06:55","date_gmt":"2014-08-10T10:06:55","guid":{"rendered":"http:\/\/uxthemes.wpengine.com\/?post_type=product&#038;p=395"},"modified":"2025-12-09T16:17:21","modified_gmt":"2025-12-09T16:17:21","slug":"matelas-ortho-microressorts","status":"publish","type":"product","link":"https:\/\/abidjanconfort.com\/?product=matelas-ortho-microressorts","title":{"rendered":"Matelas Ortho Pocket"},"content":{"rendered":"<p>\u2022 Mousse HD Haute Densit\u00e9 11kg\/m3;<br \/>\n\u2022 Mousse HD Haute Densit\u00e9 25Kg\/m3;<br \/>\n\u2022 Ressort Ensach\u00e9s Spring-pockets;<br \/>\n\u2022 A\u00e9rateur Permanent;<br \/>\n\u2022 Rev\u00eatement hypoallerg\u00e9nique antiacarien antibact\u00e9rien;<br \/>\n\u2022 \u00c9paisseur 22cm. <\/p>\n<p>\u00a0<\/p>\n","protected":false},"excerpt":{"rendered":"<p>Le matelas Pocket est un mod\u00e8le au confort mi-ferme qui varie entre 20 et 25cm d&rsquo;\u00e9paisseur.<br \/>\nIl est compos\u00e9 de la mousse HD (haute densit\u00e9 25kg\/m\u1ec9) qui ajoute un soutien ferme, am\u00e9liore la durabilit\u00e9 du matelas et r\u00e9partit mieux le poids du corps. Compos\u00e9 de sa mousse classique ( 11kg\/m\u00b0)pour un accueil qui offre un \u00e9quilibre entre confort et soutien. Il est aussi compos\u00e9 au coeur du matelas des ressorts Pocket spring aux normes britannique, qui att\u00e9nuent les mouvements, limitant ainsi les perturbations pendant le sommeil.<br \/>\nLe rev\u00eatement en tissu hypoallerg\u00e9nique et anti-bact\u00e9rien garantit un environnement de sommeil sain, tandis que l&rsquo;a\u00e9ration optimis\u00e9e assure la long\u00e9vit\u00e9 du matelas.<br \/>\nCelui-ci est id\u00e9al pour les nouveau-n\u00e9s et les personnes recherchant un soutien mi- terme.<\/p>\n","protected":false},"featured_media":1571,"template":"","meta":[],"product_brand":[],"product_cat":[15],"product_tag":[],"class_list":{"0":"post-195","1":"product","2":"type-product","3":"status-publish","4":"has-post-thumbnail","6":"product_cat-haut-de-gamme-matelas","8":"first","9":"instock","10":"shipping-taxable","11":"purchasable","12":"product-type-variable"},"yoast_head":"<!-- This site is optimized with the Yoast SEO plugin v27.5 - https:\/\/yoast.com\/product\/yoast-seo-wordpress\/ -->\n<title>Matelas Ortho Pocket - abidjan confort<\/title>\n<meta name=\"robots\" content=\"index, follow, max-snippet:-1, max-image-preview:large, max-video-preview:-1\" \/>\n<link rel=\"canonical\" href=\"https:\/\/abidjanconfort.com\/?product=matelas-ortho-microressorts\" \/>\n<meta property=\"og:locale\" content=\"fr_FR\" \/>\n<meta property=\"og:type\" content=\"article\" \/>\n<meta property=\"og:title\" content=\"Matelas Ortho Pocket - abidjan confort\" \/>\n<meta property=\"og:description\" content=\"Le matelas Pocket est un mod\u00e8le au confort mi-ferme qui varie entre 20 et 25cm d&#039;\u00e9paisseur. Il est compos\u00e9 de la mousse HD (haute densit\u00e9 25kg\/m\u1ec9) qui ajoute un soutien ferme, am\u00e9liore la durabilit\u00e9 du matelas et r\u00e9partit mieux le poids du corps. Compos\u00e9 de sa mousse classique ( 11kg\/m\u00b0)pour un accueil qui offre un \u00e9quilibre entre confort et soutien. Il est aussi compos\u00e9 au coeur du matelas des ressorts Pocket spring aux normes britannique, qui att\u00e9nuent les mouvements, limitant ainsi les perturbations pendant le sommeil. Le rev\u00eatement en tissu hypoallerg\u00e9nique et anti-bact\u00e9rien garantit un environnement de sommeil sain, tandis que l&#039;a\u00e9ration optimis\u00e9e assure la long\u00e9vit\u00e9 du matelas. Celui-ci est id\u00e9al pour les nouveau-n\u00e9s et les personnes recherchant un soutien mi- terme.\" \/>\n<meta property=\"og:url\" content=\"https:\/\/abidjanconfort.com\/?product=matelas-ortho-microressorts\" \/>\n<meta property=\"og:site_name\" content=\"abidjan confort\" \/>\n<meta property=\"article:modified_time\" content=\"2025-12-09T16:17:21+00:00\" \/>\n<meta property=\"og:image\" content=\"https:\/\/abidjanconfort.com\/wp-content\/uploads\/2014\/08\/POCKET.jpg\" \/>\n\t<meta property=\"og:image:width\" content=\"1052\" \/>\n\t<meta property=\"og:image:height\" content=\"886\" \/>\n\t<meta property=\"og:image:type\" content=\"image\/jpeg\" \/>\n<meta name=\"twitter:label1\" content=\"Dur\u00e9e de lecture estim\u00e9e\" \/>\n\t<meta name=\"twitter:data1\" content=\"1 minute\" \/>\n<script type=\"application\/ld+json\" class=\"yoast-schema-graph\">{\"@context\":\"https:\\\/\\\/schema.org\",\"@graph\":[{\"@type\":\"WebPage\",\"@id\":\"https:\\\/\\\/abidjanconfort.com\\\/?product=matelas-ortho-microressorts\",\"url\":\"https:\\\/\\\/abidjanconfort.com\\\/?product=matelas-ortho-microressorts\",\"name\":\"Matelas Ortho Pocket - abidjan confort\",\"isPartOf\":{\"@id\":\"https:\\\/\\\/abidjanconfort.com\\\/#website\"},\"primaryImageOfPage\":{\"@id\":\"https:\\\/\\\/abidjanconfort.com\\\/?product=matelas-ortho-microressorts#primaryimage\"},\"image\":{\"@id\":\"https:\\\/\\\/abidjanconfort.com\\\/?product=matelas-ortho-microressorts#primaryimage\"},\"thumbnailUrl\":\"https:\\\/\\\/abidjanconfort.com\\\/wp-content\\\/uploads\\\/2014\\\/08\\\/POCKET.jpg\",\"datePublished\":\"2014-08-10T10:06:55+00:00\",\"dateModified\":\"2025-12-09T16:17:21+00:00\",\"breadcrumb\":{\"@id\":\"https:\\\/\\\/abidjanconfort.com\\\/?product=matelas-ortho-microressorts#breadcrumb\"},\"inLanguage\":\"fr-FR\",\"potentialAction\":[{\"@type\":\"ReadAction\",\"target\":[\"https:\\\/\\\/abidjanconfort.com\\\/?product=matelas-ortho-microressorts\"]}]},{\"@type\":\"ImageObject\",\"inLanguage\":\"fr-FR\",\"@id\":\"https:\\\/\\\/abidjanconfort.com\\\/?product=matelas-ortho-microressorts#primaryimage\",\"url\":\"https:\\\/\\\/abidjanconfort.com\\\/wp-content\\\/uploads\\\/2014\\\/08\\\/POCKET.jpg\",\"contentUrl\":\"https:\\\/\\\/abidjanconfort.com\\\/wp-content\\\/uploads\\\/2014\\\/08\\\/POCKET.jpg\",\"width\":1052,\"height\":886,\"caption\":\"Screenshot\"},{\"@type\":\"BreadcrumbList\",\"@id\":\"https:\\\/\\\/abidjanconfort.com\\\/?product=matelas-ortho-microressorts#breadcrumb\",\"itemListElement\":[{\"@type\":\"ListItem\",\"position\":1,\"name\":\"Accueil\",\"item\":\"https:\\\/\\\/abidjanconfort.com\\\/\"},{\"@type\":\"ListItem\",\"position\":2,\"name\":\"Boutique\",\"item\":\"https:\\\/\\\/abidjanconfort.com\\\/?page_id=93\"},{\"@type\":\"ListItem\",\"position\":3,\"name\":\"Matelas Ortho Pocket\"}]},{\"@type\":\"WebSite\",\"@id\":\"https:\\\/\\\/abidjanconfort.com\\\/#website\",\"url\":\"https:\\\/\\\/abidjanconfort.com\\\/\",\"name\":\"EMMA MATELAS\",\"description\":\"\",\"publisher\":{\"@id\":\"https:\\\/\\\/abidjanconfort.com\\\/#organization\"},\"potentialAction\":[{\"@type\":\"SearchAction\",\"target\":{\"@type\":\"EntryPoint\",\"urlTemplate\":\"https:\\\/\\\/abidjanconfort.com\\\/?s={search_term_string}\"},\"query-input\":{\"@type\":\"PropertyValueSpecification\",\"valueRequired\":true,\"valueName\":\"search_term_string\"}}],\"inLanguage\":\"fr-FR\"},{\"@type\":\"Organization\",\"@id\":\"https:\\\/\\\/abidjanconfort.com\\\/#organization\",\"name\":\"EMMA MATELAS\",\"url\":\"https:\\\/\\\/abidjanconfort.com\\\/\",\"logo\":{\"@type\":\"ImageObject\",\"inLanguage\":\"fr-FR\",\"@id\":\"https:\\\/\\\/abidjanconfort.com\\\/#\\\/schema\\\/logo\\\/image\\\/\",\"url\":\"https:\\\/\\\/abidjanconfort.com\\\/wp-content\\\/uploads\\\/2014\\\/08\\\/cropped-soft-1.jpg\",\"contentUrl\":\"https:\\\/\\\/abidjanconfort.com\\\/wp-content\\\/uploads\\\/2014\\\/08\\\/cropped-soft-1.jpg\",\"width\":512,\"height\":512,\"caption\":\"EMMA MATELAS\"},\"image\":{\"@id\":\"https:\\\/\\\/abidjanconfort.com\\\/#\\\/schema\\\/logo\\\/image\\\/\"}}]}<\/script>\n<!-- \/ Yoast SEO plugin. -->","yoast_head_json":{"title":"Matelas Ortho Pocket - abidjan confort","robots":{"index":"index","follow":"follow","max-snippet":"max-snippet:-1","max-image-preview":"max-image-preview:large","max-video-preview":"max-video-preview:-1"},"canonical":"https:\/\/abidjanconfort.com\/?product=matelas-ortho-microressorts","og_locale":"fr_FR","og_type":"article","og_title":"Matelas Ortho Pocket - abidjan confort","og_description":"Le matelas Pocket est un mod\u00e8le au confort mi-ferme qui varie entre 20 et 25cm d'\u00e9paisseur. Il est compos\u00e9 de la mousse HD (haute densit\u00e9 25kg\/m\u1ec9) qui ajoute un soutien ferme, am\u00e9liore la durabilit\u00e9 du matelas et r\u00e9partit mieux le poids du corps. Compos\u00e9 de sa mousse classique ( 11kg\/m\u00b0)pour un accueil qui offre un \u00e9quilibre entre confort et soutien. Il est aussi compos\u00e9 au coeur du matelas des ressorts Pocket spring aux normes britannique, qui att\u00e9nuent les mouvements, limitant ainsi les perturbations pendant le sommeil. Le rev\u00eatement en tissu hypoallerg\u00e9nique et anti-bact\u00e9rien garantit un environnement de sommeil sain, tandis que l'a\u00e9ration optimis\u00e9e assure la long\u00e9vit\u00e9 du matelas. Celui-ci est id\u00e9al pour les nouveau-n\u00e9s et les personnes recherchant un soutien mi- terme.","og_url":"https:\/\/abidjanconfort.com\/?product=matelas-ortho-microressorts","og_site_name":"abidjan confort","article_modified_time":"2025-12-09T16:17:21+00:00","og_image":[{"width":1052,"height":886,"url":"https:\/\/abidjanconfort.com\/wp-content\/uploads\/2014\/08\/POCKET.jpg","type":"image\/jpeg"}],"twitter_misc":{"Dur\u00e9e de lecture estim\u00e9e":"1 minute"},"schema":{"@context":"https:\/\/schema.org","@graph":[{"@type":"WebPage","@id":"https:\/\/abidjanconfort.com\/?product=matelas-ortho-microressorts","url":"https:\/\/abidjanconfort.com\/?product=matelas-ortho-microressorts","name":"Matelas Ortho Pocket - abidjan confort","isPartOf":{"@id":"https:\/\/abidjanconfort.com\/#website"},"primaryImageOfPage":{"@id":"https:\/\/abidjanconfort.com\/?product=matelas-ortho-microressorts#primaryimage"},"image":{"@id":"https:\/\/abidjanconfort.com\/?product=matelas-ortho-microressorts#primaryimage"},"thumbnailUrl":"https:\/\/abidjanconfort.com\/wp-content\/uploads\/2014\/08\/POCKET.jpg","datePublished":"2014-08-10T10:06:55+00:00","dateModified":"2025-12-09T16:17:21+00:00","breadcrumb":{"@id":"https:\/\/abidjanconfort.com\/?product=matelas-ortho-microressorts#breadcrumb"},"inLanguage":"fr-FR","potentialAction":[{"@type":"ReadAction","target":["https:\/\/abidjanconfort.com\/?product=matelas-ortho-microressorts"]}]},{"@type":"ImageObject","inLanguage":"fr-FR","@id":"https:\/\/abidjanconfort.com\/?product=matelas-ortho-microressorts#primaryimage","url":"https:\/\/abidjanconfort.com\/wp-content\/uploads\/2014\/08\/POCKET.jpg","contentUrl":"https:\/\/abidjanconfort.com\/wp-content\/uploads\/2014\/08\/POCKET.jpg","width":1052,"height":886,"caption":"Screenshot"},{"@type":"BreadcrumbList","@id":"https:\/\/abidjanconfort.com\/?product=matelas-ortho-microressorts#breadcrumb","itemListElement":[{"@type":"ListItem","position":1,"name":"Accueil","item":"https:\/\/abidjanconfort.com\/"},{"@type":"ListItem","position":2,"name":"Boutique","item":"https:\/\/abidjanconfort.com\/?page_id=93"},{"@type":"ListItem","position":3,"name":"Matelas Ortho Pocket"}]},{"@type":"WebSite","@id":"https:\/\/abidjanconfort.com\/#website","url":"https:\/\/abidjanconfort.com\/","name":"EMMA MATELAS","description":"","publisher":{"@id":"https:\/\/abidjanconfort.com\/#organization"},"potentialAction":[{"@type":"SearchAction","target":{"@type":"EntryPoint","urlTemplate":"https:\/\/abidjanconfort.com\/?s={search_term_string}"},"query-input":{"@type":"PropertyValueSpecification","valueRequired":true,"valueName":"search_term_string"}}],"inLanguage":"fr-FR"},{"@type":"Organization","@id":"https:\/\/abidjanconfort.com\/#organization","name":"EMMA MATELAS","url":"https:\/\/abidjanconfort.com\/","logo":{"@type":"ImageObject","inLanguage":"fr-FR","@id":"https:\/\/abidjanconfort.com\/#\/schema\/logo\/image\/","url":"https:\/\/abidjanconfort.com\/wp-content\/uploads\/2014\/08\/cropped-soft-1.jpg","contentUrl":"https:\/\/abidjanconfort.com\/wp-content\/uploads\/2014\/08\/cropped-soft-1.jpg","width":512,"height":512,"caption":"EMMA MATELAS"},"image":{"@id":"https:\/\/abidjanconfort.com\/#\/schema\/logo\/image\/"}}]}},"_links":{"self":[{"href":"https:\/\/abidjanconfort.com\/index.php?rest_route=\/wp\/v2\/product\/195","targetHints":{"allow":["GET"]}}],"collection":[{"href":"https:\/\/abidjanconfort.com\/index.php?rest_route=\/wp\/v2\/product"}],"about":[{"href":"https:\/\/abidjanconfort.com\/index.php?rest_route=\/wp\/v2\/types\/product"}],"wp:featuredmedia":[{"embeddable":true,"href":"https:\/\/abidjanconfort.com\/index.php?rest_route=\/wp\/v2\/media\/1571"}],"wp:attachment":[{"href":"https:\/\/abidjanconfort.com\/index.php?rest_route=%2Fwp%2Fv2%2Fmedia&parent=195"}],"wp:term":[{"taxonomy":"product_brand","embeddable":true,"href":"https:\/\/abidjanconfort.com\/index.php?rest_route=%2Fwp%2Fv2%2Fproduct_brand&post=195"},{"taxonomy":"product_cat","embeddable":true,"href":"https:\/\/abidjanconfort.com\/index.php?rest_route=%2Fwp%2Fv2%2Fproduct_cat&post=195"},{"taxonomy":"product_tag","embeddable":true,"href":"https:\/\/abidjanconfort.com\/index.php?rest_route=%2Fwp%2Fv2%2Fproduct_tag&post=195"}],"curies":[{"name":"wp","href":"https:\/\/api.w.org\/{rel}","templated":true}]}}