{"id":1783,"date":"2025-10-17T08:24:37","date_gmt":"2025-10-17T08:24:37","guid":{"rendered":"https:\/\/abidjanconfort.com\/?post_type=product&#038;p=1783"},"modified":"2026-01-15T14:52:47","modified_gmt":"2026-01-15T14:52:47","slug":"matelas-doux","status":"publish","type":"product","link":"https:\/\/abidjanconfort.com\/?product=matelas-doux","title":{"rendered":"Matelas Hybrid II"},"content":{"rendered":"<p>Mousse super soft : 35kg\/m3<br \/>\nRessorts Ensach\u00e9s Spring Pockets<br \/>\nMousse agglom\u00e9r\u00e9e : 80kg\/m3<br \/>\nMousse HR : 45kg\/m3<br \/>\nMousse \u00e0 m\u00e9moire de forme<br \/>\n55kg\/m3<\/p>\n<p>Avantages:<br \/>\nSoutien dorsal<br \/>\nConfort optimal Anti-bact\u00e9rien<br \/>\nTissu hypoallerg\u00e9nique<\/p>\n<p>\u00c9paisseur 27cm<\/p>\n","protected":false},"excerpt":{"rendered":"<p>Le matelas Hybrid II de 27 cm d&rsquo;\u00e9paisseur combine plusieurs zones de confort et la technologie Spring pour un soutien durable et un confort optimal.<br \/>\nIl int\u00e8gre une mousse agglom\u00e9r\u00e9e (80 kg\/m&rsquo;) \u00e0 la base pour renforcer les bords et am\u00e9liorer la durabilit\u00e9, encadrant les ressorts ensach\u00e9s Pocket Springs conformes aux normes britanniques, offrant un soutien cibl\u00e9 et r\u00e9duisant le transfert de mouvement.<br \/>\nAu-dessus, la mousse HR (45 kg\/m3) assure un soutien ferme, tandis que la<br \/>\nmousse \u00e0 m\u00e9moire de forme (55 kg\/m3) \u00e9pouse la silhouette du corps.<br \/>\nCe matelas est r\u00e9versible et comprend une mousse super soft (35 kg\/m3) pour une sensation de douceur imm\u00e9diate. Le rev\u00eatement hypoallerg\u00e9nique et antibact\u00e9rien garantit un environnement de sommeil sain, avec une<br \/>\na\u00e9ration optimis\u00e9e pour une meilleure long\u00e9vit\u00e9.<\/p>\n","protected":false},"featured_media":1796,"template":"","meta":[],"product_brand":[],"product_cat":[125],"product_tag":[],"class_list":{"0":"post-1783","1":"product","2":"type-product","3":"status-publish","4":"has-post-thumbnail","6":"product_cat-matelas-luxe","8":"first","9":"instock","10":"shipping-taxable","11":"purchasable","12":"product-type-variable"},"yoast_head":"<!-- This site is optimized with the Yoast SEO plugin v27.5 - https:\/\/yoast.com\/product\/yoast-seo-wordpress\/ -->\n<title>Matelas Hybrid II - abidjan confort<\/title>\n<meta name=\"robots\" content=\"index, follow, max-snippet:-1, max-image-preview:large, max-video-preview:-1\" \/>\n<link rel=\"canonical\" href=\"https:\/\/abidjanconfort.com\/?product=matelas-doux\" \/>\n<meta property=\"og:locale\" content=\"fr_FR\" \/>\n<meta property=\"og:type\" content=\"article\" \/>\n<meta property=\"og:title\" content=\"Matelas Hybrid II - abidjan confort\" \/>\n<meta property=\"og:description\" content=\"Le matelas Hybrid II de 27 cm d&#039;\u00e9paisseur combine plusieurs zones de confort et la technologie Spring pour un soutien durable et un confort optimal. Il int\u00e8gre une mousse agglom\u00e9r\u00e9e (80 kg\/m&#039;) \u00e0 la base pour renforcer les bords et am\u00e9liorer la durabilit\u00e9, encadrant les ressorts ensach\u00e9s Pocket Springs conformes aux normes britanniques, offrant un soutien cibl\u00e9 et r\u00e9duisant le transfert de mouvement. Au-dessus, la mousse HR (45 kg\/m3) assure un soutien ferme, tandis que la mousse \u00e0 m\u00e9moire de forme (55 kg\/m3) \u00e9pouse la silhouette du corps. Ce matelas est r\u00e9versible et comprend une mousse super soft (35 kg\/m3) pour une sensation de douceur imm\u00e9diate. Le rev\u00eatement hypoallerg\u00e9nique et antibact\u00e9rien garantit un environnement de sommeil sain, avec une a\u00e9ration optimis\u00e9e pour une meilleure long\u00e9vit\u00e9.\" \/>\n<meta property=\"og:url\" content=\"https:\/\/abidjanconfort.com\/?product=matelas-doux\" \/>\n<meta property=\"og:site_name\" content=\"abidjan confort\" \/>\n<meta property=\"article:modified_time\" content=\"2026-01-15T14:52:47+00:00\" \/>\n<meta property=\"og:image\" content=\"https:\/\/abidjanconfort.com\/wp-content\/uploads\/2025\/10\/HYBRID.jpg\" \/>\n\t<meta property=\"og:image:width\" content=\"1045\" \/>\n\t<meta property=\"og:image:height\" content=\"816\" \/>\n\t<meta property=\"og:image:type\" content=\"image\/jpeg\" \/>\n<meta name=\"twitter:label1\" content=\"Dur\u00e9e de lecture estim\u00e9e\" \/>\n\t<meta name=\"twitter:data1\" content=\"1 minute\" \/>\n<script type=\"application\/ld+json\" class=\"yoast-schema-graph\">{\"@context\":\"https:\\\/\\\/schema.org\",\"@graph\":[{\"@type\":\"WebPage\",\"@id\":\"https:\\\/\\\/abidjanconfort.com\\\/?product=matelas-doux\",\"url\":\"https:\\\/\\\/abidjanconfort.com\\\/?product=matelas-doux\",\"name\":\"Matelas Hybrid II - abidjan confort\",\"isPartOf\":{\"@id\":\"https:\\\/\\\/abidjanconfort.com\\\/#website\"},\"primaryImageOfPage\":{\"@id\":\"https:\\\/\\\/abidjanconfort.com\\\/?product=matelas-doux#primaryimage\"},\"image\":{\"@id\":\"https:\\\/\\\/abidjanconfort.com\\\/?product=matelas-doux#primaryimage\"},\"thumbnailUrl\":\"https:\\\/\\\/abidjanconfort.com\\\/wp-content\\\/uploads\\\/2025\\\/10\\\/HYBRID.jpg\",\"datePublished\":\"2025-10-17T08:24:37+00:00\",\"dateModified\":\"2026-01-15T14:52:47+00:00\",\"breadcrumb\":{\"@id\":\"https:\\\/\\\/abidjanconfort.com\\\/?product=matelas-doux#breadcrumb\"},\"inLanguage\":\"fr-FR\",\"potentialAction\":[{\"@type\":\"ReadAction\",\"target\":[\"https:\\\/\\\/abidjanconfort.com\\\/?product=matelas-doux\"]}]},{\"@type\":\"ImageObject\",\"inLanguage\":\"fr-FR\",\"@id\":\"https:\\\/\\\/abidjanconfort.com\\\/?product=matelas-doux#primaryimage\",\"url\":\"https:\\\/\\\/abidjanconfort.com\\\/wp-content\\\/uploads\\\/2025\\\/10\\\/HYBRID.jpg\",\"contentUrl\":\"https:\\\/\\\/abidjanconfort.com\\\/wp-content\\\/uploads\\\/2025\\\/10\\\/HYBRID.jpg\",\"width\":1045,\"height\":816,\"caption\":\"Screenshot\"},{\"@type\":\"BreadcrumbList\",\"@id\":\"https:\\\/\\\/abidjanconfort.com\\\/?product=matelas-doux#breadcrumb\",\"itemListElement\":[{\"@type\":\"ListItem\",\"position\":1,\"name\":\"Accueil\",\"item\":\"https:\\\/\\\/abidjanconfort.com\\\/\"},{\"@type\":\"ListItem\",\"position\":2,\"name\":\"Boutique\",\"item\":\"https:\\\/\\\/abidjanconfort.com\\\/?page_id=93\"},{\"@type\":\"ListItem\",\"position\":3,\"name\":\"Matelas Hybrid II\"}]},{\"@type\":\"WebSite\",\"@id\":\"https:\\\/\\\/abidjanconfort.com\\\/#website\",\"url\":\"https:\\\/\\\/abidjanconfort.com\\\/\",\"name\":\"EMMA MATELAS\",\"description\":\"\",\"publisher\":{\"@id\":\"https:\\\/\\\/abidjanconfort.com\\\/#organization\"},\"potentialAction\":[{\"@type\":\"SearchAction\",\"target\":{\"@type\":\"EntryPoint\",\"urlTemplate\":\"https:\\\/\\\/abidjanconfort.com\\\/?s={search_term_string}\"},\"query-input\":{\"@type\":\"PropertyValueSpecification\",\"valueRequired\":true,\"valueName\":\"search_term_string\"}}],\"inLanguage\":\"fr-FR\"},{\"@type\":\"Organization\",\"@id\":\"https:\\\/\\\/abidjanconfort.com\\\/#organization\",\"name\":\"EMMA MATELAS\",\"url\":\"https:\\\/\\\/abidjanconfort.com\\\/\",\"logo\":{\"@type\":\"ImageObject\",\"inLanguage\":\"fr-FR\",\"@id\":\"https:\\\/\\\/abidjanconfort.com\\\/#\\\/schema\\\/logo\\\/image\\\/\",\"url\":\"https:\\\/\\\/abidjanconfort.com\\\/wp-content\\\/uploads\\\/2014\\\/08\\\/cropped-soft-1.jpg\",\"contentUrl\":\"https:\\\/\\\/abidjanconfort.com\\\/wp-content\\\/uploads\\\/2014\\\/08\\\/cropped-soft-1.jpg\",\"width\":512,\"height\":512,\"caption\":\"EMMA MATELAS\"},\"image\":{\"@id\":\"https:\\\/\\\/abidjanconfort.com\\\/#\\\/schema\\\/logo\\\/image\\\/\"}}]}<\/script>\n<!-- \/ Yoast SEO plugin. -->","yoast_head_json":{"title":"Matelas Hybrid II - abidjan confort","robots":{"index":"index","follow":"follow","max-snippet":"max-snippet:-1","max-image-preview":"max-image-preview:large","max-video-preview":"max-video-preview:-1"},"canonical":"https:\/\/abidjanconfort.com\/?product=matelas-doux","og_locale":"fr_FR","og_type":"article","og_title":"Matelas Hybrid II - abidjan confort","og_description":"Le matelas Hybrid II de 27 cm d'\u00e9paisseur combine plusieurs zones de confort et la technologie Spring pour un soutien durable et un confort optimal. Il int\u00e8gre une mousse agglom\u00e9r\u00e9e (80 kg\/m') \u00e0 la base pour renforcer les bords et am\u00e9liorer la durabilit\u00e9, encadrant les ressorts ensach\u00e9s Pocket Springs conformes aux normes britanniques, offrant un soutien cibl\u00e9 et r\u00e9duisant le transfert de mouvement. Au-dessus, la mousse HR (45 kg\/m3) assure un soutien ferme, tandis que la mousse \u00e0 m\u00e9moire de forme (55 kg\/m3) \u00e9pouse la silhouette du corps. Ce matelas est r\u00e9versible et comprend une mousse super soft (35 kg\/m3) pour une sensation de douceur imm\u00e9diate. Le rev\u00eatement hypoallerg\u00e9nique et antibact\u00e9rien garantit un environnement de sommeil sain, avec une a\u00e9ration optimis\u00e9e pour une meilleure long\u00e9vit\u00e9.","og_url":"https:\/\/abidjanconfort.com\/?product=matelas-doux","og_site_name":"abidjan confort","article_modified_time":"2026-01-15T14:52:47+00:00","og_image":[{"width":1045,"height":816,"url":"https:\/\/abidjanconfort.com\/wp-content\/uploads\/2025\/10\/HYBRID.jpg","type":"image\/jpeg"}],"twitter_misc":{"Dur\u00e9e de lecture estim\u00e9e":"1 minute"},"schema":{"@context":"https:\/\/schema.org","@graph":[{"@type":"WebPage","@id":"https:\/\/abidjanconfort.com\/?product=matelas-doux","url":"https:\/\/abidjanconfort.com\/?product=matelas-doux","name":"Matelas Hybrid II - abidjan confort","isPartOf":{"@id":"https:\/\/abidjanconfort.com\/#website"},"primaryImageOfPage":{"@id":"https:\/\/abidjanconfort.com\/?product=matelas-doux#primaryimage"},"image":{"@id":"https:\/\/abidjanconfort.com\/?product=matelas-doux#primaryimage"},"thumbnailUrl":"https:\/\/abidjanconfort.com\/wp-content\/uploads\/2025\/10\/HYBRID.jpg","datePublished":"2025-10-17T08:24:37+00:00","dateModified":"2026-01-15T14:52:47+00:00","breadcrumb":{"@id":"https:\/\/abidjanconfort.com\/?product=matelas-doux#breadcrumb"},"inLanguage":"fr-FR","potentialAction":[{"@type":"ReadAction","target":["https:\/\/abidjanconfort.com\/?product=matelas-doux"]}]},{"@type":"ImageObject","inLanguage":"fr-FR","@id":"https:\/\/abidjanconfort.com\/?product=matelas-doux#primaryimage","url":"https:\/\/abidjanconfort.com\/wp-content\/uploads\/2025\/10\/HYBRID.jpg","contentUrl":"https:\/\/abidjanconfort.com\/wp-content\/uploads\/2025\/10\/HYBRID.jpg","width":1045,"height":816,"caption":"Screenshot"},{"@type":"BreadcrumbList","@id":"https:\/\/abidjanconfort.com\/?product=matelas-doux#breadcrumb","itemListElement":[{"@type":"ListItem","position":1,"name":"Accueil","item":"https:\/\/abidjanconfort.com\/"},{"@type":"ListItem","position":2,"name":"Boutique","item":"https:\/\/abidjanconfort.com\/?page_id=93"},{"@type":"ListItem","position":3,"name":"Matelas Hybrid II"}]},{"@type":"WebSite","@id":"https:\/\/abidjanconfort.com\/#website","url":"https:\/\/abidjanconfort.com\/","name":"EMMA MATELAS","description":"","publisher":{"@id":"https:\/\/abidjanconfort.com\/#organization"},"potentialAction":[{"@type":"SearchAction","target":{"@type":"EntryPoint","urlTemplate":"https:\/\/abidjanconfort.com\/?s={search_term_string}"},"query-input":{"@type":"PropertyValueSpecification","valueRequired":true,"valueName":"search_term_string"}}],"inLanguage":"fr-FR"},{"@type":"Organization","@id":"https:\/\/abidjanconfort.com\/#organization","name":"EMMA MATELAS","url":"https:\/\/abidjanconfort.com\/","logo":{"@type":"ImageObject","inLanguage":"fr-FR","@id":"https:\/\/abidjanconfort.com\/#\/schema\/logo\/image\/","url":"https:\/\/abidjanconfort.com\/wp-content\/uploads\/2014\/08\/cropped-soft-1.jpg","contentUrl":"https:\/\/abidjanconfort.com\/wp-content\/uploads\/2014\/08\/cropped-soft-1.jpg","width":512,"height":512,"caption":"EMMA MATELAS"},"image":{"@id":"https:\/\/abidjanconfort.com\/#\/schema\/logo\/image\/"}}]}},"_links":{"self":[{"href":"https:\/\/abidjanconfort.com\/index.php?rest_route=\/wp\/v2\/product\/1783","targetHints":{"allow":["GET"]}}],"collection":[{"href":"https:\/\/abidjanconfort.com\/index.php?rest_route=\/wp\/v2\/product"}],"about":[{"href":"https:\/\/abidjanconfort.com\/index.php?rest_route=\/wp\/v2\/types\/product"}],"wp:featuredmedia":[{"embeddable":true,"href":"https:\/\/abidjanconfort.com\/index.php?rest_route=\/wp\/v2\/media\/1796"}],"wp:attachment":[{"href":"https:\/\/abidjanconfort.com\/index.php?rest_route=%2Fwp%2Fv2%2Fmedia&parent=1783"}],"wp:term":[{"taxonomy":"product_brand","embeddable":true,"href":"https:\/\/abidjanconfort.com\/index.php?rest_route=%2Fwp%2Fv2%2Fproduct_brand&post=1783"},{"taxonomy":"product_cat","embeddable":true,"href":"https:\/\/abidjanconfort.com\/index.php?rest_route=%2Fwp%2Fv2%2Fproduct_cat&post=1783"},{"taxonomy":"product_tag","embeddable":true,"href":"https:\/\/abidjanconfort.com\/index.php?rest_route=%2Fwp%2Fv2%2Fproduct_tag&post=1783"}],"curies":[{"name":"wp","href":"https:\/\/api.w.org\/{rel}","templated":true}]}}