{"id":1769,"date":"2025-10-17T07:59:33","date_gmt":"2025-10-17T07:59:33","guid":{"rendered":"https:\/\/abidjanconfort.com\/?post_type=product&#038;p=1769"},"modified":"2025-10-17T08:50:23","modified_gmt":"2025-10-17T08:50:23","slug":"matelas-luxe-2","status":"publish","type":"product","link":"https:\/\/abidjanconfort.com\/?product=matelas-luxe-2","title":{"rendered":"Matelas Luxia"},"content":{"rendered":"<p>Densit\u00e9 des mousses:<br \/>\nMousse super soft : 35kg\/m3<br \/>\nMousse agglom\u00e9r\u00e9e : 80kg\/m3<\/p>\n<p>Avantages :<br \/>\nMousse haute densit\u00e9 ferme<br \/>\nSoutien dorsal<br \/>\nConfort mi-ferme anti-bact\u00e9rien<br \/>\nTissu hypo-alerg\u00e9nique<br \/>\n\u00c9paisseur 25cm<\/p>\n","protected":false},"excerpt":{"rendered":"<p>Le matelas Luxia est un mod\u00e8le tr\u00e8s ferme qui est de 25cm d&rsquo;\u00e9paisseur, id\u00e9al pour ceux recherchant un soutien accru, comme les personnes souffrant de douleurs dorsales.<br \/>\nIl est compos\u00e9 de mousse super sott (35 kg\/m3) pour un confort initial agr\u00e9able et un soulagement de la pression sur les \u00e9paules et les hanches. Il int\u00e8gre aussi de la mousse agglom\u00e9r\u00e9e (80 kg\/m3), offrant un soutien ferme pour maintenir l&rsquo;alignement de la colonne vert\u00e9brale.<br \/>\nLe rev\u00eatement en tissu hypoallerg\u00e9nique et anti-bact\u00e9rien garantit un environnement de sommeil sain, tandis que l&rsquo;a\u00e9ration optimis\u00e9e assure la long\u00e9vit\u00e9 du matelas.<\/p>\n","protected":false},"featured_media":1782,"template":"","meta":[],"product_brand":[],"product_cat":[125],"product_tag":[],"class_list":{"0":"post-1769","1":"product","2":"type-product","3":"status-publish","4":"has-post-thumbnail","6":"product_cat-matelas-luxe","8":"first","9":"instock","10":"shipping-taxable","11":"purchasable","12":"product-type-variable"},"yoast_head":"<!-- This site is optimized with the Yoast SEO plugin v27.5 - https:\/\/yoast.com\/product\/yoast-seo-wordpress\/ -->\n<title>Matelas Luxia - abidjan confort<\/title>\n<meta name=\"robots\" content=\"index, follow, max-snippet:-1, max-image-preview:large, max-video-preview:-1\" \/>\n<link rel=\"canonical\" href=\"https:\/\/abidjanconfort.com\/?product=matelas-luxe-2\" \/>\n<meta property=\"og:locale\" content=\"fr_FR\" \/>\n<meta property=\"og:type\" content=\"article\" \/>\n<meta property=\"og:title\" content=\"Matelas Luxia - abidjan confort\" \/>\n<meta property=\"og:description\" content=\"Le matelas Luxia est un mod\u00e8le tr\u00e8s ferme qui est de 25cm d&#039;\u00e9paisseur, id\u00e9al pour ceux recherchant un soutien accru, comme les personnes souffrant de douleurs dorsales. Il est compos\u00e9 de mousse super sott (35 kg\/m3) pour un confort initial agr\u00e9able et un soulagement de la pression sur les \u00e9paules et les hanches. Il int\u00e8gre aussi de la mousse agglom\u00e9r\u00e9e (80 kg\/m3), offrant un soutien ferme pour maintenir l&#039;alignement de la colonne vert\u00e9brale. Le rev\u00eatement en tissu hypoallerg\u00e9nique et anti-bact\u00e9rien garantit un environnement de sommeil sain, tandis que l&#039;a\u00e9ration optimis\u00e9e assure la long\u00e9vit\u00e9 du matelas.\" \/>\n<meta property=\"og:url\" content=\"https:\/\/abidjanconfort.com\/?product=matelas-luxe-2\" \/>\n<meta property=\"og:site_name\" content=\"abidjan confort\" \/>\n<meta property=\"article:modified_time\" content=\"2025-10-17T08:50:23+00:00\" \/>\n<meta property=\"og:image\" content=\"https:\/\/abidjanconfort.com\/wp-content\/uploads\/2025\/10\/LUXIA.jpg\" \/>\n\t<meta property=\"og:image:width\" content=\"1055\" \/>\n\t<meta property=\"og:image:height\" content=\"868\" \/>\n\t<meta property=\"og:image:type\" content=\"image\/jpeg\" \/>\n<meta name=\"twitter:label1\" content=\"Dur\u00e9e de lecture estim\u00e9e\" \/>\n\t<meta name=\"twitter:data1\" content=\"1 minute\" \/>\n<script type=\"application\/ld+json\" class=\"yoast-schema-graph\">{\"@context\":\"https:\\\/\\\/schema.org\",\"@graph\":[{\"@type\":\"WebPage\",\"@id\":\"https:\\\/\\\/abidjanconfort.com\\\/?product=matelas-luxe-2\",\"url\":\"https:\\\/\\\/abidjanconfort.com\\\/?product=matelas-luxe-2\",\"name\":\"Matelas Luxia - abidjan confort\",\"isPartOf\":{\"@id\":\"https:\\\/\\\/abidjanconfort.com\\\/#website\"},\"primaryImageOfPage\":{\"@id\":\"https:\\\/\\\/abidjanconfort.com\\\/?product=matelas-luxe-2#primaryimage\"},\"image\":{\"@id\":\"https:\\\/\\\/abidjanconfort.com\\\/?product=matelas-luxe-2#primaryimage\"},\"thumbnailUrl\":\"https:\\\/\\\/abidjanconfort.com\\\/wp-content\\\/uploads\\\/2025\\\/10\\\/LUXIA.jpg\",\"datePublished\":\"2025-10-17T07:59:33+00:00\",\"dateModified\":\"2025-10-17T08:50:23+00:00\",\"breadcrumb\":{\"@id\":\"https:\\\/\\\/abidjanconfort.com\\\/?product=matelas-luxe-2#breadcrumb\"},\"inLanguage\":\"fr-FR\",\"potentialAction\":[{\"@type\":\"ReadAction\",\"target\":[\"https:\\\/\\\/abidjanconfort.com\\\/?product=matelas-luxe-2\"]}]},{\"@type\":\"ImageObject\",\"inLanguage\":\"fr-FR\",\"@id\":\"https:\\\/\\\/abidjanconfort.com\\\/?product=matelas-luxe-2#primaryimage\",\"url\":\"https:\\\/\\\/abidjanconfort.com\\\/wp-content\\\/uploads\\\/2025\\\/10\\\/LUXIA.jpg\",\"contentUrl\":\"https:\\\/\\\/abidjanconfort.com\\\/wp-content\\\/uploads\\\/2025\\\/10\\\/LUXIA.jpg\",\"width\":1055,\"height\":868,\"caption\":\"Screenshot\"},{\"@type\":\"BreadcrumbList\",\"@id\":\"https:\\\/\\\/abidjanconfort.com\\\/?product=matelas-luxe-2#breadcrumb\",\"itemListElement\":[{\"@type\":\"ListItem\",\"position\":1,\"name\":\"Accueil\",\"item\":\"https:\\\/\\\/abidjanconfort.com\\\/\"},{\"@type\":\"ListItem\",\"position\":2,\"name\":\"Boutique\",\"item\":\"https:\\\/\\\/abidjanconfort.com\\\/?page_id=93\"},{\"@type\":\"ListItem\",\"position\":3,\"name\":\"Matelas Luxia\"}]},{\"@type\":\"WebSite\",\"@id\":\"https:\\\/\\\/abidjanconfort.com\\\/#website\",\"url\":\"https:\\\/\\\/abidjanconfort.com\\\/\",\"name\":\"EMMA MATELAS\",\"description\":\"\",\"publisher\":{\"@id\":\"https:\\\/\\\/abidjanconfort.com\\\/#organization\"},\"potentialAction\":[{\"@type\":\"SearchAction\",\"target\":{\"@type\":\"EntryPoint\",\"urlTemplate\":\"https:\\\/\\\/abidjanconfort.com\\\/?s={search_term_string}\"},\"query-input\":{\"@type\":\"PropertyValueSpecification\",\"valueRequired\":true,\"valueName\":\"search_term_string\"}}],\"inLanguage\":\"fr-FR\"},{\"@type\":\"Organization\",\"@id\":\"https:\\\/\\\/abidjanconfort.com\\\/#organization\",\"name\":\"EMMA MATELAS\",\"url\":\"https:\\\/\\\/abidjanconfort.com\\\/\",\"logo\":{\"@type\":\"ImageObject\",\"inLanguage\":\"fr-FR\",\"@id\":\"https:\\\/\\\/abidjanconfort.com\\\/#\\\/schema\\\/logo\\\/image\\\/\",\"url\":\"https:\\\/\\\/abidjanconfort.com\\\/wp-content\\\/uploads\\\/2014\\\/08\\\/cropped-soft-1.jpg\",\"contentUrl\":\"https:\\\/\\\/abidjanconfort.com\\\/wp-content\\\/uploads\\\/2014\\\/08\\\/cropped-soft-1.jpg\",\"width\":512,\"height\":512,\"caption\":\"EMMA MATELAS\"},\"image\":{\"@id\":\"https:\\\/\\\/abidjanconfort.com\\\/#\\\/schema\\\/logo\\\/image\\\/\"}}]}<\/script>\n<!-- \/ Yoast SEO plugin. -->","yoast_head_json":{"title":"Matelas Luxia - abidjan confort","robots":{"index":"index","follow":"follow","max-snippet":"max-snippet:-1","max-image-preview":"max-image-preview:large","max-video-preview":"max-video-preview:-1"},"canonical":"https:\/\/abidjanconfort.com\/?product=matelas-luxe-2","og_locale":"fr_FR","og_type":"article","og_title":"Matelas Luxia - abidjan confort","og_description":"Le matelas Luxia est un mod\u00e8le tr\u00e8s ferme qui est de 25cm d'\u00e9paisseur, id\u00e9al pour ceux recherchant un soutien accru, comme les personnes souffrant de douleurs dorsales. Il est compos\u00e9 de mousse super sott (35 kg\/m3) pour un confort initial agr\u00e9able et un soulagement de la pression sur les \u00e9paules et les hanches. Il int\u00e8gre aussi de la mousse agglom\u00e9r\u00e9e (80 kg\/m3), offrant un soutien ferme pour maintenir l'alignement de la colonne vert\u00e9brale. Le rev\u00eatement en tissu hypoallerg\u00e9nique et anti-bact\u00e9rien garantit un environnement de sommeil sain, tandis que l'a\u00e9ration optimis\u00e9e assure la long\u00e9vit\u00e9 du matelas.","og_url":"https:\/\/abidjanconfort.com\/?product=matelas-luxe-2","og_site_name":"abidjan confort","article_modified_time":"2025-10-17T08:50:23+00:00","og_image":[{"width":1055,"height":868,"url":"https:\/\/abidjanconfort.com\/wp-content\/uploads\/2025\/10\/LUXIA.jpg","type":"image\/jpeg"}],"twitter_misc":{"Dur\u00e9e de lecture estim\u00e9e":"1 minute"},"schema":{"@context":"https:\/\/schema.org","@graph":[{"@type":"WebPage","@id":"https:\/\/abidjanconfort.com\/?product=matelas-luxe-2","url":"https:\/\/abidjanconfort.com\/?product=matelas-luxe-2","name":"Matelas Luxia - abidjan confort","isPartOf":{"@id":"https:\/\/abidjanconfort.com\/#website"},"primaryImageOfPage":{"@id":"https:\/\/abidjanconfort.com\/?product=matelas-luxe-2#primaryimage"},"image":{"@id":"https:\/\/abidjanconfort.com\/?product=matelas-luxe-2#primaryimage"},"thumbnailUrl":"https:\/\/abidjanconfort.com\/wp-content\/uploads\/2025\/10\/LUXIA.jpg","datePublished":"2025-10-17T07:59:33+00:00","dateModified":"2025-10-17T08:50:23+00:00","breadcrumb":{"@id":"https:\/\/abidjanconfort.com\/?product=matelas-luxe-2#breadcrumb"},"inLanguage":"fr-FR","potentialAction":[{"@type":"ReadAction","target":["https:\/\/abidjanconfort.com\/?product=matelas-luxe-2"]}]},{"@type":"ImageObject","inLanguage":"fr-FR","@id":"https:\/\/abidjanconfort.com\/?product=matelas-luxe-2#primaryimage","url":"https:\/\/abidjanconfort.com\/wp-content\/uploads\/2025\/10\/LUXIA.jpg","contentUrl":"https:\/\/abidjanconfort.com\/wp-content\/uploads\/2025\/10\/LUXIA.jpg","width":1055,"height":868,"caption":"Screenshot"},{"@type":"BreadcrumbList","@id":"https:\/\/abidjanconfort.com\/?product=matelas-luxe-2#breadcrumb","itemListElement":[{"@type":"ListItem","position":1,"name":"Accueil","item":"https:\/\/abidjanconfort.com\/"},{"@type":"ListItem","position":2,"name":"Boutique","item":"https:\/\/abidjanconfort.com\/?page_id=93"},{"@type":"ListItem","position":3,"name":"Matelas Luxia"}]},{"@type":"WebSite","@id":"https:\/\/abidjanconfort.com\/#website","url":"https:\/\/abidjanconfort.com\/","name":"EMMA MATELAS","description":"","publisher":{"@id":"https:\/\/abidjanconfort.com\/#organization"},"potentialAction":[{"@type":"SearchAction","target":{"@type":"EntryPoint","urlTemplate":"https:\/\/abidjanconfort.com\/?s={search_term_string}"},"query-input":{"@type":"PropertyValueSpecification","valueRequired":true,"valueName":"search_term_string"}}],"inLanguage":"fr-FR"},{"@type":"Organization","@id":"https:\/\/abidjanconfort.com\/#organization","name":"EMMA MATELAS","url":"https:\/\/abidjanconfort.com\/","logo":{"@type":"ImageObject","inLanguage":"fr-FR","@id":"https:\/\/abidjanconfort.com\/#\/schema\/logo\/image\/","url":"https:\/\/abidjanconfort.com\/wp-content\/uploads\/2014\/08\/cropped-soft-1.jpg","contentUrl":"https:\/\/abidjanconfort.com\/wp-content\/uploads\/2014\/08\/cropped-soft-1.jpg","width":512,"height":512,"caption":"EMMA MATELAS"},"image":{"@id":"https:\/\/abidjanconfort.com\/#\/schema\/logo\/image\/"}}]}},"_links":{"self":[{"href":"https:\/\/abidjanconfort.com\/index.php?rest_route=\/wp\/v2\/product\/1769","targetHints":{"allow":["GET"]}}],"collection":[{"href":"https:\/\/abidjanconfort.com\/index.php?rest_route=\/wp\/v2\/product"}],"about":[{"href":"https:\/\/abidjanconfort.com\/index.php?rest_route=\/wp\/v2\/types\/product"}],"wp:featuredmedia":[{"embeddable":true,"href":"https:\/\/abidjanconfort.com\/index.php?rest_route=\/wp\/v2\/media\/1782"}],"wp:attachment":[{"href":"https:\/\/abidjanconfort.com\/index.php?rest_route=%2Fwp%2Fv2%2Fmedia&parent=1769"}],"wp:term":[{"taxonomy":"product_brand","embeddable":true,"href":"https:\/\/abidjanconfort.com\/index.php?rest_route=%2Fwp%2Fv2%2Fproduct_brand&post=1769"},{"taxonomy":"product_cat","embeddable":true,"href":"https:\/\/abidjanconfort.com\/index.php?rest_route=%2Fwp%2Fv2%2Fproduct_cat&post=1769"},{"taxonomy":"product_tag","embeddable":true,"href":"https:\/\/abidjanconfort.com\/index.php?rest_route=%2Fwp%2Fv2%2Fproduct_tag&post=1769"}],"curies":[{"name":"wp","href":"https:\/\/api.w.org\/{rel}","templated":true}]}}