{"id":1756,"date":"2025-10-17T07:36:09","date_gmt":"2025-10-17T07:36:09","guid":{"rendered":"https:\/\/abidjanconfort.com\/?post_type=product&#038;p=1756"},"modified":"2026-01-15T14:42:44","modified_gmt":"2026-01-15T14:42:44","slug":"matelas-ortho-ferme","status":"publish","type":"product","link":"https:\/\/abidjanconfort.com\/?product=matelas-ortho-ferme","title":{"rendered":"Matelas Noctura"},"content":{"rendered":"<p>Mousse super soft: 35 kg\/m3<br \/>\nRessorts Biconiques<br \/>\nMousse agglom\u00e9r\u00e9e : 80 kg\/m3<br \/>\nMousse HD : 25 kg\/m3<\/p>\n<p>Avantages:<br \/>\nSoutien dorsal ferme<br \/>\nConfort ferme<br \/>\nHypoallerg\u00e9nique et anti-bact\u00e9rien<br \/>\nA\u00e9ration et durabilit\u00e9 garanties<\/p>\n","protected":false},"excerpt":{"rendered":"<p>Le matelas Noctura est un mod\u00e8le ferme d&rsquo;\u00e9paisseur 25cm.<br \/>\nIl est compos\u00e9 de mousse super soft (35 kg\/m&rsquo;), et de mousse bleue PH6 (25 kg\/m\u00aa) pour un soutien accru et une meilleure durabilit\u00e9.<br \/>\nIl int\u00e8gre \u00e9galement au c\u0153ur du matelas des ressorts biconiques, assurant une r\u00e9partition uniforme du poids et un soutien plus homog\u00e8ne pour un confort optimal.<br \/>\nEnfin le rev\u00eatement en tissu hypoallerg\u00e9nique et antibact\u00e9rien garantit un environnement de sommeil sain et ajoute une sensation de fra\u00eecheur et de douceur \u00e0 l&rsquo;ensemble.<\/p>\n","protected":false},"featured_media":1570,"template":"","meta":[],"product_brand":[],"product_cat":[15],"product_tag":[],"class_list":{"0":"post-1756","1":"product","2":"type-product","3":"status-publish","4":"has-post-thumbnail","6":"product_cat-haut-de-gamme-matelas","8":"first","9":"instock","10":"shipping-taxable","11":"purchasable","12":"product-type-variable"},"yoast_head":"<!-- This site is optimized with the Yoast SEO plugin v27.5 - https:\/\/yoast.com\/product\/yoast-seo-wordpress\/ -->\n<title>Matelas Noctura - abidjan confort<\/title>\n<meta name=\"robots\" content=\"index, follow, max-snippet:-1, max-image-preview:large, max-video-preview:-1\" \/>\n<link rel=\"canonical\" href=\"https:\/\/abidjanconfort.com\/?product=matelas-ortho-ferme\" \/>\n<meta property=\"og:locale\" content=\"fr_FR\" \/>\n<meta property=\"og:type\" content=\"article\" \/>\n<meta property=\"og:title\" content=\"Matelas Noctura - abidjan confort\" \/>\n<meta property=\"og:description\" content=\"Le matelas Noctura est un mod\u00e8le ferme d&#039;\u00e9paisseur 25cm. Il est compos\u00e9 de mousse super soft (35 kg\/m&#039;), et de mousse bleue PH6 (25 kg\/m\u00aa) pour un soutien accru et une meilleure durabilit\u00e9. Il int\u00e8gre \u00e9galement au c\u0153ur du matelas des ressorts biconiques, assurant une r\u00e9partition uniforme du poids et un soutien plus homog\u00e8ne pour un confort optimal. Enfin le rev\u00eatement en tissu hypoallerg\u00e9nique et antibact\u00e9rien garantit un environnement de sommeil sain et ajoute une sensation de fra\u00eecheur et de douceur \u00e0 l&#039;ensemble.\" \/>\n<meta property=\"og:url\" content=\"https:\/\/abidjanconfort.com\/?product=matelas-ortho-ferme\" \/>\n<meta property=\"og:site_name\" content=\"abidjan confort\" \/>\n<meta property=\"article:modified_time\" content=\"2026-01-15T14:42:44+00:00\" \/>\n<meta property=\"og:image\" content=\"https:\/\/abidjanconfort.com\/wp-content\/uploads\/2014\/08\/NOCTURA.jpg\" \/>\n\t<meta property=\"og:image:width\" content=\"1055\" \/>\n\t<meta property=\"og:image:height\" content=\"865\" \/>\n\t<meta property=\"og:image:type\" content=\"image\/jpeg\" \/>\n<meta name=\"twitter:label1\" content=\"Dur\u00e9e de lecture estim\u00e9e\" \/>\n\t<meta name=\"twitter:data1\" content=\"1 minute\" \/>\n<script type=\"application\/ld+json\" class=\"yoast-schema-graph\">{\"@context\":\"https:\\\/\\\/schema.org\",\"@graph\":[{\"@type\":\"WebPage\",\"@id\":\"https:\\\/\\\/abidjanconfort.com\\\/?product=matelas-ortho-ferme\",\"url\":\"https:\\\/\\\/abidjanconfort.com\\\/?product=matelas-ortho-ferme\",\"name\":\"Matelas Noctura - abidjan confort\",\"isPartOf\":{\"@id\":\"https:\\\/\\\/abidjanconfort.com\\\/#website\"},\"primaryImageOfPage\":{\"@id\":\"https:\\\/\\\/abidjanconfort.com\\\/?product=matelas-ortho-ferme#primaryimage\"},\"image\":{\"@id\":\"https:\\\/\\\/abidjanconfort.com\\\/?product=matelas-ortho-ferme#primaryimage\"},\"thumbnailUrl\":\"https:\\\/\\\/abidjanconfort.com\\\/wp-content\\\/uploads\\\/2014\\\/08\\\/NOCTURA.jpg\",\"datePublished\":\"2025-10-17T07:36:09+00:00\",\"dateModified\":\"2026-01-15T14:42:44+00:00\",\"breadcrumb\":{\"@id\":\"https:\\\/\\\/abidjanconfort.com\\\/?product=matelas-ortho-ferme#breadcrumb\"},\"inLanguage\":\"fr-FR\",\"potentialAction\":[{\"@type\":\"ReadAction\",\"target\":[\"https:\\\/\\\/abidjanconfort.com\\\/?product=matelas-ortho-ferme\"]}]},{\"@type\":\"ImageObject\",\"inLanguage\":\"fr-FR\",\"@id\":\"https:\\\/\\\/abidjanconfort.com\\\/?product=matelas-ortho-ferme#primaryimage\",\"url\":\"https:\\\/\\\/abidjanconfort.com\\\/wp-content\\\/uploads\\\/2014\\\/08\\\/NOCTURA.jpg\",\"contentUrl\":\"https:\\\/\\\/abidjanconfort.com\\\/wp-content\\\/uploads\\\/2014\\\/08\\\/NOCTURA.jpg\",\"width\":1055,\"height\":865,\"caption\":\"Screenshot\"},{\"@type\":\"BreadcrumbList\",\"@id\":\"https:\\\/\\\/abidjanconfort.com\\\/?product=matelas-ortho-ferme#breadcrumb\",\"itemListElement\":[{\"@type\":\"ListItem\",\"position\":1,\"name\":\"Accueil\",\"item\":\"https:\\\/\\\/abidjanconfort.com\\\/\"},{\"@type\":\"ListItem\",\"position\":2,\"name\":\"Boutique\",\"item\":\"https:\\\/\\\/abidjanconfort.com\\\/?page_id=93\"},{\"@type\":\"ListItem\",\"position\":3,\"name\":\"Matelas Noctura\"}]},{\"@type\":\"WebSite\",\"@id\":\"https:\\\/\\\/abidjanconfort.com\\\/#website\",\"url\":\"https:\\\/\\\/abidjanconfort.com\\\/\",\"name\":\"EMMA MATELAS\",\"description\":\"\",\"publisher\":{\"@id\":\"https:\\\/\\\/abidjanconfort.com\\\/#organization\"},\"potentialAction\":[{\"@type\":\"SearchAction\",\"target\":{\"@type\":\"EntryPoint\",\"urlTemplate\":\"https:\\\/\\\/abidjanconfort.com\\\/?s={search_term_string}\"},\"query-input\":{\"@type\":\"PropertyValueSpecification\",\"valueRequired\":true,\"valueName\":\"search_term_string\"}}],\"inLanguage\":\"fr-FR\"},{\"@type\":\"Organization\",\"@id\":\"https:\\\/\\\/abidjanconfort.com\\\/#organization\",\"name\":\"EMMA MATELAS\",\"url\":\"https:\\\/\\\/abidjanconfort.com\\\/\",\"logo\":{\"@type\":\"ImageObject\",\"inLanguage\":\"fr-FR\",\"@id\":\"https:\\\/\\\/abidjanconfort.com\\\/#\\\/schema\\\/logo\\\/image\\\/\",\"url\":\"https:\\\/\\\/abidjanconfort.com\\\/wp-content\\\/uploads\\\/2014\\\/08\\\/cropped-soft-1.jpg\",\"contentUrl\":\"https:\\\/\\\/abidjanconfort.com\\\/wp-content\\\/uploads\\\/2014\\\/08\\\/cropped-soft-1.jpg\",\"width\":512,\"height\":512,\"caption\":\"EMMA MATELAS\"},\"image\":{\"@id\":\"https:\\\/\\\/abidjanconfort.com\\\/#\\\/schema\\\/logo\\\/image\\\/\"}}]}<\/script>\n<!-- \/ Yoast SEO plugin. -->","yoast_head_json":{"title":"Matelas Noctura - abidjan confort","robots":{"index":"index","follow":"follow","max-snippet":"max-snippet:-1","max-image-preview":"max-image-preview:large","max-video-preview":"max-video-preview:-1"},"canonical":"https:\/\/abidjanconfort.com\/?product=matelas-ortho-ferme","og_locale":"fr_FR","og_type":"article","og_title":"Matelas Noctura - abidjan confort","og_description":"Le matelas Noctura est un mod\u00e8le ferme d'\u00e9paisseur 25cm. Il est compos\u00e9 de mousse super soft (35 kg\/m'), et de mousse bleue PH6 (25 kg\/m\u00aa) pour un soutien accru et une meilleure durabilit\u00e9. Il int\u00e8gre \u00e9galement au c\u0153ur du matelas des ressorts biconiques, assurant une r\u00e9partition uniforme du poids et un soutien plus homog\u00e8ne pour un confort optimal. Enfin le rev\u00eatement en tissu hypoallerg\u00e9nique et antibact\u00e9rien garantit un environnement de sommeil sain et ajoute une sensation de fra\u00eecheur et de douceur \u00e0 l'ensemble.","og_url":"https:\/\/abidjanconfort.com\/?product=matelas-ortho-ferme","og_site_name":"abidjan confort","article_modified_time":"2026-01-15T14:42:44+00:00","og_image":[{"width":1055,"height":865,"url":"https:\/\/abidjanconfort.com\/wp-content\/uploads\/2014\/08\/NOCTURA.jpg","type":"image\/jpeg"}],"twitter_misc":{"Dur\u00e9e de lecture estim\u00e9e":"1 minute"},"schema":{"@context":"https:\/\/schema.org","@graph":[{"@type":"WebPage","@id":"https:\/\/abidjanconfort.com\/?product=matelas-ortho-ferme","url":"https:\/\/abidjanconfort.com\/?product=matelas-ortho-ferme","name":"Matelas Noctura - abidjan confort","isPartOf":{"@id":"https:\/\/abidjanconfort.com\/#website"},"primaryImageOfPage":{"@id":"https:\/\/abidjanconfort.com\/?product=matelas-ortho-ferme#primaryimage"},"image":{"@id":"https:\/\/abidjanconfort.com\/?product=matelas-ortho-ferme#primaryimage"},"thumbnailUrl":"https:\/\/abidjanconfort.com\/wp-content\/uploads\/2014\/08\/NOCTURA.jpg","datePublished":"2025-10-17T07:36:09+00:00","dateModified":"2026-01-15T14:42:44+00:00","breadcrumb":{"@id":"https:\/\/abidjanconfort.com\/?product=matelas-ortho-ferme#breadcrumb"},"inLanguage":"fr-FR","potentialAction":[{"@type":"ReadAction","target":["https:\/\/abidjanconfort.com\/?product=matelas-ortho-ferme"]}]},{"@type":"ImageObject","inLanguage":"fr-FR","@id":"https:\/\/abidjanconfort.com\/?product=matelas-ortho-ferme#primaryimage","url":"https:\/\/abidjanconfort.com\/wp-content\/uploads\/2014\/08\/NOCTURA.jpg","contentUrl":"https:\/\/abidjanconfort.com\/wp-content\/uploads\/2014\/08\/NOCTURA.jpg","width":1055,"height":865,"caption":"Screenshot"},{"@type":"BreadcrumbList","@id":"https:\/\/abidjanconfort.com\/?product=matelas-ortho-ferme#breadcrumb","itemListElement":[{"@type":"ListItem","position":1,"name":"Accueil","item":"https:\/\/abidjanconfort.com\/"},{"@type":"ListItem","position":2,"name":"Boutique","item":"https:\/\/abidjanconfort.com\/?page_id=93"},{"@type":"ListItem","position":3,"name":"Matelas Noctura"}]},{"@type":"WebSite","@id":"https:\/\/abidjanconfort.com\/#website","url":"https:\/\/abidjanconfort.com\/","name":"EMMA MATELAS","description":"","publisher":{"@id":"https:\/\/abidjanconfort.com\/#organization"},"potentialAction":[{"@type":"SearchAction","target":{"@type":"EntryPoint","urlTemplate":"https:\/\/abidjanconfort.com\/?s={search_term_string}"},"query-input":{"@type":"PropertyValueSpecification","valueRequired":true,"valueName":"search_term_string"}}],"inLanguage":"fr-FR"},{"@type":"Organization","@id":"https:\/\/abidjanconfort.com\/#organization","name":"EMMA MATELAS","url":"https:\/\/abidjanconfort.com\/","logo":{"@type":"ImageObject","inLanguage":"fr-FR","@id":"https:\/\/abidjanconfort.com\/#\/schema\/logo\/image\/","url":"https:\/\/abidjanconfort.com\/wp-content\/uploads\/2014\/08\/cropped-soft-1.jpg","contentUrl":"https:\/\/abidjanconfort.com\/wp-content\/uploads\/2014\/08\/cropped-soft-1.jpg","width":512,"height":512,"caption":"EMMA MATELAS"},"image":{"@id":"https:\/\/abidjanconfort.com\/#\/schema\/logo\/image\/"}}]}},"_links":{"self":[{"href":"https:\/\/abidjanconfort.com\/index.php?rest_route=\/wp\/v2\/product\/1756","targetHints":{"allow":["GET"]}}],"collection":[{"href":"https:\/\/abidjanconfort.com\/index.php?rest_route=\/wp\/v2\/product"}],"about":[{"href":"https:\/\/abidjanconfort.com\/index.php?rest_route=\/wp\/v2\/types\/product"}],"wp:featuredmedia":[{"embeddable":true,"href":"https:\/\/abidjanconfort.com\/index.php?rest_route=\/wp\/v2\/media\/1570"}],"wp:attachment":[{"href":"https:\/\/abidjanconfort.com\/index.php?rest_route=%2Fwp%2Fv2%2Fmedia&parent=1756"}],"wp:term":[{"taxonomy":"product_brand","embeddable":true,"href":"https:\/\/abidjanconfort.com\/index.php?rest_route=%2Fwp%2Fv2%2Fproduct_brand&post=1756"},{"taxonomy":"product_cat","embeddable":true,"href":"https:\/\/abidjanconfort.com\/index.php?rest_route=%2Fwp%2Fv2%2Fproduct_cat&post=1756"},{"taxonomy":"product_tag","embeddable":true,"href":"https:\/\/abidjanconfort.com\/index.php?rest_route=%2Fwp%2Fv2%2Fproduct_tag&post=1756"}],"curies":[{"name":"wp","href":"https:\/\/api.w.org\/{rel}","templated":true}]}}