{"id":1700,"date":"2025-10-16T19:14:37","date_gmt":"2025-10-16T19:14:37","guid":{"rendered":"https:\/\/abidjanconfort.com\/?post_type=product&#038;p=1700"},"modified":"2025-12-09T16:15:52","modified_gmt":"2025-12-09T16:15:52","slug":"matelas-extra-ferme","status":"publish","type":"product","link":"https:\/\/abidjanconfort.com\/?product=matelas-extra-ferme","title":{"rendered":"Matelas 4K"},"content":{"rendered":"<p>\u2022 Rev\u00eatement coton anti-acarien et hypoallerg\u00e9nique;<br \/>\n\u2022 Mousse Agglo 80kg\/m3;<br \/>\n\u2022 Fibre TFR;<br \/>\n\u2022 A\u00e9rateur Permanent ;<br \/>\n\u2022 Double Face ;<br \/>\n\u2022 Antibact\u00e9rien ;<br \/>\n\u2022 \u00c9paisseur 18 cm<\/p>\n","protected":false},"excerpt":{"rendered":"<p>Le 4K est un matelas fait avec une mousse ultra-ferme \u00e0 haute performance qui se distingue par<br \/>\nsa haute densit\u00e9 et ses<br \/>\ncaract\u00e9ristiques de r\u00e9silience adapt\u00e9es pour un sommeil optimal et r\u00e9parateur.<br \/>\n    \u2022 \ufeff\ufeffSoutien constant et ultra ferme<br \/>\n    \u2022 \ufeff\ufeffHaute densit\u00e9<br \/>\n    \u2022 \ufeff\ufeffR\u00e9silience et robustesse<br \/>\n    \u2022 \ufeff\ufeffMousse agglom\u00e9r\u00e9e 80kg\/m3<\/p>\n","protected":false},"featured_media":1800,"template":"","meta":[],"product_brand":[],"product_cat":[108],"product_tag":[],"class_list":{"0":"post-1700","1":"product","2":"type-product","3":"status-publish","4":"has-post-thumbnail","6":"product_cat-matelas-moyen-de-gamme","8":"first","9":"instock","10":"shipping-taxable","11":"purchasable","12":"product-type-variable"},"yoast_head":"<!-- This site is optimized with the Yoast SEO plugin v27.5 - https:\/\/yoast.com\/product\/yoast-seo-wordpress\/ -->\n<title>Matelas 4K - abidjan confort<\/title>\n<meta name=\"description\" content=\"Un matelas Premium en mousse HR est con\u00e7u pour offrir un confort optimal et une excellente durabilit\u00e9. Il est appr\u00e9ci\u00e9 pour sa capacit\u00e9 \u00e0 offrir un soutien dorsal et adapt\u00e9 aux courbes du corps.\" \/>\n<meta name=\"robots\" content=\"index, follow, max-snippet:-1, max-image-preview:large, max-video-preview:-1\" \/>\n<link rel=\"canonical\" href=\"https:\/\/abidjanconfort.com\/?product=matelas-extra-ferme\" \/>\n<meta property=\"og:locale\" content=\"fr_FR\" \/>\n<meta property=\"og:type\" content=\"article\" \/>\n<meta property=\"og:title\" content=\"Matelas 4K - abidjan confort\" \/>\n<meta property=\"og:description\" content=\"Un matelas Premium en mousse HR est con\u00e7u pour offrir un confort optimal et une excellente durabilit\u00e9. Il est appr\u00e9ci\u00e9 pour sa capacit\u00e9 \u00e0 offrir un soutien dorsal et adapt\u00e9 aux courbes du corps.\" \/>\n<meta property=\"og:url\" content=\"https:\/\/abidjanconfort.com\/?product=matelas-extra-ferme\" \/>\n<meta property=\"og:site_name\" content=\"abidjan confort\" \/>\n<meta property=\"article:modified_time\" content=\"2025-12-09T16:15:52+00:00\" \/>\n<meta property=\"og:image\" content=\"https:\/\/abidjanconfort.com\/wp-content\/uploads\/2025\/10\/4K.jpg\" \/>\n\t<meta property=\"og:image:width\" content=\"273\" \/>\n\t<meta property=\"og:image:height\" content=\"390\" \/>\n\t<meta property=\"og:image:type\" content=\"image\/jpeg\" \/>\n<meta name=\"twitter:label1\" content=\"Dur\u00e9e de lecture estim\u00e9e\" \/>\n\t<meta name=\"twitter:data1\" content=\"1 minute\" \/>\n<script type=\"application\/ld+json\" class=\"yoast-schema-graph\">{\"@context\":\"https:\\\/\\\/schema.org\",\"@graph\":[{\"@type\":\"WebPage\",\"@id\":\"https:\\\/\\\/abidjanconfort.com\\\/?product=matelas-extra-ferme\",\"url\":\"https:\\\/\\\/abidjanconfort.com\\\/?product=matelas-extra-ferme\",\"name\":\"Matelas 4K - abidjan confort\",\"isPartOf\":{\"@id\":\"https:\\\/\\\/abidjanconfort.com\\\/#website\"},\"primaryImageOfPage\":{\"@id\":\"https:\\\/\\\/abidjanconfort.com\\\/?product=matelas-extra-ferme#primaryimage\"},\"image\":{\"@id\":\"https:\\\/\\\/abidjanconfort.com\\\/?product=matelas-extra-ferme#primaryimage\"},\"thumbnailUrl\":\"https:\\\/\\\/abidjanconfort.com\\\/wp-content\\\/uploads\\\/2025\\\/10\\\/4K.jpg\",\"datePublished\":\"2025-10-16T19:14:37+00:00\",\"dateModified\":\"2025-12-09T16:15:52+00:00\",\"description\":\"Un matelas Premium en mousse HR est con\u00e7u pour offrir un confort optimal et une excellente durabilit\u00e9. Il est appr\u00e9ci\u00e9 pour sa capacit\u00e9 \u00e0 offrir un soutien dorsal et adapt\u00e9 aux courbes du corps.\",\"breadcrumb\":{\"@id\":\"https:\\\/\\\/abidjanconfort.com\\\/?product=matelas-extra-ferme#breadcrumb\"},\"inLanguage\":\"fr-FR\",\"potentialAction\":[{\"@type\":\"ReadAction\",\"target\":[\"https:\\\/\\\/abidjanconfort.com\\\/?product=matelas-extra-ferme\"]}]},{\"@type\":\"ImageObject\",\"inLanguage\":\"fr-FR\",\"@id\":\"https:\\\/\\\/abidjanconfort.com\\\/?product=matelas-extra-ferme#primaryimage\",\"url\":\"https:\\\/\\\/abidjanconfort.com\\\/wp-content\\\/uploads\\\/2025\\\/10\\\/4K.jpg\",\"contentUrl\":\"https:\\\/\\\/abidjanconfort.com\\\/wp-content\\\/uploads\\\/2025\\\/10\\\/4K.jpg\",\"width\":273,\"height\":390},{\"@type\":\"BreadcrumbList\",\"@id\":\"https:\\\/\\\/abidjanconfort.com\\\/?product=matelas-extra-ferme#breadcrumb\",\"itemListElement\":[{\"@type\":\"ListItem\",\"position\":1,\"name\":\"Accueil\",\"item\":\"https:\\\/\\\/abidjanconfort.com\\\/\"},{\"@type\":\"ListItem\",\"position\":2,\"name\":\"Boutique\",\"item\":\"https:\\\/\\\/abidjanconfort.com\\\/?page_id=93\"},{\"@type\":\"ListItem\",\"position\":3,\"name\":\"Matelas 4K\"}]},{\"@type\":\"WebSite\",\"@id\":\"https:\\\/\\\/abidjanconfort.com\\\/#website\",\"url\":\"https:\\\/\\\/abidjanconfort.com\\\/\",\"name\":\"EMMA MATELAS\",\"description\":\"\",\"publisher\":{\"@id\":\"https:\\\/\\\/abidjanconfort.com\\\/#organization\"},\"potentialAction\":[{\"@type\":\"SearchAction\",\"target\":{\"@type\":\"EntryPoint\",\"urlTemplate\":\"https:\\\/\\\/abidjanconfort.com\\\/?s={search_term_string}\"},\"query-input\":{\"@type\":\"PropertyValueSpecification\",\"valueRequired\":true,\"valueName\":\"search_term_string\"}}],\"inLanguage\":\"fr-FR\"},{\"@type\":\"Organization\",\"@id\":\"https:\\\/\\\/abidjanconfort.com\\\/#organization\",\"name\":\"EMMA MATELAS\",\"url\":\"https:\\\/\\\/abidjanconfort.com\\\/\",\"logo\":{\"@type\":\"ImageObject\",\"inLanguage\":\"fr-FR\",\"@id\":\"https:\\\/\\\/abidjanconfort.com\\\/#\\\/schema\\\/logo\\\/image\\\/\",\"url\":\"https:\\\/\\\/abidjanconfort.com\\\/wp-content\\\/uploads\\\/2014\\\/08\\\/cropped-soft-1.jpg\",\"contentUrl\":\"https:\\\/\\\/abidjanconfort.com\\\/wp-content\\\/uploads\\\/2014\\\/08\\\/cropped-soft-1.jpg\",\"width\":512,\"height\":512,\"caption\":\"EMMA MATELAS\"},\"image\":{\"@id\":\"https:\\\/\\\/abidjanconfort.com\\\/#\\\/schema\\\/logo\\\/image\\\/\"}}]}<\/script>\n<!-- \/ Yoast SEO plugin. -->","yoast_head_json":{"title":"Matelas 4K - abidjan confort","description":"Un matelas Premium en mousse HR est con\u00e7u pour offrir un confort optimal et une excellente durabilit\u00e9. Il est appr\u00e9ci\u00e9 pour sa capacit\u00e9 \u00e0 offrir un soutien dorsal et adapt\u00e9 aux courbes du corps.","robots":{"index":"index","follow":"follow","max-snippet":"max-snippet:-1","max-image-preview":"max-image-preview:large","max-video-preview":"max-video-preview:-1"},"canonical":"https:\/\/abidjanconfort.com\/?product=matelas-extra-ferme","og_locale":"fr_FR","og_type":"article","og_title":"Matelas 4K - abidjan confort","og_description":"Un matelas Premium en mousse HR est con\u00e7u pour offrir un confort optimal et une excellente durabilit\u00e9. Il est appr\u00e9ci\u00e9 pour sa capacit\u00e9 \u00e0 offrir un soutien dorsal et adapt\u00e9 aux courbes du corps.","og_url":"https:\/\/abidjanconfort.com\/?product=matelas-extra-ferme","og_site_name":"abidjan confort","article_modified_time":"2025-12-09T16:15:52+00:00","og_image":[{"width":273,"height":390,"url":"https:\/\/abidjanconfort.com\/wp-content\/uploads\/2025\/10\/4K.jpg","type":"image\/jpeg"}],"twitter_misc":{"Dur\u00e9e de lecture estim\u00e9e":"1 minute"},"schema":{"@context":"https:\/\/schema.org","@graph":[{"@type":"WebPage","@id":"https:\/\/abidjanconfort.com\/?product=matelas-extra-ferme","url":"https:\/\/abidjanconfort.com\/?product=matelas-extra-ferme","name":"Matelas 4K - abidjan confort","isPartOf":{"@id":"https:\/\/abidjanconfort.com\/#website"},"primaryImageOfPage":{"@id":"https:\/\/abidjanconfort.com\/?product=matelas-extra-ferme#primaryimage"},"image":{"@id":"https:\/\/abidjanconfort.com\/?product=matelas-extra-ferme#primaryimage"},"thumbnailUrl":"https:\/\/abidjanconfort.com\/wp-content\/uploads\/2025\/10\/4K.jpg","datePublished":"2025-10-16T19:14:37+00:00","dateModified":"2025-12-09T16:15:52+00:00","description":"Un matelas Premium en mousse HR est con\u00e7u pour offrir un confort optimal et une excellente durabilit\u00e9. Il est appr\u00e9ci\u00e9 pour sa capacit\u00e9 \u00e0 offrir un soutien dorsal et adapt\u00e9 aux courbes du corps.","breadcrumb":{"@id":"https:\/\/abidjanconfort.com\/?product=matelas-extra-ferme#breadcrumb"},"inLanguage":"fr-FR","potentialAction":[{"@type":"ReadAction","target":["https:\/\/abidjanconfort.com\/?product=matelas-extra-ferme"]}]},{"@type":"ImageObject","inLanguage":"fr-FR","@id":"https:\/\/abidjanconfort.com\/?product=matelas-extra-ferme#primaryimage","url":"https:\/\/abidjanconfort.com\/wp-content\/uploads\/2025\/10\/4K.jpg","contentUrl":"https:\/\/abidjanconfort.com\/wp-content\/uploads\/2025\/10\/4K.jpg","width":273,"height":390},{"@type":"BreadcrumbList","@id":"https:\/\/abidjanconfort.com\/?product=matelas-extra-ferme#breadcrumb","itemListElement":[{"@type":"ListItem","position":1,"name":"Accueil","item":"https:\/\/abidjanconfort.com\/"},{"@type":"ListItem","position":2,"name":"Boutique","item":"https:\/\/abidjanconfort.com\/?page_id=93"},{"@type":"ListItem","position":3,"name":"Matelas 4K"}]},{"@type":"WebSite","@id":"https:\/\/abidjanconfort.com\/#website","url":"https:\/\/abidjanconfort.com\/","name":"EMMA MATELAS","description":"","publisher":{"@id":"https:\/\/abidjanconfort.com\/#organization"},"potentialAction":[{"@type":"SearchAction","target":{"@type":"EntryPoint","urlTemplate":"https:\/\/abidjanconfort.com\/?s={search_term_string}"},"query-input":{"@type":"PropertyValueSpecification","valueRequired":true,"valueName":"search_term_string"}}],"inLanguage":"fr-FR"},{"@type":"Organization","@id":"https:\/\/abidjanconfort.com\/#organization","name":"EMMA MATELAS","url":"https:\/\/abidjanconfort.com\/","logo":{"@type":"ImageObject","inLanguage":"fr-FR","@id":"https:\/\/abidjanconfort.com\/#\/schema\/logo\/image\/","url":"https:\/\/abidjanconfort.com\/wp-content\/uploads\/2014\/08\/cropped-soft-1.jpg","contentUrl":"https:\/\/abidjanconfort.com\/wp-content\/uploads\/2014\/08\/cropped-soft-1.jpg","width":512,"height":512,"caption":"EMMA MATELAS"},"image":{"@id":"https:\/\/abidjanconfort.com\/#\/schema\/logo\/image\/"}}]}},"_links":{"self":[{"href":"https:\/\/abidjanconfort.com\/index.php?rest_route=\/wp\/v2\/product\/1700","targetHints":{"allow":["GET"]}}],"collection":[{"href":"https:\/\/abidjanconfort.com\/index.php?rest_route=\/wp\/v2\/product"}],"about":[{"href":"https:\/\/abidjanconfort.com\/index.php?rest_route=\/wp\/v2\/types\/product"}],"wp:featuredmedia":[{"embeddable":true,"href":"https:\/\/abidjanconfort.com\/index.php?rest_route=\/wp\/v2\/media\/1800"}],"wp:attachment":[{"href":"https:\/\/abidjanconfort.com\/index.php?rest_route=%2Fwp%2Fv2%2Fmedia&parent=1700"}],"wp:term":[{"taxonomy":"product_brand","embeddable":true,"href":"https:\/\/abidjanconfort.com\/index.php?rest_route=%2Fwp%2Fv2%2Fproduct_brand&post=1700"},{"taxonomy":"product_cat","embeddable":true,"href":"https:\/\/abidjanconfort.com\/index.php?rest_route=%2Fwp%2Fv2%2Fproduct_cat&post=1700"},{"taxonomy":"product_tag","embeddable":true,"href":"https:\/\/abidjanconfort.com\/index.php?rest_route=%2Fwp%2Fv2%2Fproduct_tag&post=1700"}],"curies":[{"name":"wp","href":"https:\/\/api.w.org\/{rel}","templated":true}]}}