{"id":1278,"date":"2023-09-01T15:58:36","date_gmt":"2023-09-01T15:58:36","guid":{"rendered":"https:\/\/www.dakarconfort.com\/?post_type=product&#038;p=1278"},"modified":"2025-11-01T08:08:13","modified_gmt":"2025-11-01T08:08:13","slug":"matelas-hybrid","status":"publish","type":"product","link":"https:\/\/abidjanconfort.com\/?product=matelas-hybrid","title":{"rendered":"Matelas Emma Hybrid I"},"content":{"rendered":"<p>\u2022 Mousse HD Haute Densit\u00e9 35kg\/m3;<br \/>\n\u2022 Mousse HR Haute R\u00e9silience 45Kg\/m3;<br \/>\n\u2022 Mousse Visco\u00e9lastique \u00e0 M\u00e9moire de Forme 55kg\/m3 ;<br \/>\n\u2022 A\u00e9rateur Permanent ;<br \/>\n\u2022 Rev\u00eatement hypoallerg\u00e9nique antiacarien antibact\u00e9rien;<br \/>\n\u2022 \u00c9paisseur 25 cm. <\/p>\n","protected":false},"excerpt":{"rendered":"<p>Emma est un matelas Hybride, cela veut dire qu\u2019il est compos\u00e9 de plusieurs technologies. Cette association permet de cumuler leurs points forts, offrant un matelas innovant qui r\u00e9sulte d\u2019une superposition de couches de diff\u00e9rentes mousses haute densit\u00e9.<\/p>\n<p>Avec le matelas Emma, que vous dormiez sur le dos, sur le ventre, sur le c\u00f4t\u00e9 ou un peu des 3, il est fait pour vous.<br \/>\nUn soutien parfait en 5 zones adapt\u00e9es aux diff\u00e9rentes parties de votre corps. Votre colonne vert\u00e9brale est toujours bien align\u00e9e et repos\u00e9e.<br \/>\nLa mousse \u00e0 m\u00e9moire de forme vous apporte le confort cocon. Le c\u0153ur du matelas en mousse haute densit\u00e9 de 35kg\/m3 offre un soutien ferme \u00e0 votre dos, votre colonne vert\u00e9brale est align\u00e9e.<br \/>\nNous n\u2019avons aucun doute sur la durabilit\u00e9 Emma, c\u2019est pour cela que la garantie du matelas est de 10 ans, de quoi profiter de nombreuses ann\u00e9es d\u2019Emma sans tracas et avec un sommeil r\u00e9parateur.<\/p>\n<p>\u00c9paisseur 25 cm<\/p>\n","protected":false},"featured_media":1816,"template":"","meta":[],"product_brand":[],"product_cat":[15],"product_tag":[],"class_list":{"0":"post-1278","1":"product","2":"type-product","3":"status-publish","4":"has-post-thumbnail","6":"product_cat-haut-de-gamme-matelas","8":"first","9":"instock","10":"shipping-taxable","11":"purchasable","12":"product-type-variable"},"yoast_head":"<!-- This site is optimized with the Yoast SEO plugin v27.5 - https:\/\/yoast.com\/product\/yoast-seo-wordpress\/ -->\n<title>Matelas Emma Hybrid I - abidjan confort<\/title>\n<meta name=\"description\" content=\"Avec le matelas Emma, que vous dormiez sur le dos, sur le ventre, sur le c\u00f4t\u00e9 ou un peu des 3, il est fait pour vous.Un soutien parfait en 5 zones adapt\u00e9es aux diff\u00e9rentes parties de votre corps. Votre colonne vert\u00e9brale est toujours bien align\u00e9e et repos\u00e9e.\" \/>\n<meta name=\"robots\" content=\"index, follow, max-snippet:-1, max-image-preview:large, max-video-preview:-1\" \/>\n<link rel=\"canonical\" href=\"https:\/\/abidjanconfort.com\/?product=matelas-hybrid\" \/>\n<meta property=\"og:locale\" content=\"fr_FR\" \/>\n<meta property=\"og:type\" content=\"article\" \/>\n<meta property=\"og:title\" content=\"Matelas Emma Hybrid I - abidjan confort\" \/>\n<meta property=\"og:description\" content=\"Avec le matelas Emma, que vous dormiez sur le dos, sur le ventre, sur le c\u00f4t\u00e9 ou un peu des 3, il est fait pour vous.Un soutien parfait en 5 zones adapt\u00e9es aux diff\u00e9rentes parties de votre corps. Votre colonne vert\u00e9brale est toujours bien align\u00e9e et repos\u00e9e.\" \/>\n<meta property=\"og:url\" content=\"https:\/\/abidjanconfort.com\/?product=matelas-hybrid\" \/>\n<meta property=\"og:site_name\" content=\"abidjan confort\" \/>\n<meta property=\"article:modified_time\" content=\"2025-11-01T08:08:13+00:00\" \/>\n<meta property=\"og:image\" content=\"https:\/\/abidjanconfort.com\/wp-content\/uploads\/2023\/09\/image-matelas-emma-1200x800.png\" \/>\n\t<meta property=\"og:image:width\" content=\"1200\" \/>\n\t<meta property=\"og:image:height\" content=\"800\" \/>\n\t<meta property=\"og:image:type\" content=\"image\/png\" \/>\n<meta name=\"twitter:label1\" content=\"Dur\u00e9e de lecture estim\u00e9e\" \/>\n\t<meta name=\"twitter:data1\" content=\"1 minute\" \/>\n<script type=\"application\/ld+json\" class=\"yoast-schema-graph\">{\"@context\":\"https:\\\/\\\/schema.org\",\"@graph\":[{\"@type\":\"WebPage\",\"@id\":\"https:\\\/\\\/abidjanconfort.com\\\/?product=matelas-hybrid\",\"url\":\"https:\\\/\\\/abidjanconfort.com\\\/?product=matelas-hybrid\",\"name\":\"Matelas Emma Hybrid I - abidjan confort\",\"isPartOf\":{\"@id\":\"https:\\\/\\\/abidjanconfort.com\\\/#website\"},\"primaryImageOfPage\":{\"@id\":\"https:\\\/\\\/abidjanconfort.com\\\/?product=matelas-hybrid#primaryimage\"},\"image\":{\"@id\":\"https:\\\/\\\/abidjanconfort.com\\\/?product=matelas-hybrid#primaryimage\"},\"thumbnailUrl\":\"https:\\\/\\\/abidjanconfort.com\\\/wp-content\\\/uploads\\\/2023\\\/09\\\/image-matelas-emma.png\",\"datePublished\":\"2023-09-01T15:58:36+00:00\",\"dateModified\":\"2025-11-01T08:08:13+00:00\",\"description\":\"Avec le matelas Emma, que vous dormiez sur le dos, sur le ventre, sur le c\u00f4t\u00e9 ou un peu des 3, il est fait pour vous.Un soutien parfait en 5 zones adapt\u00e9es aux diff\u00e9rentes parties de votre corps. Votre colonne vert\u00e9brale est toujours bien align\u00e9e et repos\u00e9e.\",\"breadcrumb\":{\"@id\":\"https:\\\/\\\/abidjanconfort.com\\\/?product=matelas-hybrid#breadcrumb\"},\"inLanguage\":\"fr-FR\",\"potentialAction\":[{\"@type\":\"ReadAction\",\"target\":[\"https:\\\/\\\/abidjanconfort.com\\\/?product=matelas-hybrid\"]}]},{\"@type\":\"ImageObject\",\"inLanguage\":\"fr-FR\",\"@id\":\"https:\\\/\\\/abidjanconfort.com\\\/?product=matelas-hybrid#primaryimage\",\"url\":\"https:\\\/\\\/abidjanconfort.com\\\/wp-content\\\/uploads\\\/2023\\\/09\\\/image-matelas-emma.png\",\"contentUrl\":\"https:\\\/\\\/abidjanconfort.com\\\/wp-content\\\/uploads\\\/2023\\\/09\\\/image-matelas-emma.png\",\"width\":1536,\"height\":1024},{\"@type\":\"BreadcrumbList\",\"@id\":\"https:\\\/\\\/abidjanconfort.com\\\/?product=matelas-hybrid#breadcrumb\",\"itemListElement\":[{\"@type\":\"ListItem\",\"position\":1,\"name\":\"Accueil\",\"item\":\"https:\\\/\\\/abidjanconfort.com\\\/\"},{\"@type\":\"ListItem\",\"position\":2,\"name\":\"Boutique\",\"item\":\"https:\\\/\\\/abidjanconfort.com\\\/?page_id=93\"},{\"@type\":\"ListItem\",\"position\":3,\"name\":\"Matelas Emma Hybrid I\"}]},{\"@type\":\"WebSite\",\"@id\":\"https:\\\/\\\/abidjanconfort.com\\\/#website\",\"url\":\"https:\\\/\\\/abidjanconfort.com\\\/\",\"name\":\"EMMA MATELAS\",\"description\":\"\",\"publisher\":{\"@id\":\"https:\\\/\\\/abidjanconfort.com\\\/#organization\"},\"potentialAction\":[{\"@type\":\"SearchAction\",\"target\":{\"@type\":\"EntryPoint\",\"urlTemplate\":\"https:\\\/\\\/abidjanconfort.com\\\/?s={search_term_string}\"},\"query-input\":{\"@type\":\"PropertyValueSpecification\",\"valueRequired\":true,\"valueName\":\"search_term_string\"}}],\"inLanguage\":\"fr-FR\"},{\"@type\":\"Organization\",\"@id\":\"https:\\\/\\\/abidjanconfort.com\\\/#organization\",\"name\":\"EMMA MATELAS\",\"url\":\"https:\\\/\\\/abidjanconfort.com\\\/\",\"logo\":{\"@type\":\"ImageObject\",\"inLanguage\":\"fr-FR\",\"@id\":\"https:\\\/\\\/abidjanconfort.com\\\/#\\\/schema\\\/logo\\\/image\\\/\",\"url\":\"https:\\\/\\\/abidjanconfort.com\\\/wp-content\\\/uploads\\\/2014\\\/08\\\/cropped-soft-1.jpg\",\"contentUrl\":\"https:\\\/\\\/abidjanconfort.com\\\/wp-content\\\/uploads\\\/2014\\\/08\\\/cropped-soft-1.jpg\",\"width\":512,\"height\":512,\"caption\":\"EMMA MATELAS\"},\"image\":{\"@id\":\"https:\\\/\\\/abidjanconfort.com\\\/#\\\/schema\\\/logo\\\/image\\\/\"}}]}<\/script>\n<!-- \/ Yoast SEO plugin. -->","yoast_head_json":{"title":"Matelas Emma Hybrid I - abidjan confort","description":"Avec le matelas Emma, que vous dormiez sur le dos, sur le ventre, sur le c\u00f4t\u00e9 ou un peu des 3, il est fait pour vous.Un soutien parfait en 5 zones adapt\u00e9es aux diff\u00e9rentes parties de votre corps. Votre colonne vert\u00e9brale est toujours bien align\u00e9e et repos\u00e9e.","robots":{"index":"index","follow":"follow","max-snippet":"max-snippet:-1","max-image-preview":"max-image-preview:large","max-video-preview":"max-video-preview:-1"},"canonical":"https:\/\/abidjanconfort.com\/?product=matelas-hybrid","og_locale":"fr_FR","og_type":"article","og_title":"Matelas Emma Hybrid I - abidjan confort","og_description":"Avec le matelas Emma, que vous dormiez sur le dos, sur le ventre, sur le c\u00f4t\u00e9 ou un peu des 3, il est fait pour vous.Un soutien parfait en 5 zones adapt\u00e9es aux diff\u00e9rentes parties de votre corps. Votre colonne vert\u00e9brale est toujours bien align\u00e9e et repos\u00e9e.","og_url":"https:\/\/abidjanconfort.com\/?product=matelas-hybrid","og_site_name":"abidjan confort","article_modified_time":"2025-11-01T08:08:13+00:00","og_image":[{"width":1200,"height":800,"url":"https:\/\/abidjanconfort.com\/wp-content\/uploads\/2023\/09\/image-matelas-emma-1200x800.png","type":"image\/png"}],"twitter_misc":{"Dur\u00e9e de lecture estim\u00e9e":"1 minute"},"schema":{"@context":"https:\/\/schema.org","@graph":[{"@type":"WebPage","@id":"https:\/\/abidjanconfort.com\/?product=matelas-hybrid","url":"https:\/\/abidjanconfort.com\/?product=matelas-hybrid","name":"Matelas Emma Hybrid I - abidjan confort","isPartOf":{"@id":"https:\/\/abidjanconfort.com\/#website"},"primaryImageOfPage":{"@id":"https:\/\/abidjanconfort.com\/?product=matelas-hybrid#primaryimage"},"image":{"@id":"https:\/\/abidjanconfort.com\/?product=matelas-hybrid#primaryimage"},"thumbnailUrl":"https:\/\/abidjanconfort.com\/wp-content\/uploads\/2023\/09\/image-matelas-emma.png","datePublished":"2023-09-01T15:58:36+00:00","dateModified":"2025-11-01T08:08:13+00:00","description":"Avec le matelas Emma, que vous dormiez sur le dos, sur le ventre, sur le c\u00f4t\u00e9 ou un peu des 3, il est fait pour vous.Un soutien parfait en 5 zones adapt\u00e9es aux diff\u00e9rentes parties de votre corps. Votre colonne vert\u00e9brale est toujours bien align\u00e9e et repos\u00e9e.","breadcrumb":{"@id":"https:\/\/abidjanconfort.com\/?product=matelas-hybrid#breadcrumb"},"inLanguage":"fr-FR","potentialAction":[{"@type":"ReadAction","target":["https:\/\/abidjanconfort.com\/?product=matelas-hybrid"]}]},{"@type":"ImageObject","inLanguage":"fr-FR","@id":"https:\/\/abidjanconfort.com\/?product=matelas-hybrid#primaryimage","url":"https:\/\/abidjanconfort.com\/wp-content\/uploads\/2023\/09\/image-matelas-emma.png","contentUrl":"https:\/\/abidjanconfort.com\/wp-content\/uploads\/2023\/09\/image-matelas-emma.png","width":1536,"height":1024},{"@type":"BreadcrumbList","@id":"https:\/\/abidjanconfort.com\/?product=matelas-hybrid#breadcrumb","itemListElement":[{"@type":"ListItem","position":1,"name":"Accueil","item":"https:\/\/abidjanconfort.com\/"},{"@type":"ListItem","position":2,"name":"Boutique","item":"https:\/\/abidjanconfort.com\/?page_id=93"},{"@type":"ListItem","position":3,"name":"Matelas Emma Hybrid I"}]},{"@type":"WebSite","@id":"https:\/\/abidjanconfort.com\/#website","url":"https:\/\/abidjanconfort.com\/","name":"EMMA MATELAS","description":"","publisher":{"@id":"https:\/\/abidjanconfort.com\/#organization"},"potentialAction":[{"@type":"SearchAction","target":{"@type":"EntryPoint","urlTemplate":"https:\/\/abidjanconfort.com\/?s={search_term_string}"},"query-input":{"@type":"PropertyValueSpecification","valueRequired":true,"valueName":"search_term_string"}}],"inLanguage":"fr-FR"},{"@type":"Organization","@id":"https:\/\/abidjanconfort.com\/#organization","name":"EMMA MATELAS","url":"https:\/\/abidjanconfort.com\/","logo":{"@type":"ImageObject","inLanguage":"fr-FR","@id":"https:\/\/abidjanconfort.com\/#\/schema\/logo\/image\/","url":"https:\/\/abidjanconfort.com\/wp-content\/uploads\/2014\/08\/cropped-soft-1.jpg","contentUrl":"https:\/\/abidjanconfort.com\/wp-content\/uploads\/2014\/08\/cropped-soft-1.jpg","width":512,"height":512,"caption":"EMMA MATELAS"},"image":{"@id":"https:\/\/abidjanconfort.com\/#\/schema\/logo\/image\/"}}]}},"_links":{"self":[{"href":"https:\/\/abidjanconfort.com\/index.php?rest_route=\/wp\/v2\/product\/1278","targetHints":{"allow":["GET"]}}],"collection":[{"href":"https:\/\/abidjanconfort.com\/index.php?rest_route=\/wp\/v2\/product"}],"about":[{"href":"https:\/\/abidjanconfort.com\/index.php?rest_route=\/wp\/v2\/types\/product"}],"wp:featuredmedia":[{"embeddable":true,"href":"https:\/\/abidjanconfort.com\/index.php?rest_route=\/wp\/v2\/media\/1816"}],"wp:attachment":[{"href":"https:\/\/abidjanconfort.com\/index.php?rest_route=%2Fwp%2Fv2%2Fmedia&parent=1278"}],"wp:term":[{"taxonomy":"product_brand","embeddable":true,"href":"https:\/\/abidjanconfort.com\/index.php?rest_route=%2Fwp%2Fv2%2Fproduct_brand&post=1278"},{"taxonomy":"product_cat","embeddable":true,"href":"https:\/\/abidjanconfort.com\/index.php?rest_route=%2Fwp%2Fv2%2Fproduct_cat&post=1278"},{"taxonomy":"product_tag","embeddable":true,"href":"https:\/\/abidjanconfort.com\/index.php?rest_route=%2Fwp%2Fv2%2Fproduct_tag&post=1278"}],"curies":[{"name":"wp","href":"https:\/\/api.w.org\/{rel}","templated":true}]}}