{"id":931,"date":"2022-02-22T12:15:15","date_gmt":"2022-02-22T12:15:15","guid":{"rendered":"https:\/\/www.dakarconfort.com\/?page_id=931"},"modified":"2025-11-19T11:44:58","modified_gmt":"2025-11-19T11:44:58","slug":"couts-et-delais-de-livraison","status":"publish","type":"page","link":"https:\/\/abidjanconfort.com\/?page_id=931","title":{"rendered":"Paiements et d\u00e9lais de livraison"},"content":{"rendered":"\nLa commande est confirm\u00e9e avec un r\u00e8glement de la totalit\u00e9 du montant, mode de paiement orange money ou en esp\u00e8ce au niveau de notre showroom. <br>\n<br>\nLe d\u00e9lais entre le moment de la confirmation de la commande et la livraison ou r\u00e9ception, est de 3 \u00e0 5 jours ouvrables. La livraison est gratuite sur Abidjan \u00e0 partir de 100000fcfa d&rsquo;achat. Pour les autres r\u00e9gions nous contacter. <br>\n<br>\n\nN.B : Nous rappelons \u00e0 notre aimable client\u00e8le que les erreurs de dimensions fournies par le client ne sont pas couvertes dans la garantie du produit.\n","protected":false},"excerpt":{"rendered":"<p>La commande est confirm\u00e9e avec un r\u00e8glement de la totalit\u00e9 du montant, mode de paiement orange money ou en esp\u00e8ce au niveau de notre showroom. Le d\u00e9lais entre le moment de la confirmation de la commande et la livraison ou r\u00e9ception, est de 3 \u00e0 5 jours ouvrables. La livraison est gratuite sur Abidjan \u00e0 [&#8230;]\n","protected":false},"author":1,"featured_media":0,"parent":0,"menu_order":0,"comment_status":"closed","ping_status":"closed","template":"","meta":{"footnotes":""},"class_list":["post-931","page","type-page","status-publish","hentry"],"yoast_head":"<!-- This site is optimized with the Yoast SEO plugin v27.5 - https:\/\/yoast.com\/product\/yoast-seo-wordpress\/ -->\n<title>Paiements et d\u00e9lais de livraison - abidjan confort<\/title>\n<meta name=\"robots\" content=\"index, follow, max-snippet:-1, max-image-preview:large, max-video-preview:-1\" \/>\n<link rel=\"canonical\" href=\"https:\/\/abidjanconfort.com\/?page_id=931\" \/>\n<meta property=\"og:locale\" content=\"fr_FR\" \/>\n<meta property=\"og:type\" content=\"article\" \/>\n<meta property=\"og:title\" content=\"Paiements et d\u00e9lais de livraison - abidjan confort\" \/>\n<meta property=\"og:description\" content=\"La commande est confirm\u00e9e avec un r\u00e8glement de la totalit\u00e9 du montant, mode de paiement orange money ou en esp\u00e8ce au niveau de notre showroom. Le d\u00e9lais entre le moment de la confirmation de la commande et la livraison ou r\u00e9ception, est de 3 \u00e0 5 jours ouvrables. La livraison est gratuite sur Abidjan \u00e0 [...]\" \/>\n<meta property=\"og:url\" content=\"https:\/\/abidjanconfort.com\/?page_id=931\" \/>\n<meta property=\"og:site_name\" content=\"abidjan confort\" \/>\n<meta property=\"article:modified_time\" content=\"2025-11-19T11:44:58+00:00\" \/>\n<meta name=\"twitter:label1\" content=\"Dur\u00e9e de lecture estim\u00e9e\" \/>\n\t<meta name=\"twitter:data1\" content=\"1 minute\" \/>\n<script type=\"application\/ld+json\" class=\"yoast-schema-graph\">{\"@context\":\"https:\\\/\\\/schema.org\",\"@graph\":[{\"@type\":\"WebPage\",\"@id\":\"https:\\\/\\\/abidjanconfort.com\\\/?page_id=931\",\"url\":\"https:\\\/\\\/abidjanconfort.com\\\/?page_id=931\",\"name\":\"Paiements et d\u00e9lais de livraison - abidjan confort\",\"isPartOf\":{\"@id\":\"https:\\\/\\\/abidjanconfort.com\\\/#website\"},\"datePublished\":\"2022-02-22T12:15:15+00:00\",\"dateModified\":\"2025-11-19T11:44:58+00:00\",\"breadcrumb\":{\"@id\":\"https:\\\/\\\/abidjanconfort.com\\\/?page_id=931#breadcrumb\"},\"inLanguage\":\"fr-FR\",\"potentialAction\":[{\"@type\":\"ReadAction\",\"target\":[\"https:\\\/\\\/abidjanconfort.com\\\/?page_id=931\"]}]},{\"@type\":\"BreadcrumbList\",\"@id\":\"https:\\\/\\\/abidjanconfort.com\\\/?page_id=931#breadcrumb\",\"itemListElement\":[{\"@type\":\"ListItem\",\"position\":1,\"name\":\"Accueil\",\"item\":\"https:\\\/\\\/abidjanconfort.com\\\/\"},{\"@type\":\"ListItem\",\"position\":2,\"name\":\"Paiements et d\u00e9lais de livraison\"}]},{\"@type\":\"WebSite\",\"@id\":\"https:\\\/\\\/abidjanconfort.com\\\/#website\",\"url\":\"https:\\\/\\\/abidjanconfort.com\\\/\",\"name\":\"EMMA MATELAS\",\"description\":\"\",\"publisher\":{\"@id\":\"https:\\\/\\\/abidjanconfort.com\\\/#organization\"},\"potentialAction\":[{\"@type\":\"SearchAction\",\"target\":{\"@type\":\"EntryPoint\",\"urlTemplate\":\"https:\\\/\\\/abidjanconfort.com\\\/?s={search_term_string}\"},\"query-input\":{\"@type\":\"PropertyValueSpecification\",\"valueRequired\":true,\"valueName\":\"search_term_string\"}}],\"inLanguage\":\"fr-FR\"},{\"@type\":\"Organization\",\"@id\":\"https:\\\/\\\/abidjanconfort.com\\\/#organization\",\"name\":\"EMMA MATELAS\",\"url\":\"https:\\\/\\\/abidjanconfort.com\\\/\",\"logo\":{\"@type\":\"ImageObject\",\"inLanguage\":\"fr-FR\",\"@id\":\"https:\\\/\\\/abidjanconfort.com\\\/#\\\/schema\\\/logo\\\/image\\\/\",\"url\":\"https:\\\/\\\/abidjanconfort.com\\\/wp-content\\\/uploads\\\/2014\\\/08\\\/cropped-soft-1.jpg\",\"contentUrl\":\"https:\\\/\\\/abidjanconfort.com\\\/wp-content\\\/uploads\\\/2014\\\/08\\\/cropped-soft-1.jpg\",\"width\":512,\"height\":512,\"caption\":\"EMMA MATELAS\"},\"image\":{\"@id\":\"https:\\\/\\\/abidjanconfort.com\\\/#\\\/schema\\\/logo\\\/image\\\/\"}}]}<\/script>\n<!-- \/ Yoast SEO plugin. -->","yoast_head_json":{"title":"Paiements et d\u00e9lais de livraison - abidjan confort","robots":{"index":"index","follow":"follow","max-snippet":"max-snippet:-1","max-image-preview":"max-image-preview:large","max-video-preview":"max-video-preview:-1"},"canonical":"https:\/\/abidjanconfort.com\/?page_id=931","og_locale":"fr_FR","og_type":"article","og_title":"Paiements et d\u00e9lais de livraison - abidjan confort","og_description":"La commande est confirm\u00e9e avec un r\u00e8glement de la totalit\u00e9 du montant, mode de paiement orange money ou en esp\u00e8ce au niveau de notre showroom. Le d\u00e9lais entre le moment de la confirmation de la commande et la livraison ou r\u00e9ception, est de 3 \u00e0 5 jours ouvrables. La livraison est gratuite sur Abidjan \u00e0 [...]","og_url":"https:\/\/abidjanconfort.com\/?page_id=931","og_site_name":"abidjan confort","article_modified_time":"2025-11-19T11:44:58+00:00","twitter_misc":{"Dur\u00e9e de lecture estim\u00e9e":"1 minute"},"schema":{"@context":"https:\/\/schema.org","@graph":[{"@type":"WebPage","@id":"https:\/\/abidjanconfort.com\/?page_id=931","url":"https:\/\/abidjanconfort.com\/?page_id=931","name":"Paiements et d\u00e9lais de livraison - abidjan confort","isPartOf":{"@id":"https:\/\/abidjanconfort.com\/#website"},"datePublished":"2022-02-22T12:15:15+00:00","dateModified":"2025-11-19T11:44:58+00:00","breadcrumb":{"@id":"https:\/\/abidjanconfort.com\/?page_id=931#breadcrumb"},"inLanguage":"fr-FR","potentialAction":[{"@type":"ReadAction","target":["https:\/\/abidjanconfort.com\/?page_id=931"]}]},{"@type":"BreadcrumbList","@id":"https:\/\/abidjanconfort.com\/?page_id=931#breadcrumb","itemListElement":[{"@type":"ListItem","position":1,"name":"Accueil","item":"https:\/\/abidjanconfort.com\/"},{"@type":"ListItem","position":2,"name":"Paiements et d\u00e9lais de livraison"}]},{"@type":"WebSite","@id":"https:\/\/abidjanconfort.com\/#website","url":"https:\/\/abidjanconfort.com\/","name":"EMMA MATELAS","description":"","publisher":{"@id":"https:\/\/abidjanconfort.com\/#organization"},"potentialAction":[{"@type":"SearchAction","target":{"@type":"EntryPoint","urlTemplate":"https:\/\/abidjanconfort.com\/?s={search_term_string}"},"query-input":{"@type":"PropertyValueSpecification","valueRequired":true,"valueName":"search_term_string"}}],"inLanguage":"fr-FR"},{"@type":"Organization","@id":"https:\/\/abidjanconfort.com\/#organization","name":"EMMA MATELAS","url":"https:\/\/abidjanconfort.com\/","logo":{"@type":"ImageObject","inLanguage":"fr-FR","@id":"https:\/\/abidjanconfort.com\/#\/schema\/logo\/image\/","url":"https:\/\/abidjanconfort.com\/wp-content\/uploads\/2014\/08\/cropped-soft-1.jpg","contentUrl":"https:\/\/abidjanconfort.com\/wp-content\/uploads\/2014\/08\/cropped-soft-1.jpg","width":512,"height":512,"caption":"EMMA MATELAS"},"image":{"@id":"https:\/\/abidjanconfort.com\/#\/schema\/logo\/image\/"}}]}},"_links":{"self":[{"href":"https:\/\/abidjanconfort.com\/index.php?rest_route=\/wp\/v2\/pages\/931","targetHints":{"allow":["GET"]}}],"collection":[{"href":"https:\/\/abidjanconfort.com\/index.php?rest_route=\/wp\/v2\/pages"}],"about":[{"href":"https:\/\/abidjanconfort.com\/index.php?rest_route=\/wp\/v2\/types\/page"}],"author":[{"embeddable":true,"href":"https:\/\/abidjanconfort.com\/index.php?rest_route=\/wp\/v2\/users\/1"}],"replies":[{"embeddable":true,"href":"https:\/\/abidjanconfort.com\/index.php?rest_route=%2Fwp%2Fv2%2Fcomments&post=931"}],"version-history":[{"count":25,"href":"https:\/\/abidjanconfort.com\/index.php?rest_route=\/wp\/v2\/pages\/931\/revisions"}],"predecessor-version":[{"id":1829,"href":"https:\/\/abidjanconfort.com\/index.php?rest_route=\/wp\/v2\/pages\/931\/revisions\/1829"}],"wp:attachment":[{"href":"https:\/\/abidjanconfort.com\/index.php?rest_route=%2Fwp%2Fv2%2Fmedia&parent=931"}],"curies":[{"name":"wp","href":"https:\/\/api.w.org\/{rel}","templated":true}]}}