{"id":549,"date":"2019-11-17T21:46:06","date_gmt":"2019-11-17T20:46:06","guid":{"rendered":"http:\/\/www.dakarconfort.com\/?page_id=549"},"modified":"2025-10-05T14:50:10","modified_gmt":"2025-10-05T14:50:10","slug":"dimensions-des-matelas","status":"publish","type":"page","link":"https:\/\/abidjanconfort.com\/?page_id=549","title":{"rendered":"Dimensions"},"content":{"rendered":"\n<div class=\"container section-title-container\" ><h2 class=\"section-title section-title-bold-center\"><b><\/b><span class=\"section-title-main\" >dimensions<\/span><b><\/b><\/h2><\/div>\n\n\n\n<p>Largeur en cm*Longueur en cm<\/p>\n\n\n\n<p>1 Place = 90*190 ou 90*200<\/p>\n\n\n\n<p>1 Places 1\/2 = 120*190 ou 120*200<\/p>\n\n\n\n<p>2 Places = 140*190 ou 140*200<\/p>\n\n\n\n<p>2 Places 1\/2 = 160*190 ou 160*200<\/p>\n\n\n\n<p>3 Places = 180*190 ou 180*200<\/p>\n\n\n\n<p>3 Places 1\/2 = 200*200<\/p>\n\n\n\n<p>En plus de la largeur et la longueur du matelas, il y a l\u2019\u00e9paisseur ou la hauteur de ce dernier qui peut varier de 12cm \u00e0 40cm.<br>Un matelas orthop\u00e9dique doit avoir au moins 18cm d\u2019\u00e9paisseur pour bien soutenir notre dos.<\/p>\n","protected":false},"excerpt":{"rendered":"<p>Largeur en cm*Longueur en cm 1 Place = 90*190 ou 90*200 1 Places 1\/2 = 120*190 ou 120*200 2 Places = 140*190 ou 140*200 2 Places 1\/2 = 160*190 ou 160*200 3 Places = 180*190 ou 180*200 3 Places 1\/2 = 200*200 En plus de la largeur et la longueur du matelas, il y a [&#8230;]\n","protected":false},"author":1,"featured_media":501,"parent":0,"menu_order":0,"comment_status":"closed","ping_status":"closed","template":"","meta":{"footnotes":""},"class_list":["post-549","page","type-page","status-publish","has-post-thumbnail","hentry"],"yoast_head":"<!-- This site is optimized with the Yoast SEO plugin v27.5 - https:\/\/yoast.com\/product\/yoast-seo-wordpress\/ -->\n<title>Dimensions - abidjan confort<\/title>\n<meta name=\"robots\" content=\"index, follow, max-snippet:-1, max-image-preview:large, max-video-preview:-1\" \/>\n<link rel=\"canonical\" href=\"https:\/\/abidjanconfort.com\/?page_id=549\" \/>\n<meta property=\"og:locale\" content=\"fr_FR\" \/>\n<meta property=\"og:type\" content=\"article\" \/>\n<meta property=\"og:title\" content=\"Dimensions - abidjan confort\" \/>\n<meta property=\"og:description\" content=\"Largeur en cm*Longueur en cm 1 Place = 90*190 ou 90*200 1 Places 1\/2 = 120*190 ou 120*200 2 Places = 140*190 ou 140*200 2 Places 1\/2 = 160*190 ou 160*200 3 Places = 180*190 ou 180*200 3 Places 1\/2 = 200*200 En plus de la largeur et la longueur du matelas, il y a [...]\" \/>\n<meta property=\"og:url\" content=\"https:\/\/abidjanconfort.com\/?page_id=549\" \/>\n<meta property=\"og:site_name\" content=\"abidjan confort\" \/>\n<meta property=\"article:modified_time\" content=\"2025-10-05T14:50:10+00:00\" \/>\n<meta property=\"og:image\" content=\"https:\/\/abidjanconfort.com\/wp-content\/uploads\/2013\/08\/parures.jpg\" \/>\n\t<meta property=\"og:image:width\" content=\"225\" \/>\n\t<meta property=\"og:image:height\" content=\"225\" \/>\n\t<meta property=\"og:image:type\" content=\"image\/jpeg\" \/>\n<script type=\"application\/ld+json\" class=\"yoast-schema-graph\">{\"@context\":\"https:\\\/\\\/schema.org\",\"@graph\":[{\"@type\":\"WebPage\",\"@id\":\"https:\\\/\\\/abidjanconfort.com\\\/?page_id=549\",\"url\":\"https:\\\/\\\/abidjanconfort.com\\\/?page_id=549\",\"name\":\"Dimensions - abidjan confort\",\"isPartOf\":{\"@id\":\"https:\\\/\\\/abidjanconfort.com\\\/#website\"},\"primaryImageOfPage\":{\"@id\":\"https:\\\/\\\/abidjanconfort.com\\\/?page_id=549#primaryimage\"},\"image\":{\"@id\":\"https:\\\/\\\/abidjanconfort.com\\\/?page_id=549#primaryimage\"},\"thumbnailUrl\":\"https:\\\/\\\/abidjanconfort.com\\\/wp-content\\\/uploads\\\/2013\\\/08\\\/parures.jpg\",\"datePublished\":\"2019-11-17T20:46:06+00:00\",\"dateModified\":\"2025-10-05T14:50:10+00:00\",\"breadcrumb\":{\"@id\":\"https:\\\/\\\/abidjanconfort.com\\\/?page_id=549#breadcrumb\"},\"inLanguage\":\"fr-FR\",\"potentialAction\":[{\"@type\":\"ReadAction\",\"target\":[\"https:\\\/\\\/abidjanconfort.com\\\/?page_id=549\"]}]},{\"@type\":\"ImageObject\",\"inLanguage\":\"fr-FR\",\"@id\":\"https:\\\/\\\/abidjanconfort.com\\\/?page_id=549#primaryimage\",\"url\":\"https:\\\/\\\/abidjanconfort.com\\\/wp-content\\\/uploads\\\/2013\\\/08\\\/parures.jpg\",\"contentUrl\":\"https:\\\/\\\/abidjanconfort.com\\\/wp-content\\\/uploads\\\/2013\\\/08\\\/parures.jpg\",\"width\":225,\"height\":225},{\"@type\":\"BreadcrumbList\",\"@id\":\"https:\\\/\\\/abidjanconfort.com\\\/?page_id=549#breadcrumb\",\"itemListElement\":[{\"@type\":\"ListItem\",\"position\":1,\"name\":\"Accueil\",\"item\":\"https:\\\/\\\/abidjanconfort.com\\\/\"},{\"@type\":\"ListItem\",\"position\":2,\"name\":\"Dimensions\"}]},{\"@type\":\"WebSite\",\"@id\":\"https:\\\/\\\/abidjanconfort.com\\\/#website\",\"url\":\"https:\\\/\\\/abidjanconfort.com\\\/\",\"name\":\"EMMA MATELAS\",\"description\":\"\",\"publisher\":{\"@id\":\"https:\\\/\\\/abidjanconfort.com\\\/#organization\"},\"potentialAction\":[{\"@type\":\"SearchAction\",\"target\":{\"@type\":\"EntryPoint\",\"urlTemplate\":\"https:\\\/\\\/abidjanconfort.com\\\/?s={search_term_string}\"},\"query-input\":{\"@type\":\"PropertyValueSpecification\",\"valueRequired\":true,\"valueName\":\"search_term_string\"}}],\"inLanguage\":\"fr-FR\"},{\"@type\":\"Organization\",\"@id\":\"https:\\\/\\\/abidjanconfort.com\\\/#organization\",\"name\":\"EMMA MATELAS\",\"url\":\"https:\\\/\\\/abidjanconfort.com\\\/\",\"logo\":{\"@type\":\"ImageObject\",\"inLanguage\":\"fr-FR\",\"@id\":\"https:\\\/\\\/abidjanconfort.com\\\/#\\\/schema\\\/logo\\\/image\\\/\",\"url\":\"https:\\\/\\\/abidjanconfort.com\\\/wp-content\\\/uploads\\\/2014\\\/08\\\/cropped-soft-1.jpg\",\"contentUrl\":\"https:\\\/\\\/abidjanconfort.com\\\/wp-content\\\/uploads\\\/2014\\\/08\\\/cropped-soft-1.jpg\",\"width\":512,\"height\":512,\"caption\":\"EMMA MATELAS\"},\"image\":{\"@id\":\"https:\\\/\\\/abidjanconfort.com\\\/#\\\/schema\\\/logo\\\/image\\\/\"}}]}<\/script>\n<!-- \/ Yoast SEO plugin. -->","yoast_head_json":{"title":"Dimensions - abidjan confort","robots":{"index":"index","follow":"follow","max-snippet":"max-snippet:-1","max-image-preview":"max-image-preview:large","max-video-preview":"max-video-preview:-1"},"canonical":"https:\/\/abidjanconfort.com\/?page_id=549","og_locale":"fr_FR","og_type":"article","og_title":"Dimensions - abidjan confort","og_description":"Largeur en cm*Longueur en cm 1 Place = 90*190 ou 90*200 1 Places 1\/2 = 120*190 ou 120*200 2 Places = 140*190 ou 140*200 2 Places 1\/2 = 160*190 ou 160*200 3 Places = 180*190 ou 180*200 3 Places 1\/2 = 200*200 En plus de la largeur et la longueur du matelas, il y a [...]","og_url":"https:\/\/abidjanconfort.com\/?page_id=549","og_site_name":"abidjan confort","article_modified_time":"2025-10-05T14:50:10+00:00","og_image":[{"width":225,"height":225,"url":"https:\/\/abidjanconfort.com\/wp-content\/uploads\/2013\/08\/parures.jpg","type":"image\/jpeg"}],"schema":{"@context":"https:\/\/schema.org","@graph":[{"@type":"WebPage","@id":"https:\/\/abidjanconfort.com\/?page_id=549","url":"https:\/\/abidjanconfort.com\/?page_id=549","name":"Dimensions - abidjan confort","isPartOf":{"@id":"https:\/\/abidjanconfort.com\/#website"},"primaryImageOfPage":{"@id":"https:\/\/abidjanconfort.com\/?page_id=549#primaryimage"},"image":{"@id":"https:\/\/abidjanconfort.com\/?page_id=549#primaryimage"},"thumbnailUrl":"https:\/\/abidjanconfort.com\/wp-content\/uploads\/2013\/08\/parures.jpg","datePublished":"2019-11-17T20:46:06+00:00","dateModified":"2025-10-05T14:50:10+00:00","breadcrumb":{"@id":"https:\/\/abidjanconfort.com\/?page_id=549#breadcrumb"},"inLanguage":"fr-FR","potentialAction":[{"@type":"ReadAction","target":["https:\/\/abidjanconfort.com\/?page_id=549"]}]},{"@type":"ImageObject","inLanguage":"fr-FR","@id":"https:\/\/abidjanconfort.com\/?page_id=549#primaryimage","url":"https:\/\/abidjanconfort.com\/wp-content\/uploads\/2013\/08\/parures.jpg","contentUrl":"https:\/\/abidjanconfort.com\/wp-content\/uploads\/2013\/08\/parures.jpg","width":225,"height":225},{"@type":"BreadcrumbList","@id":"https:\/\/abidjanconfort.com\/?page_id=549#breadcrumb","itemListElement":[{"@type":"ListItem","position":1,"name":"Accueil","item":"https:\/\/abidjanconfort.com\/"},{"@type":"ListItem","position":2,"name":"Dimensions"}]},{"@type":"WebSite","@id":"https:\/\/abidjanconfort.com\/#website","url":"https:\/\/abidjanconfort.com\/","name":"EMMA MATELAS","description":"","publisher":{"@id":"https:\/\/abidjanconfort.com\/#organization"},"potentialAction":[{"@type":"SearchAction","target":{"@type":"EntryPoint","urlTemplate":"https:\/\/abidjanconfort.com\/?s={search_term_string}"},"query-input":{"@type":"PropertyValueSpecification","valueRequired":true,"valueName":"search_term_string"}}],"inLanguage":"fr-FR"},{"@type":"Organization","@id":"https:\/\/abidjanconfort.com\/#organization","name":"EMMA MATELAS","url":"https:\/\/abidjanconfort.com\/","logo":{"@type":"ImageObject","inLanguage":"fr-FR","@id":"https:\/\/abidjanconfort.com\/#\/schema\/logo\/image\/","url":"https:\/\/abidjanconfort.com\/wp-content\/uploads\/2014\/08\/cropped-soft-1.jpg","contentUrl":"https:\/\/abidjanconfort.com\/wp-content\/uploads\/2014\/08\/cropped-soft-1.jpg","width":512,"height":512,"caption":"EMMA MATELAS"},"image":{"@id":"https:\/\/abidjanconfort.com\/#\/schema\/logo\/image\/"}}]}},"_links":{"self":[{"href":"https:\/\/abidjanconfort.com\/index.php?rest_route=\/wp\/v2\/pages\/549","targetHints":{"allow":["GET"]}}],"collection":[{"href":"https:\/\/abidjanconfort.com\/index.php?rest_route=\/wp\/v2\/pages"}],"about":[{"href":"https:\/\/abidjanconfort.com\/index.php?rest_route=\/wp\/v2\/types\/page"}],"author":[{"embeddable":true,"href":"https:\/\/abidjanconfort.com\/index.php?rest_route=\/wp\/v2\/users\/1"}],"replies":[{"embeddable":true,"href":"https:\/\/abidjanconfort.com\/index.php?rest_route=%2Fwp%2Fv2%2Fcomments&post=549"}],"version-history":[{"count":2,"href":"https:\/\/abidjanconfort.com\/index.php?rest_route=\/wp\/v2\/pages\/549\/revisions"}],"predecessor-version":[{"id":1639,"href":"https:\/\/abidjanconfort.com\/index.php?rest_route=\/wp\/v2\/pages\/549\/revisions\/1639"}],"wp:featuredmedia":[{"embeddable":true,"href":"https:\/\/abidjanconfort.com\/index.php?rest_route=\/wp\/v2\/media\/501"}],"wp:attachment":[{"href":"https:\/\/abidjanconfort.com\/index.php?rest_route=%2Fwp%2Fv2%2Fmedia&parent=549"}],"curies":[{"name":"wp","href":"https:\/\/api.w.org\/{rel}","templated":true}]}}