{"id":119,"date":"2013-08-11T19:06:15","date_gmt":"2013-08-11T19:06:15","guid":{"rendered":"http:\/\/localhost:8888\/test\/?page_id=520"},"modified":"2020-03-27T15:49:31","modified_gmt":"2020-03-27T15:49:31","slug":"entretien-du-matelas","status":"publish","type":"page","link":"https:\/\/abidjanconfort.com\/?page_id=119","title":{"rendered":"Trucs &#038; Astuces"},"content":{"rendered":"\n<div class=\"container section-title-container\" ><h2 class=\"section-title section-title-bold-center\"><b><\/b><span class=\"section-title-main\" >Trucs &amp; Astuces<\/span><b><\/b><\/h2><\/div>\n\n\n\n<h3 class=\"wp-block-heading\" id=\"entretenir-regulierement-son-matelas\">Entretenir r\u00e9guli\u00e8rement son matelas<\/h3>\n\n\n\n<p>Pour conserver une&nbsp;<strong>literie<\/strong>&nbsp;saine, il est essentiel de proc\u00e9der \u00e0 un nettoyage classique, une fois par mois. Commencez par aspirer votre matelas pour vous d\u00e9barrasser des cheveux et autres bact\u00e9ries. Puis, versez dans une bassine de l\u2019eau chaude m\u00e9lang\u00e9e \u00e0 du savon noir ou simplement du vinaigre blanc. Imbibez une \u00e9ponge et frottez, puis rincez \u00e0 l\u2019eau et laissez s\u00e9cher.<br><strong>Autre astuce&nbsp;pour \u00e9liminer les acariens<\/strong>&nbsp;: m\u00e9langez 250 g de bicarbonate de soude avec 5 gouttes d&nbsp;\u2019huile essentielle d\u2019arbre \u00e0 th\u00e9, r\u00e9put\u00e9e pour ses vertus d\u00e9sinfectantes. Avec une petite passoire ou un tamis, saupoudrez ce m\u00e9lange sur votre matelas et sur les coussins. Laissez agir pendant 30 min. Puis, avec une brosse, frottez l\u2019ensemble du matelas et patientez ensuite encore 10 min, avant d\u2019aspirer minutieusement.<\/p>\n\n\n\n<h3 class=\"wp-block-heading\" id=\"detacher-un-matelas\">D\u00e9tacher un matelas<\/h3>\n\n\n\n<p>Pour les taches incrust\u00e9es, nettoyez avec du savon noir pur imbib\u00e9 sur une \u00e9ponge, puis rincez \u00e0 l\u2019eau chaude. Autre alternative&nbsp;: versez une tasse de cristaux de soude dans de l\u2019eau chaude&nbsp;; imbibez une \u00e9ponge, frottez, puis rincez.<br>Pour les taches de transpiration, saupoudrez de terre de Sommi\u00e8res (vendue en magasin bio ou bricolage) au fort pouvoir d\u00e9tachant et d\u00e9graissant. Laissez agir quelques heures, brossez, puis aspirez le lendemain. Rincez \u00e0 l\u2019eau, si besoin.<br>Pour les taches d\u2019humidit\u00e9, confectionnez une p\u00e2te en m\u00e9langeant 30 g de savon r\u00e2p\u00e9, 30 g d\u2019amidon, 15 g de sel fin et le jus d\u2019un citron. Recouvrez la tache avec cette p\u00e2te et laissez agir une heure, voire deux. Retirez la p\u00e2te et aspirez. Rincez \u00e0 l\u2019eau claire, si besoin.<br>Pour les taches d\u2019alcool ou de boissons, utilisez du savon de Marseille \u00e0 sec. Laissez agir quelques heures, puis rincez.<br>Quant aux taches d\u2019encre ou de stylo, vous en viendrez \u00e0 bout avec du jus de citron.<\/p>\n\n\n\n<h3 class=\"wp-block-heading\" id=\"enlever-une-tache-d-urine-sur-un-matelas\">Enlever une tache d\u2019urine sur un matelas<\/h3>\n\n\n\n<p>Un classique, surtout si vous avez des enfants en bas \u00e2ge, d\u2019o\u00f9 l\u2019importance d\u2019avoir une bonne al\u00e8ze. En cas de pipi au lit, agissez d\u00e8s que possible en utilisant la m\u00eame m\u00e9thode que pour \u00e9liminer les acariens&nbsp;: bicarbonate de soude et huile essentielle d\u2019arbre \u00e0 th\u00e9.<\/p>\n\n\n\n<h3 class=\"wp-block-heading\" id=\"enlever-une-tache-de-sang-sur-un-matelas\">Enlever une tache de sang sur un matelas<\/h3>\n\n\n\n<p><strong>A savoir&nbsp;<\/strong>: on n\u2019utilise jamais de l\u2019eau chaude pour faire dispara\u00eetre une tache de sang, car cela aurait l\u2019effet inverse que celui escompt\u00e9. On utilise toujours de l\u2019eau froide.<br>Commencez par tamponner la tache avec du papier absorbant pour \u00e9viter qu\u2019elle ne se propage, puis utilisez du vinaire blanc, rincez \u00e0 l\u2019eau claire.<br><strong>Variante<\/strong>&nbsp;: laisser fondre un gla\u00e7on sur la tache, puis frottez au vinaigre blanc, avant de rincer avec un linge propre.<\/p>\n\n\n\n<h3 class=\"wp-block-heading\" id=\"les-5-regles-d-or-pour-entretenir-sa-literie\">Les 5 r\u00e8gles d\u2019or pour entretenir sa literie<\/h3>\n\n\n\n<p>1) Toujours prot\u00e9ger son matelas avec une al\u00e8ze<br>&nbsp;2) A\u00e9rer quotidiennement sa chambre en laissant le lit d\u00e9fait quelques minutes pour \u00e9viter la prolif\u00e9ration des acariens<br>&nbsp;3) D\u00e9sinfecter une fois par mois le matelas et les&nbsp;oreillers<br>&nbsp;4) Changer r\u00e9guli\u00e8rement les draps<br>&nbsp;5) Veiller \u00e0 ce que le matelas ne soit pas humide pour \u00e9viter les moisissures.&nbsp;<\/p>\n\n\n\n<figure class=\"wp-block-image\"><a href=\"https:\/\/www.doctissimo.fr\/equipe\/auteurs\/marianne-morizot\" target=\"_blank\" rel=\"noreferrer noopener\"><img decoding=\"async\" src=\"https:\/\/resize.prod.docfr.doc-media.fr\/r\/90,90,center-middle,ffffff,smartcrop\/img\/var\/doctissimo\/storage\/images\/fr\/www\/equipe\/auteurs\/marianne-morizot\/4304792-2-fre-FR\/marianne-morizot.jpg\" alt=\"Marianne Morizot journaliste\"\/><\/a><\/figure>\n\n\n\n<p>Ecrit par:<\/p>\n\n\n\n<p><a href=\"https:\/\/www.doctissimo.fr\/equipe\/auteurs\/marianne-morizot\" target=\"_blank\" rel=\"noreferrer noopener\">Marianne Morizot<\/a><\/p>\n\n\n\n<p><a href=\"https:\/\/www.doctissimo.fr\/equipe\/auteurs\/marianne-morizot\" target=\"_blank\" rel=\"noreferrer noopener\">Journaliste sp\u00e9cialis\u00e9e en tourisme\/gastronomie\/bien-\u00eatre\/parental<\/a><\/p>\n","protected":false},"excerpt":{"rendered":"<p>Entretenir r\u00e9guli\u00e8rement son matelas Pour conserver une&nbsp;literie&nbsp;saine, il est essentiel de proc\u00e9der \u00e0 un nettoyage classique, une fois par mois. Commencez par aspirer votre matelas pour vous d\u00e9barrasser des cheveux et autres bact\u00e9ries. Puis, versez dans une bassine de l\u2019eau chaude m\u00e9lang\u00e9e \u00e0 du savon noir ou simplement du vinaigre blanc. Imbibez une \u00e9ponge et [&#8230;]\n","protected":false},"author":1,"featured_media":514,"parent":0,"menu_order":0,"comment_status":"closed","ping_status":"closed","template":"","meta":{"footnotes":""},"class_list":["post-119","page","type-page","status-publish","has-post-thumbnail","hentry"],"yoast_head":"<!-- This site is optimized with the Yoast SEO plugin v27.5 - https:\/\/yoast.com\/product\/yoast-seo-wordpress\/ -->\n<title>Trucs &amp; Astuces - abidjan confort<\/title>\n<meta name=\"description\" content=\"Il est important de bien entretenir son matelas, nous vous donnons quelques id\u00e9es pour enlever les t\u00e2ches sur votre matelas.\" \/>\n<meta name=\"robots\" content=\"index, follow, max-snippet:-1, max-image-preview:large, max-video-preview:-1\" \/>\n<link rel=\"canonical\" href=\"https:\/\/abidjanconfort.com\/?page_id=119\" \/>\n<meta property=\"og:locale\" content=\"fr_FR\" \/>\n<meta property=\"og:type\" content=\"article\" \/>\n<meta property=\"og:title\" content=\"Trucs &amp; Astuces - abidjan confort\" \/>\n<meta property=\"og:description\" content=\"Il est important de bien entretenir son matelas, nous vous donnons quelques id\u00e9es pour enlever les t\u00e2ches sur votre matelas.\" \/>\n<meta property=\"og:url\" content=\"https:\/\/abidjanconfort.com\/?page_id=119\" \/>\n<meta property=\"og:site_name\" content=\"abidjan confort\" \/>\n<meta property=\"article:modified_time\" content=\"2020-03-27T15:49:31+00:00\" \/>\n<meta property=\"og:image\" content=\"https:\/\/abidjanconfort.com\/wp-content\/uploads\/2013\/08\/couette-2.jpg\" \/>\n\t<meta property=\"og:image:width\" content=\"225\" \/>\n\t<meta property=\"og:image:height\" content=\"225\" \/>\n\t<meta property=\"og:image:type\" content=\"image\/jpeg\" \/>\n<meta name=\"twitter:label1\" content=\"Dur\u00e9e de lecture estim\u00e9e\" \/>\n\t<meta name=\"twitter:data1\" content=\"3 minutes\" \/>\n<script type=\"application\/ld+json\" class=\"yoast-schema-graph\">{\"@context\":\"https:\\\/\\\/schema.org\",\"@graph\":[{\"@type\":\"WebPage\",\"@id\":\"https:\\\/\\\/abidjanconfort.com\\\/?page_id=119\",\"url\":\"https:\\\/\\\/abidjanconfort.com\\\/?page_id=119\",\"name\":\"Trucs & Astuces - abidjan confort\",\"isPartOf\":{\"@id\":\"https:\\\/\\\/abidjanconfort.com\\\/#website\"},\"primaryImageOfPage\":{\"@id\":\"https:\\\/\\\/abidjanconfort.com\\\/?page_id=119#primaryimage\"},\"image\":{\"@id\":\"https:\\\/\\\/abidjanconfort.com\\\/?page_id=119#primaryimage\"},\"thumbnailUrl\":\"https:\\\/\\\/abidjanconfort.com\\\/wp-content\\\/uploads\\\/2013\\\/08\\\/couette-2.jpg\",\"datePublished\":\"2013-08-11T19:06:15+00:00\",\"dateModified\":\"2020-03-27T15:49:31+00:00\",\"description\":\"Il est important de bien entretenir son matelas, nous vous donnons quelques id\u00e9es pour enlever les t\u00e2ches sur votre matelas.\",\"breadcrumb\":{\"@id\":\"https:\\\/\\\/abidjanconfort.com\\\/?page_id=119#breadcrumb\"},\"inLanguage\":\"fr-FR\",\"potentialAction\":[{\"@type\":\"ReadAction\",\"target\":[\"https:\\\/\\\/abidjanconfort.com\\\/?page_id=119\"]}]},{\"@type\":\"ImageObject\",\"inLanguage\":\"fr-FR\",\"@id\":\"https:\\\/\\\/abidjanconfort.com\\\/?page_id=119#primaryimage\",\"url\":\"https:\\\/\\\/abidjanconfort.com\\\/wp-content\\\/uploads\\\/2013\\\/08\\\/couette-2.jpg\",\"contentUrl\":\"https:\\\/\\\/abidjanconfort.com\\\/wp-content\\\/uploads\\\/2013\\\/08\\\/couette-2.jpg\",\"width\":225,\"height\":225,\"caption\":\"Matelas\"},{\"@type\":\"BreadcrumbList\",\"@id\":\"https:\\\/\\\/abidjanconfort.com\\\/?page_id=119#breadcrumb\",\"itemListElement\":[{\"@type\":\"ListItem\",\"position\":1,\"name\":\"Accueil\",\"item\":\"https:\\\/\\\/abidjanconfort.com\\\/\"},{\"@type\":\"ListItem\",\"position\":2,\"name\":\"Trucs &#038; Astuces\"}]},{\"@type\":\"WebSite\",\"@id\":\"https:\\\/\\\/abidjanconfort.com\\\/#website\",\"url\":\"https:\\\/\\\/abidjanconfort.com\\\/\",\"name\":\"EMMA MATELAS\",\"description\":\"\",\"publisher\":{\"@id\":\"https:\\\/\\\/abidjanconfort.com\\\/#organization\"},\"potentialAction\":[{\"@type\":\"SearchAction\",\"target\":{\"@type\":\"EntryPoint\",\"urlTemplate\":\"https:\\\/\\\/abidjanconfort.com\\\/?s={search_term_string}\"},\"query-input\":{\"@type\":\"PropertyValueSpecification\",\"valueRequired\":true,\"valueName\":\"search_term_string\"}}],\"inLanguage\":\"fr-FR\"},{\"@type\":\"Organization\",\"@id\":\"https:\\\/\\\/abidjanconfort.com\\\/#organization\",\"name\":\"EMMA MATELAS\",\"url\":\"https:\\\/\\\/abidjanconfort.com\\\/\",\"logo\":{\"@type\":\"ImageObject\",\"inLanguage\":\"fr-FR\",\"@id\":\"https:\\\/\\\/abidjanconfort.com\\\/#\\\/schema\\\/logo\\\/image\\\/\",\"url\":\"https:\\\/\\\/abidjanconfort.com\\\/wp-content\\\/uploads\\\/2014\\\/08\\\/cropped-soft-1.jpg\",\"contentUrl\":\"https:\\\/\\\/abidjanconfort.com\\\/wp-content\\\/uploads\\\/2014\\\/08\\\/cropped-soft-1.jpg\",\"width\":512,\"height\":512,\"caption\":\"EMMA MATELAS\"},\"image\":{\"@id\":\"https:\\\/\\\/abidjanconfort.com\\\/#\\\/schema\\\/logo\\\/image\\\/\"}}]}<\/script>\n<!-- \/ Yoast SEO plugin. -->","yoast_head_json":{"title":"Trucs & Astuces - abidjan confort","description":"Il est important de bien entretenir son matelas, nous vous donnons quelques id\u00e9es pour enlever les t\u00e2ches sur votre matelas.","robots":{"index":"index","follow":"follow","max-snippet":"max-snippet:-1","max-image-preview":"max-image-preview:large","max-video-preview":"max-video-preview:-1"},"canonical":"https:\/\/abidjanconfort.com\/?page_id=119","og_locale":"fr_FR","og_type":"article","og_title":"Trucs & Astuces - abidjan confort","og_description":"Il est important de bien entretenir son matelas, nous vous donnons quelques id\u00e9es pour enlever les t\u00e2ches sur votre matelas.","og_url":"https:\/\/abidjanconfort.com\/?page_id=119","og_site_name":"abidjan confort","article_modified_time":"2020-03-27T15:49:31+00:00","og_image":[{"width":225,"height":225,"url":"https:\/\/abidjanconfort.com\/wp-content\/uploads\/2013\/08\/couette-2.jpg","type":"image\/jpeg"}],"twitter_misc":{"Dur\u00e9e de lecture estim\u00e9e":"3 minutes"},"schema":{"@context":"https:\/\/schema.org","@graph":[{"@type":"WebPage","@id":"https:\/\/abidjanconfort.com\/?page_id=119","url":"https:\/\/abidjanconfort.com\/?page_id=119","name":"Trucs & Astuces - abidjan confort","isPartOf":{"@id":"https:\/\/abidjanconfort.com\/#website"},"primaryImageOfPage":{"@id":"https:\/\/abidjanconfort.com\/?page_id=119#primaryimage"},"image":{"@id":"https:\/\/abidjanconfort.com\/?page_id=119#primaryimage"},"thumbnailUrl":"https:\/\/abidjanconfort.com\/wp-content\/uploads\/2013\/08\/couette-2.jpg","datePublished":"2013-08-11T19:06:15+00:00","dateModified":"2020-03-27T15:49:31+00:00","description":"Il est important de bien entretenir son matelas, nous vous donnons quelques id\u00e9es pour enlever les t\u00e2ches sur votre matelas.","breadcrumb":{"@id":"https:\/\/abidjanconfort.com\/?page_id=119#breadcrumb"},"inLanguage":"fr-FR","potentialAction":[{"@type":"ReadAction","target":["https:\/\/abidjanconfort.com\/?page_id=119"]}]},{"@type":"ImageObject","inLanguage":"fr-FR","@id":"https:\/\/abidjanconfort.com\/?page_id=119#primaryimage","url":"https:\/\/abidjanconfort.com\/wp-content\/uploads\/2013\/08\/couette-2.jpg","contentUrl":"https:\/\/abidjanconfort.com\/wp-content\/uploads\/2013\/08\/couette-2.jpg","width":225,"height":225,"caption":"Matelas"},{"@type":"BreadcrumbList","@id":"https:\/\/abidjanconfort.com\/?page_id=119#breadcrumb","itemListElement":[{"@type":"ListItem","position":1,"name":"Accueil","item":"https:\/\/abidjanconfort.com\/"},{"@type":"ListItem","position":2,"name":"Trucs &#038; Astuces"}]},{"@type":"WebSite","@id":"https:\/\/abidjanconfort.com\/#website","url":"https:\/\/abidjanconfort.com\/","name":"EMMA MATELAS","description":"","publisher":{"@id":"https:\/\/abidjanconfort.com\/#organization"},"potentialAction":[{"@type":"SearchAction","target":{"@type":"EntryPoint","urlTemplate":"https:\/\/abidjanconfort.com\/?s={search_term_string}"},"query-input":{"@type":"PropertyValueSpecification","valueRequired":true,"valueName":"search_term_string"}}],"inLanguage":"fr-FR"},{"@type":"Organization","@id":"https:\/\/abidjanconfort.com\/#organization","name":"EMMA MATELAS","url":"https:\/\/abidjanconfort.com\/","logo":{"@type":"ImageObject","inLanguage":"fr-FR","@id":"https:\/\/abidjanconfort.com\/#\/schema\/logo\/image\/","url":"https:\/\/abidjanconfort.com\/wp-content\/uploads\/2014\/08\/cropped-soft-1.jpg","contentUrl":"https:\/\/abidjanconfort.com\/wp-content\/uploads\/2014\/08\/cropped-soft-1.jpg","width":512,"height":512,"caption":"EMMA MATELAS"},"image":{"@id":"https:\/\/abidjanconfort.com\/#\/schema\/logo\/image\/"}}]}},"_links":{"self":[{"href":"https:\/\/abidjanconfort.com\/index.php?rest_route=\/wp\/v2\/pages\/119","targetHints":{"allow":["GET"]}}],"collection":[{"href":"https:\/\/abidjanconfort.com\/index.php?rest_route=\/wp\/v2\/pages"}],"about":[{"href":"https:\/\/abidjanconfort.com\/index.php?rest_route=\/wp\/v2\/types\/page"}],"author":[{"embeddable":true,"href":"https:\/\/abidjanconfort.com\/index.php?rest_route=\/wp\/v2\/users\/1"}],"replies":[{"embeddable":true,"href":"https:\/\/abidjanconfort.com\/index.php?rest_route=%2Fwp%2Fv2%2Fcomments&post=119"}],"version-history":[{"count":10,"href":"https:\/\/abidjanconfort.com\/index.php?rest_route=\/wp\/v2\/pages\/119\/revisions"}],"predecessor-version":[{"id":641,"href":"https:\/\/abidjanconfort.com\/index.php?rest_route=\/wp\/v2\/pages\/119\/revisions\/641"}],"wp:featuredmedia":[{"embeddable":true,"href":"https:\/\/abidjanconfort.com\/index.php?rest_route=\/wp\/v2\/media\/514"}],"wp:attachment":[{"href":"https:\/\/abidjanconfort.com\/index.php?rest_route=%2Fwp%2Fv2%2Fmedia&parent=119"}],"curies":[{"name":"wp","href":"https:\/\/api.w.org\/{rel}","templated":true}]}}